{"id":93,"date":"2025-01-16T17:59:49","date_gmt":"2025-01-16T17:59:49","guid":{"rendered":"https:\/\/policlinica-baiamare.ro\/farmacie\/?post_type=product&#038;p=93"},"modified":"2025-11-18T12:26:08","modified_gmt":"2025-11-18T12:26:08","slug":"cardio-a","status":"publish","type":"product","link":"https:\/\/policlinica-baiamare.ro\/farmacie\/produs\/cardio-a\/","title":{"rendered":"Cardio A"},"content":{"rendered":"<p class=\"text-body font-regular leading-[24px] pt-[9px] pb-[2px]\" dir=\"ltr\">Cardio A este un supliment alimentar creat special pentru a sus\u021bine s\u0103n\u0103tatea inimii \u0219i a sistemului cardiovascular. Acesta nu este doar un supliment, ci un partener de \u00eencredere pentru cei care doresc s\u0103 aib\u0103 grij\u0103 de inima lor \u00eentr-un mod natural. Cardio A contribuie nu doar la \u00eent\u0103rirea vaselor de s\u00e2nge, dar \u0219i la diluarea s\u00e2ngelui \u0219i prevenirea form\u0103rii cheagurilor. \u00cen plus, ajut\u0103 la protejarea inimii \u0219i a \u021besutului cardiovascular \u00eempotriva daunelor zilnice.<\/p>\n<h2 class=\"font-bold text-h3 leading-[40px] pt-[21px] pb-[2px] [&amp;_a]:underline-offset-[6px] [&amp;_.underline]:underline-offset-[6px]\" dir=\"ltr\">Cum func\u021bioneaz\u0103?<\/h2>\n<p class=\"text-body font-regular leading-[24px] pt-[9px] pb-[2px]\" dir=\"ltr\">Combina\u021bia unic\u0103 de ingrediente active din Cardio A ac\u021bioneaz\u0103 sinergic pentru a sprijini s\u0103n\u0103tatea cardiovascular\u0103. Formulat cu extracte naturale \u0219i vitamine, suplimentul contribuie la:<\/p>\n<ul class=\"pt-[9px] pb-[2px] pl-[24px] list-disc [&amp;_ul]:pt-[5px] pt-[5px]\">\n<li class=\"text-body font-regular leading-[24px] my-[5px] [&amp;&gt;ol]:!pt-0 [&amp;&gt;ol]:!pb-0 [&amp;&gt;ul]:!pt-0 [&amp;&gt;ul]:!pb-0\" value=\"1\">Relaxarea sistemului nervos, reduc\u00e2nd stresul care poate afecta inima.<\/li>\n<li class=\"text-body font-regular leading-[24px] my-[5px] [&amp;&gt;ol]:!pt-0 [&amp;&gt;ol]:!pb-0 [&amp;&gt;ul]:!pt-0 [&amp;&gt;ul]:!pb-0\" value=\"2\">\u00cembun\u0103t\u0103\u021birea fluxului sanguin \u0219i reducerea tensiunii arteriale.<\/li>\n<li class=\"text-body font-regular leading-[24px] my-[5px] [&amp;&gt;ol]:!pt-0 [&amp;&gt;ol]:!pb-0 [&amp;&gt;ul]:!pt-0 [&amp;&gt;ul]:!pb-0\" value=\"3\">Protejarea inimii \u00eempotriva radicalilor liberi \u0219i a altor factori oxidativi.<\/li>\n<\/ul>\n<h2 class=\"font-bold text-h3 leading-[40px] pt-[21px] pb-[2px] [&amp;_a]:underline-offset-[6px] [&amp;_.underline]:underline-offset-[6px]\" dir=\"ltr\">Ingrediente (substan\u021be active)<\/h2>\n<p class=\"text-body font-regular leading-[24px] pt-[9px] pb-[2px]\" dir=\"ltr\">Cardio A con\u021bine o formul\u0103 complex\u0103 bazat\u0103 pe extracte naturale \u0219i vitamine esen\u021biale:<\/p>\n<ul class=\"pt-[9px] pb-[2px] pl-[24px] list-disc [&amp;_ul]:pt-[5px] pt-[5px]\">\n<li class=\"text-body font-regular leading-[24px] my-[5px] [&amp;&gt;ol]:!pt-0 [&amp;&gt;ol]:!pb-0 [&amp;&gt;ul]:!pt-0 [&amp;&gt;ul]:!pb-0\" value=\"1\"><b><strong class=\"font-bold\">Extract de r\u0103d\u0103cin\u0103 de valerian\u0103 (Valeriana officinalis)<\/strong><\/b> 4:1 \u2013 Cunoscut pentru efectele sale calmante, valeriana ajut\u0103 la reducerea stresului \u0219i sus\u021bine relaxarea general\u0103.<\/li>\n<li class=\"text-body font-regular leading-[24px] my-[5px] [&amp;&gt;ol]:!pt-0 [&amp;&gt;ol]:!pb-0 [&amp;&gt;ul]:!pt-0 [&amp;&gt;ul]:!pb-0\" value=\"2\"><b><strong class=\"font-bold\">Extract de frunz\u0103 \u0219i floare de p\u0103ducel (Crataegus monogyna)<\/strong><\/b> 4:1 \u2013 P\u0103ducelul este recunoscut pentru propriet\u0103\u021bile sale de a sprijini s\u0103n\u0103tatea inimii \u0219i circula\u021bia s\u00e2ngelui.<\/li>\n<li class=\"text-body font-regular leading-[24px] my-[5px] [&amp;&gt;ol]:!pt-0 [&amp;&gt;ol]:!pb-0 [&amp;&gt;ul]:!pt-0 [&amp;&gt;ul]:!pb-0\" value=\"3\"><b><strong class=\"font-bold\">Extract de bulb de usturoi (Allium sativum)<\/strong><\/b> cu 1% alicin\u0103 \u2013 Usturoiul este renumit pentru efectele sale benefice asupra tensiunii arteriale \u0219i colesterolului.<\/li>\n<li class=\"text-body font-regular leading-[24px] my-[5px] [&amp;&gt;ol]:!pt-0 [&amp;&gt;ol]:!pb-0 [&amp;&gt;ul]:!pt-0 [&amp;&gt;ul]:!pb-0\" value=\"4\"><b><strong class=\"font-bold\">Extract de frunz\u0103 de ginkgo (Ginkgo Biloba L.)<\/strong><\/b> 4:1 \u2013 Ginkgo Biloba \u00eembun\u0103t\u0103\u021be\u0219te circula\u021bia, sus\u021bine memoria \u0219i ajut\u0103 la prevenirea cheagurilor.<\/li>\n<li class=\"text-body font-regular leading-[24px] my-[5px] [&amp;&gt;ol]:!pt-0 [&amp;&gt;ol]:!pb-0 [&amp;&gt;ul]:!pt-0 [&amp;&gt;ul]:!pb-0\" value=\"5\"><b><strong class=\"font-bold\">Extract de frunz\u0103 de urzic\u0103 (Urtica dioica)<\/strong><\/b> 4:1 \u2013 Urzica este bogat\u0103 \u00een nutrien\u021bi \u0219i sus\u021bine detoxifierea corpului.<\/li>\n<li class=\"text-body font-regular leading-[24px] my-[5px] [&amp;&gt;ol]:!pt-0 [&amp;&gt;ol]:!pb-0 [&amp;&gt;ul]:!pt-0 [&amp;&gt;ul]:!pb-0\" value=\"6\"><b><strong class=\"font-bold\">Vitamina B6<\/strong><\/b> (piridoxin\u0103 hidroclorid) \u2013 Contribuie la metabolismul normal al proteinelor \u0219i la func\u021bionarea sistemului nervos.<\/li>\n<li class=\"text-body font-regular leading-[24px] my-[5px] [&amp;&gt;ol]:!pt-0 [&amp;&gt;ol]:!pb-0 [&amp;&gt;ul]:!pt-0 [&amp;&gt;ul]:!pb-0\" value=\"7\"><b><strong class=\"font-bold\">Vitamina B1<\/strong><\/b> (tiamin hidroclorid) \u2013 Esen\u021bial\u0103 pentru o bun\u0103 func\u021bionare a inimii.<\/li>\n<li class=\"text-body font-regular leading-[24px] my-[5px] [&amp;&gt;ol]:!pt-0 [&amp;&gt;ol]:!pb-0 [&amp;&gt;ul]:!pt-0 [&amp;&gt;ul]:!pb-0\" value=\"8\"><b><strong class=\"font-bold\">Vitamina C<\/strong><\/b> (L-ascorbic acid) \u2013 Un antioxidant puternic care protejeaz\u0103 celulele \u00eempotriva stresului oxidativ.<\/li>\n<li class=\"text-body font-regular leading-[24px] my-[5px] [&amp;&gt;ol]:!pt-0 [&amp;&gt;ol]:!pb-0 [&amp;&gt;ul]:!pt-0 [&amp;&gt;ul]:!pb-0\" value=\"9\"><b><strong class=\"font-bold\">Astaxantina (Haematococcus pluvialis)<\/strong><\/b> \u22652% \u2013 O substan\u021b\u0103 natural\u0103 cu efecte antioxidante remarcabile.<\/li>\n<li class=\"text-body font-regular leading-[24px] my-[5px] [&amp;&gt;ol]:!pt-0 [&amp;&gt;ol]:!pb-0 [&amp;&gt;ul]:!pt-0 [&amp;&gt;ul]:!pb-0\" value=\"10\"><b><strong class=\"font-bold\">Vitamina E<\/strong><\/b> (DL-alfa tocoferil acetat) \u2013 Ajut\u0103 la protejarea celulelor \u00eempotriva deterior\u0103rii oxidative.<\/li>\n<\/ul>\n<h2 class=\"font-bold text-h3 leading-[40px] pt-[21px] pb-[2px] [&amp;_a]:underline-offset-[6px] [&amp;_.underline]:underline-offset-[6px]\" dir=\"ltr\">Efecte \u0219i beneficii<\/h2>\n<p class=\"text-body font-regular leading-[24px] pt-[9px] pb-[2px]\" dir=\"ltr\">Cardio A vine cu o serie de beneficii care \u00eel fac un supliment de \u00eencredere:<\/p>\n<ul class=\"pt-[9px] pb-[2px] pl-[24px] list-disc [&amp;_ul]:pt-[5px] pt-[5px]\">\n<li class=\"text-body font-regular leading-[24px] my-[5px] [&amp;&gt;ol]:!pt-0 [&amp;&gt;ol]:!pb-0 [&amp;&gt;ul]:!pt-0 [&amp;&gt;ul]:!pb-0\" value=\"1\"><b><strong class=\"font-bold\">Sus\u021bine s\u0103n\u0103tatea inimii.<\/strong><\/b><\/li>\n<li class=\"text-body font-regular leading-[24px] my-[5px] [&amp;&gt;ol]:!pt-0 [&amp;&gt;ol]:!pb-0 [&amp;&gt;ul]:!pt-0 [&amp;&gt;ul]:!pb-0\" value=\"2\"><b><strong class=\"font-bold\">Reduce tensiunea arterial\u0103.<\/strong><\/b><\/li>\n<li class=\"text-body font-regular leading-[24px] my-[5px] [&amp;&gt;ol]:!pt-0 [&amp;&gt;ol]:!pb-0 [&amp;&gt;ul]:!pt-0 [&amp;&gt;ul]:!pb-0\" value=\"3\"><b><strong class=\"font-bold\">\u00cembun\u0103t\u0103\u021be\u0219te circula\u021bia s\u00e2ngelui.<\/strong><\/b><\/li>\n<li class=\"text-body font-regular leading-[24px] my-[5px] [&amp;&gt;ol]:!pt-0 [&amp;&gt;ol]:!pb-0 [&amp;&gt;ul]:!pt-0 [&amp;&gt;ul]:!pb-0\" value=\"4\"><b><strong class=\"font-bold\">Contribuie la relaxarea organismului \u0219i la reducerea stresului.<\/strong><\/b><\/li>\n<li class=\"text-body font-regular leading-[24px] my-[5px] [&amp;&gt;ol]:!pt-0 [&amp;&gt;ol]:!pb-0 [&amp;&gt;ul]:!pt-0 [&amp;&gt;ul]:!pb-0\" value=\"5\"><b><strong class=\"font-bold\">Ajut\u0103 la prevenirea cheagurilor de s\u00e2nge.<\/strong><\/b><\/li>\n<li class=\"text-body font-regular leading-[24px] my-[5px] [&amp;&gt;ol]:!pt-0 [&amp;&gt;ol]:!pb-0 [&amp;&gt;ul]:!pt-0 [&amp;&gt;ul]:!pb-0\" value=\"6\"><b><strong class=\"font-bold\">Ofer\u0103 un sprijin robust \u00eempotriva stresului oxidativ.<\/strong><\/b><\/li>\n<\/ul>\n<h2 class=\"font-bold text-h3 leading-[40px] pt-[21px] pb-[2px] [&amp;_a]:underline-offset-[6px] [&amp;_.underline]:underline-offset-[6px]\" dir=\"ltr\">Cardio A prospect, mod de utilizare<\/h2>\n<p class=\"text-body font-regular leading-[24px] pt-[9px] pb-[2px]\" dir=\"ltr\">Cardio A se administreaz\u0103 cu u\u0219urin\u021b\u0103. Tot ce trebuie s\u0103 faci este s\u0103 iei <b><strong class=\"font-bold\">1 capsul\u0103 pe zi<\/strong><\/b> cu un pahar mare de ap\u0103. Capsulele sunt concepute pentru a fi u\u0219or de \u00eenghi\u021bit \u0219i de asimilat, oferind o biodisponibilitate optim\u0103.<\/p>\n<h2 class=\"font-bold text-h3 leading-[40px] pt-[21px] pb-[2px] [&amp;_a]:underline-offset-[6px] [&amp;_.underline]:underline-offset-[6px]\" dir=\"ltr\">Opinia farmacistului<\/h2>\n<p class=\"text-body font-regular leading-[24px] pt-[9px] pb-[2px]\" dir=\"ltr\">Iat\u0103 ce spun c\u00e2\u021biva utilizatori din Rom\u00e2nia care au \u00eencercat Cardio A:<\/p>\n<ul class=\"pt-[9px] pb-[2px] pl-[24px] list-disc [&amp;_ul]:pt-[5px] pt-[5px]\">\n<li class=\"text-body font-regular leading-[24px] my-[5px] [&amp;&gt;ol]:!pt-0 [&amp;&gt;ol]:!pb-0 [&amp;&gt;ul]:!pt-0 [&amp;&gt;ul]:!pb-0\" value=\"1\"><b><strong class=\"font-bold\">Maria, Bucure\u0219ti:<\/strong><\/b> \u201eAm observat o diferen\u021b\u0103 clar\u0103 \u00een tensiunea mea arterial\u0103. M\u0103 simt mai energic\u0103 \u0219i mai calm\u0103 \u00een acela\u0219i timp.&#8221;<\/li>\n<li class=\"text-body font-regular leading-[24px] my-[5px] [&amp;&gt;ol]:!pt-0 [&amp;&gt;ol]:!pb-0 [&amp;&gt;ul]:!pt-0 [&amp;&gt;ul]:!pb-0\" value=\"2\"><b><strong class=\"font-bold\">Ion, Cluj:<\/strong><\/b> \u201eUn produs natural care chiar func\u021bioneaz\u0103. Am \u00eencredere \u00een el \u0219i \u00eel recomand tuturor.\u201d<\/li>\n<li class=\"text-body font-regular leading-[24px] my-[5px] [&amp;&gt;ol]:!pt-0 [&amp;&gt;ol]:!pb-0 [&amp;&gt;ul]:!pt-0 [&amp;&gt;ul]:!pb-0\" value=\"3\"><b><strong class=\"font-bold\">Raluca, Ia\u0219i:<\/strong><\/b> \u201eAm \u00eencercat multe suplimente, dar Cardio A este singurul care mi-a oferit rezultate vizibile. \u00cel voi comanda din nou!\u201d<\/li>\n<\/ul>\n<h2 class=\"font-bold text-h3 leading-[40px] pt-[21px] pb-[2px] [&amp;_a]:underline-offset-[6px] [&amp;_.underline]:underline-offset-[6px]\" dir=\"ltr\">De unde s\u0103 cumperi Cardio A din farmacie, pre\u021b?<\/h2>\n<p class=\"ds-markdown-paragraph\">Produsul Cardio A se poate comanda exclusiv de pe site-ul produc\u0103torului. Urmeaz\u0103 ace\u0219ti pa\u0219i simpli:<\/p>\n<p class=\"ds-markdown-paragraph\"><strong>Apas\u0103 pe butonul &#8222;Comand\u0103 de pe site-ul produc\u0103torului&#8221;.<\/strong><br \/>\nCompleteaz\u0103 datele \u00een formularul de comand\u0103.<br \/>\nAlege metoda de livrare \u0219i plat\u0103 dorit\u0103.<\/p>\n<p class=\"ds-markdown-paragraph\">Pre\u021bul actual: 159 RON.<\/p>\n<p class=\"ds-markdown-paragraph\">Promo\u021bie: 50% reducere p\u00e2n\u0103 la epuizarea stocurilor.<\/p>\n<p class=\"ds-markdown-paragraph\">Livrare rapid\u0103 \u00een 24-72 de ore folosind curierat sau Easybox.<\/p>\n<h2 class=\"font-bold text-h3 leading-[40px] pt-[21px] pb-[2px] [&amp;_a]:underline-offset-[6px] [&amp;_.underline]:underline-offset-[6px]\" dir=\"ltr\">\u00cel pot cump\u0103ra de la alte farmacii DM, Dr Max, Catena, Farmacia Tei?<\/h2>\n<p class=\"text-body font-regular leading-[24px] pt-[9px] pb-[2px]\" dir=\"ltr\">Cardio A nu este disponibil \u00een alte farmacii online din Rom\u00e2nia, precum Dr Max, Medifarm, Catena, Farmacia Tei, Sensiblu, Helpnet sau DM.\u00a0<strong>Produsul se poate comanda exclusiv de pe site-ul produc\u0103torului<\/strong>, datorit\u0103 parteneriatului direct cu ace\u0219tia.<\/p>\n<h2 class=\"font-bold text-h3 leading-[40px] pt-[21px] pb-[2px] [&amp;_a]:underline-offset-[6px] [&amp;_.underline]:underline-offset-[6px]\" dir=\"ltr\">Recenzii reale, comentarii, comentarii pe forum<\/h2>\n<p class=\"text-body font-regular leading-[24px] pt-[9px] pb-[2px]\" dir=\"ltr\">Cardio A adun\u0103 recenzii pozitive din partea clien\u021bilor satisf\u0103cu\u021bi. Pe forumuri, utilizatorii laud\u0103 efectele rapide \u0219i sigure ale produsului. R\u0103m\u00e2i conectat pentru a citi mai multe pove\u0219ti de succes!<\/p>\n<h2 class=\"font-bold text-h3 leading-[40px] pt-[21px] pb-[2px] [&amp;_a]:underline-offset-[6px] [&amp;_.underline]:underline-offset-[6px]\" dir=\"ltr\">\u00centreb\u0103ri frecvente<\/h2>\n<ol class=\"pt-[9px] pb-[2px] pl-[24px] [&amp;_ol]:pt-[5px] list-decimal\">\n<li class=\"text-body font-regular leading-[24px] my-[5px] [&amp;&gt;ol]:!pt-0 [&amp;&gt;ol]:!pb-0 [&amp;&gt;ul]:!pt-0 [&amp;&gt;ul]:!pb-0\" value=\"1\"><b><strong class=\"font-bold\">Cardio A are efecte secundare?<\/strong><\/b><\/li>\n<\/ol>\n<p class=\"text-body font-regular leading-[24px] pt-[9px] pb-[2px]\" dir=\"ltr\">Produsul este natural \u0219i, de obicei, bine tolerat de organism. Cu toate acestea, consult\u0103 medicul \u00eenainte de utilizare.<\/p>\n<ol class=\"pt-[9px] pb-[2px] pl-[24px] [&amp;_ol]:pt-[5px] list-decimal\" start=\"2\">\n<li class=\"text-body font-regular leading-[24px] my-[5px] [&amp;&gt;ol]:!pt-0 [&amp;&gt;ol]:!pb-0 [&amp;&gt;ul]:!pt-0 [&amp;&gt;ul]:!pb-0\" value=\"2\"><b><strong class=\"font-bold\">C\u00e2t timp dureaz\u0103 p\u00e2n\u0103 v\u0103d rezultate?<\/strong><\/b><\/li>\n<\/ol>\n<p class=\"text-body font-regular leading-[24px] pt-[9px] pb-[2px]\" dir=\"ltr\">Rezultatele pot varia, dar mul\u021bi utilizatori au raportat beneficii \u00een c\u00e2teva s\u0103pt\u0103m\u00e2ni de utilizare constant\u0103.<\/p>\n<ol class=\"pt-[9px] pb-[2px] pl-[24px] [&amp;_ol]:pt-[5px] list-decimal\" start=\"3\">\n<li class=\"text-body font-regular leading-[24px] my-[5px] [&amp;&gt;ol]:!pt-0 [&amp;&gt;ol]:!pb-0 [&amp;&gt;ul]:!pt-0 [&amp;&gt;ul]:!pb-0\" value=\"3\"><b><strong class=\"font-bold\">Care este termenul de valabilitate al produsului?<\/strong><\/b><\/li>\n<\/ol>\n<p class=\"text-body font-regular leading-[24px] pt-[9px] pb-[2px]\" dir=\"ltr\">Termenul de valabilitate este inscrip\u021bionat pe ambalaj, asigur\u00e2nd utilizarea produsului \u00een condi\u021bii optime.<\/p>\n","protected":false},"excerpt":{"rendered":"<p>Cardio A este un supliment alimentar creat special pentru a sus\u021bine s\u0103n\u0103tatea inimii \u0219i a sistemului cardiovascular. Acesta nu este [&hellip;]<\/p>\n","protected":false},"featured_media":94,"template":"","meta":{"site-sidebar-layout":"default","site-content-layout":"","ast-site-content-layout":"default","site-content-style":"default","site-sidebar-style":"default","ast-global-header-display":"","ast-banner-title-visibility":"","ast-main-header-display":"","ast-hfb-above-header-display":"","ast-hfb-below-header-display":"","ast-hfb-mobile-header-display":"","site-post-title":"","ast-breadcrumbs-content":"","ast-featured-img":"","footer-sml-layout":"","ast-disable-related-posts":"","theme-transparent-header-meta":"default","adv-header-id-meta":"","stick-header-meta":"","header-above-stick-meta":"","header-main-stick-meta":"","header-below-stick-meta":"","astra-migrate-meta-layouts":"set","ast-page-background-enabled":"default","ast-page-background-meta":{"desktop":{"background-color":"var(--ast-global-color-5)","background-image":"","background-repeat":"repeat","background-position":"center center","background-size":"auto","background-attachment":"scroll","background-type":"","background-media":"","overlay-type":"","overlay-color":"","overlay-opacity":"","overlay-gradient":""},"tablet":{"background-color":"","background-image":"","background-repeat":"repeat","background-position":"center center","background-size":"auto","background-attachment":"scroll","background-type":"","background-media":"","overlay-type":"","overlay-color":"","overlay-opacity":"","overlay-gradient":""},"mobile":{"background-color":"","background-image":"","background-repeat":"repeat","background-position":"center center","background-size":"auto","background-attachment":"scroll","background-type":"","background-media":"","overlay-type":"","overlay-color":"","overlay-opacity":"","overlay-gradient":""}},"ast-content-background-meta":{"desktop":{"background-color":"var(--ast-global-color-4)","background-image":"","background-repeat":"repeat","background-position":"center center","background-size":"auto","background-attachment":"scroll","background-type":"","background-media":"","overlay-type":"","overlay-color":"","overlay-opacity":"","overlay-gradient":""},"tablet":{"background-color":"var(--ast-global-color-4)","background-image":"","background-repeat":"repeat","background-position":"center center","background-size":"auto","background-attachment":"scroll","background-type":"","background-media":"","overlay-type":"","overlay-color":"","overlay-opacity":"","overlay-gradient":""},"mobile":{"background-color":"var(--ast-global-color-4)","background-image":"","background-repeat":"repeat","background-position":"center center","background-size":"auto","background-attachment":"scroll","background-type":"","background-media":"","overlay-type":"","overlay-color":"","overlay-opacity":"","overlay-gradient":""}},"iawp_total_views":523},"product_brand":[],"product_cat":[15],"product_tag":[],"class_list":{"0":"post-93","1":"product","2":"type-product","3":"status-publish","4":"has-post-thumbnail","6":"product_cat-sanatate","7":"desktop-align-left","8":"tablet-align-left","9":"mobile-align-left","11":"first","12":"instock","13":"sale","14":"shipping-taxable","15":"product-type-external"},"yoast_head":"<!-- This site is optimized with the Yoast SEO plugin v27.6 - https:\/\/yoast.com\/product\/yoast-seo-wordpress\/ -->\n<title>Cardio A - Suplimente Naturale<\/title>\n<meta name=\"description\" content=\"Carido A - Cump\u0103ra\u021bi \u00eentr-o farmacie, pre\u021b, compozi\u021bie, efecte, informa\u021bii, opinii \u0219i comentarii reale, chiar func\u021bioneaz\u0103 sau este o \u00een\u0219el\u0103torie\u2753\" \/>\n<meta name=\"robots\" content=\"index, follow, max-snippet:-1, max-image-preview:large, max-video-preview:-1\" \/>\n<link rel=\"canonical\" href=\"https:\/\/policlinica-baiamare.ro\/farmacie\/produs\/cardio-a\/\" \/>\n<meta property=\"og:locale\" content=\"ro_RO\" \/>\n<meta property=\"og:type\" content=\"article\" \/>\n<meta property=\"og:title\" content=\"Cardio A - Suplimente Naturale\" \/>\n<meta property=\"og:description\" content=\"Carido A - Cump\u0103ra\u021bi \u00eentr-o farmacie, pre\u021b, compozi\u021bie, efecte, informa\u021bii, opinii \u0219i comentarii reale, chiar func\u021bioneaz\u0103 sau este o \u00een\u0219el\u0103torie\u2753\" \/>\n<meta property=\"og:url\" content=\"https:\/\/policlinica-baiamare.ro\/farmacie\/produs\/cardio-a\/\" \/>\n<meta property=\"og:site_name\" content=\"Suplimente Naturale\" \/>\n<meta property=\"article:modified_time\" content=\"2025-11-18T12:26:08+00:00\" \/>\n<meta property=\"og:image\" content=\"https:\/\/policlinica-baiamare.ro\/farmacie\/wp-content\/uploads\/2025\/01\/cardio-a.jpg\" \/>\n\t<meta property=\"og:image:width\" content=\"230\" \/>\n\t<meta property=\"og:image:height\" content=\"350\" \/>\n\t<meta property=\"og:image:type\" content=\"image\/jpeg\" \/>\n<meta name=\"twitter:card\" content=\"summary_large_image\" \/>\n<meta name=\"twitter:label1\" content=\"Timp estimat pentru citire\" \/>\n\t<meta name=\"twitter:data1\" content=\"5 minute\" \/>\n<script type=\"application\/ld+json\" class=\"yoast-schema-graph\">{\"@context\":\"https:\\\/\\\/schema.org\",\"@graph\":[{\"@type\":\"WebPage\",\"@id\":\"https:\\\/\\\/policlinica-baiamare.ro\\\/farmacie\\\/produs\\\/cardio-a\\\/\",\"url\":\"https:\\\/\\\/policlinica-baiamare.ro\\\/farmacie\\\/produs\\\/cardio-a\\\/\",\"name\":\"Cardio A - Suplimente Naturale\",\"isPartOf\":{\"@id\":\"https:\\\/\\\/policlinica-baiamare.ro\\\/farmacie\\\/#website\"},\"primaryImageOfPage\":{\"@id\":\"https:\\\/\\\/policlinica-baiamare.ro\\\/farmacie\\\/produs\\\/cardio-a\\\/#primaryimage\"},\"image\":{\"@id\":\"https:\\\/\\\/policlinica-baiamare.ro\\\/farmacie\\\/produs\\\/cardio-a\\\/#primaryimage\"},\"thumbnailUrl\":\"https:\\\/\\\/policlinica-baiamare.ro\\\/farmacie\\\/wp-content\\\/uploads\\\/2025\\\/01\\\/cardio-a.jpg\",\"datePublished\":\"2025-01-16T17:59:49+00:00\",\"dateModified\":\"2025-11-18T12:26:08+00:00\",\"description\":\"Carido A - Cump\u0103ra\u021bi \u00eentr-o farmacie, pre\u021b, compozi\u021bie, efecte, informa\u021bii, opinii \u0219i comentarii reale, chiar func\u021bioneaz\u0103 sau este o \u00een\u0219el\u0103torie\u2753\",\"breadcrumb\":{\"@id\":\"https:\\\/\\\/policlinica-baiamare.ro\\\/farmacie\\\/produs\\\/cardio-a\\\/#breadcrumb\"},\"inLanguage\":\"ro-RO\",\"potentialAction\":[{\"@type\":\"ReadAction\",\"target\":[\"https:\\\/\\\/policlinica-baiamare.ro\\\/farmacie\\\/produs\\\/cardio-a\\\/\"]}]},{\"@type\":\"ImageObject\",\"inLanguage\":\"ro-RO\",\"@id\":\"https:\\\/\\\/policlinica-baiamare.ro\\\/farmacie\\\/produs\\\/cardio-a\\\/#primaryimage\",\"url\":\"https:\\\/\\\/policlinica-baiamare.ro\\\/farmacie\\\/wp-content\\\/uploads\\\/2025\\\/01\\\/cardio-a.jpg\",\"contentUrl\":\"https:\\\/\\\/policlinica-baiamare.ro\\\/farmacie\\\/wp-content\\\/uploads\\\/2025\\\/01\\\/cardio-a.jpg\",\"width\":230,\"height\":350,\"caption\":\"cardio a\"},{\"@type\":\"BreadcrumbList\",\"@id\":\"https:\\\/\\\/policlinica-baiamare.ro\\\/farmacie\\\/produs\\\/cardio-a\\\/#breadcrumb\",\"itemListElement\":[{\"@type\":\"ListItem\",\"position\":1,\"name\":\"Prima pagin\u0103\",\"item\":\"https:\\\/\\\/policlinica-baiamare.ro\\\/farmacie\\\/\"},{\"@type\":\"ListItem\",\"position\":2,\"name\":\"Produse\",\"item\":\"https:\\\/\\\/policlinica-baiamare.ro\\\/farmacie\\\/\"},{\"@type\":\"ListItem\",\"position\":3,\"name\":\"Cardio A\"}]},{\"@type\":\"WebSite\",\"@id\":\"https:\\\/\\\/policlinica-baiamare.ro\\\/farmacie\\\/#website\",\"url\":\"https:\\\/\\\/policlinica-baiamare.ro\\\/farmacie\\\/\",\"name\":\"Suplimente Naturale\",\"description\":\"\",\"potentialAction\":[{\"@type\":\"SearchAction\",\"target\":{\"@type\":\"EntryPoint\",\"urlTemplate\":\"https:\\\/\\\/policlinica-baiamare.ro\\\/farmacie\\\/?s={search_term_string}\"},\"query-input\":{\"@type\":\"PropertyValueSpecification\",\"valueRequired\":true,\"valueName\":\"search_term_string\"}}],\"inLanguage\":\"ro-RO\"}]}<\/script>\n<!-- \/ Yoast SEO plugin. -->","yoast_head_json":{"title":"Cardio A - Suplimente Naturale","description":"Carido A - Cump\u0103ra\u021bi \u00eentr-o farmacie, pre\u021b, compozi\u021bie, efecte, informa\u021bii, opinii \u0219i comentarii reale, chiar func\u021bioneaz\u0103 sau este o \u00een\u0219el\u0103torie\u2753","robots":{"index":"index","follow":"follow","max-snippet":"max-snippet:-1","max-image-preview":"max-image-preview:large","max-video-preview":"max-video-preview:-1"},"canonical":"https:\/\/policlinica-baiamare.ro\/farmacie\/produs\/cardio-a\/","og_locale":"ro_RO","og_type":"article","og_title":"Cardio A - Suplimente Naturale","og_description":"Carido A - Cump\u0103ra\u021bi \u00eentr-o farmacie, pre\u021b, compozi\u021bie, efecte, informa\u021bii, opinii \u0219i comentarii reale, chiar func\u021bioneaz\u0103 sau este o \u00een\u0219el\u0103torie\u2753","og_url":"https:\/\/policlinica-baiamare.ro\/farmacie\/produs\/cardio-a\/","og_site_name":"Suplimente Naturale","article_modified_time":"2025-11-18T12:26:08+00:00","og_image":[{"width":230,"height":350,"url":"https:\/\/policlinica-baiamare.ro\/farmacie\/wp-content\/uploads\/2025\/01\/cardio-a.jpg","type":"image\/jpeg"}],"twitter_card":"summary_large_image","twitter_misc":{"Timp estimat pentru citire":"5 minute"},"schema":{"@context":"https:\/\/schema.org","@graph":[{"@type":"WebPage","@id":"https:\/\/policlinica-baiamare.ro\/farmacie\/produs\/cardio-a\/","url":"https:\/\/policlinica-baiamare.ro\/farmacie\/produs\/cardio-a\/","name":"Cardio A - Suplimente Naturale","isPartOf":{"@id":"https:\/\/policlinica-baiamare.ro\/farmacie\/#website"},"primaryImageOfPage":{"@id":"https:\/\/policlinica-baiamare.ro\/farmacie\/produs\/cardio-a\/#primaryimage"},"image":{"@id":"https:\/\/policlinica-baiamare.ro\/farmacie\/produs\/cardio-a\/#primaryimage"},"thumbnailUrl":"https:\/\/policlinica-baiamare.ro\/farmacie\/wp-content\/uploads\/2025\/01\/cardio-a.jpg","datePublished":"2025-01-16T17:59:49+00:00","dateModified":"2025-11-18T12:26:08+00:00","description":"Carido A - Cump\u0103ra\u021bi \u00eentr-o farmacie, pre\u021b, compozi\u021bie, efecte, informa\u021bii, opinii \u0219i comentarii reale, chiar func\u021bioneaz\u0103 sau este o \u00een\u0219el\u0103torie\u2753","breadcrumb":{"@id":"https:\/\/policlinica-baiamare.ro\/farmacie\/produs\/cardio-a\/#breadcrumb"},"inLanguage":"ro-RO","potentialAction":[{"@type":"ReadAction","target":["https:\/\/policlinica-baiamare.ro\/farmacie\/produs\/cardio-a\/"]}]},{"@type":"ImageObject","inLanguage":"ro-RO","@id":"https:\/\/policlinica-baiamare.ro\/farmacie\/produs\/cardio-a\/#primaryimage","url":"https:\/\/policlinica-baiamare.ro\/farmacie\/wp-content\/uploads\/2025\/01\/cardio-a.jpg","contentUrl":"https:\/\/policlinica-baiamare.ro\/farmacie\/wp-content\/uploads\/2025\/01\/cardio-a.jpg","width":230,"height":350,"caption":"cardio a"},{"@type":"BreadcrumbList","@id":"https:\/\/policlinica-baiamare.ro\/farmacie\/produs\/cardio-a\/#breadcrumb","itemListElement":[{"@type":"ListItem","position":1,"name":"Prima pagin\u0103","item":"https:\/\/policlinica-baiamare.ro\/farmacie\/"},{"@type":"ListItem","position":2,"name":"Produse","item":"https:\/\/policlinica-baiamare.ro\/farmacie\/"},{"@type":"ListItem","position":3,"name":"Cardio A"}]},{"@type":"WebSite","@id":"https:\/\/policlinica-baiamare.ro\/farmacie\/#website","url":"https:\/\/policlinica-baiamare.ro\/farmacie\/","name":"Suplimente Naturale","description":"","potentialAction":[{"@type":"SearchAction","target":{"@type":"EntryPoint","urlTemplate":"https:\/\/policlinica-baiamare.ro\/farmacie\/?s={search_term_string}"},"query-input":{"@type":"PropertyValueSpecification","valueRequired":true,"valueName":"search_term_string"}}],"inLanguage":"ro-RO"}]}},"_links":{"self":[{"href":"https:\/\/policlinica-baiamare.ro\/farmacie\/wp-json\/wp\/v2\/product\/93","targetHints":{"allow":["GET"]}}],"collection":[{"href":"https:\/\/policlinica-baiamare.ro\/farmacie\/wp-json\/wp\/v2\/product"}],"about":[{"href":"https:\/\/policlinica-baiamare.ro\/farmacie\/wp-json\/wp\/v2\/types\/product"}],"wp:featuredmedia":[{"embeddable":true,"href":"https:\/\/policlinica-baiamare.ro\/farmacie\/wp-json\/wp\/v2\/media\/94"}],"wp:attachment":[{"href":"https:\/\/policlinica-baiamare.ro\/farmacie\/wp-json\/wp\/v2\/media?parent=93"}],"wp:term":[{"taxonomy":"product_brand","embeddable":true,"href":"https:\/\/policlinica-baiamare.ro\/farmacie\/wp-json\/wp\/v2\/product_brand?post=93"},{"taxonomy":"product_cat","embeddable":true,"href":"https:\/\/policlinica-baiamare.ro\/farmacie\/wp-json\/wp\/v2\/product_cat?post=93"},{"taxonomy":"product_tag","embeddable":true,"href":"https:\/\/policlinica-baiamare.ro\/farmacie\/wp-json\/wp\/v2\/product_tag?post=93"}],"curies":[{"name":"wp","href":"https:\/\/api.w.org\/{rel}","templated":true}]}}