{"id":89,"date":"2025-01-16T17:47:40","date_gmt":"2025-01-16T17:47:40","guid":{"rendered":"https:\/\/policlinica-baiamare.ro\/farmacie\/?post_type=product&#038;p=89"},"modified":"2025-01-16T17:53:14","modified_gmt":"2025-01-16T17:53:14","slug":"sonixine","status":"publish","type":"product","link":"https:\/\/policlinica-baiamare.ro\/farmacie\/produs\/sonixine\/","title":{"rendered":"Sonixine"},"content":{"rendered":"<p class=\"text-body font-regular leading-[24px] pt-[9px] pb-[2px]\" dir=\"ltr\">Sonixine este un supliment alimentar creat pentru a sprijini s\u0103n\u0103tatea auditiv\u0103. Acesta vine sub form\u0103 de capsule \u0219i, conform produc\u0103torului, contribuie la regenerarea sistemului auditiv \u0219i la prevenirea deterior\u0103rii suplimentare a auzului. Produsul este recomandat at\u00e2t persoanelor care se confrunt\u0103 cu tulbur\u0103ri auditive, c\u00e2t \u0219i celor care doresc s\u0103 previn\u0103 eventualele probleme.<\/p>\n<h2 class=\"font-bold text-h3 leading-[40px] pt-[21px] pb-[2px] [&amp;_a]:underline-offset-[6px] [&amp;_.underline]:underline-offset-[6px]\" dir=\"ltr\">Cum func\u021bioneaz\u0103?<\/h2>\n<p class=\"text-body font-regular leading-[24px] pt-[9px] pb-[2px]\" dir=\"ltr\">Mecanismul de ac\u021biune al Sonixine se bazeaz\u0103 pe stimularea circula\u021biei sanguine \u00een regiunea urechii interne \u0219i protec\u021bia celulelor auditive. Aceste capsule ajut\u0103 la reducerea inflama\u021biei, la \u00eembun\u0103t\u0103\u021birea sensibilit\u0103\u021bii auditive \u0219i la regenerarea nervilor deteriora\u021bi. Totodat\u0103, con\u021bine ingrediente care sprijin\u0103 s\u0103n\u0103tatea general\u0103 a urechilor prin combaterea efectelor radicalilor liberi \u0219i reducerea riscului de infec\u021bii.<\/p>\n<h2 class=\"font-bold text-h3 leading-[40px] pt-[21px] pb-[2px] [&amp;_a]:underline-offset-[6px] [&amp;_.underline]:underline-offset-[6px]\" dir=\"ltr\">Ingrediente (substan\u021be active)<\/h2>\n<p class=\"text-body font-regular leading-[24px] pt-[9px] pb-[2px]\" dir=\"ltr\">Sonixine combin\u0103 mai multe ingrediente active, fiecare alese cu aten\u021bie pentru beneficiile lor asupra s\u0103n\u0103t\u0103\u021bii auditive:<\/p>\n<ul class=\"pt-[9px] pb-[2px] pl-[24px] list-disc [&amp;_ul]:pt-[5px] pt-[5px]\">\n<li class=\"text-body font-regular leading-[24px] my-[5px] [&amp;&gt;ol]:!pt-0 [&amp;&gt;ol]:!pb-0 [&amp;&gt;ul]:!pt-0 [&amp;&gt;ul]:!pb-0\" value=\"1\"><b><strong class=\"font-bold\">Extract de portocal\u0103 amar\u0103<\/strong><\/b> \u2013 Contribuie la \u00eembun\u0103t\u0103\u021birea circula\u021biei sanguine \u0219i sus\u021bine func\u021bia nervilor auditivi.<\/li>\n<li class=\"text-body font-regular leading-[24px] my-[5px] [&amp;&gt;ol]:!pt-0 [&amp;&gt;ol]:!pb-0 [&amp;&gt;ul]:!pt-0 [&amp;&gt;ul]:!pb-0\" value=\"2\"><b><strong class=\"font-bold\">Hesperidin\u0103<\/strong><\/b> \u2013 Un flavonoid cu propriet\u0103\u021bi antioxidante puternice, care ajut\u0103 la protec\u021bia celulelor \u00eempotriva daunelor oxidative.<\/li>\n<li class=\"text-body font-regular leading-[24px] my-[5px] [&amp;&gt;ol]:!pt-0 [&amp;&gt;ol]:!pb-0 [&amp;&gt;ul]:!pt-0 [&amp;&gt;ul]:!pb-0\" value=\"3\"><b><strong class=\"font-bold\">GABA (Acid Gamma-Aminobutiric)<\/strong><\/b> \u2013 O substan\u021b\u0103 care promoveaz\u0103 relaxarea \u0219i poate contribui la reducerea zgomotelor \u00een ureche (tinitus).<\/li>\n<li class=\"text-body font-regular leading-[24px] my-[5px] [&amp;&gt;ol]:!pt-0 [&amp;&gt;ol]:!pb-0 [&amp;&gt;ul]:!pt-0 [&amp;&gt;ul]:!pb-0\" value=\"4\"><b><strong class=\"font-bold\">Vitaminele B complex<\/strong><\/b> \u2013 Ajut\u0103 la sus\u021binerea func\u021biei nervoase \u0219i la regenerarea nervului auditiv.<\/li>\n<li class=\"text-body font-regular leading-[24px] my-[5px] [&amp;&gt;ol]:!pt-0 [&amp;&gt;ol]:!pb-0 [&amp;&gt;ul]:!pt-0 [&amp;&gt;ul]:!pb-0\" value=\"5\"><b><strong class=\"font-bold\">Vitaminele C \u0219i E<\/strong><\/b> \u2013 Acizii antioxidan\u021bi protejeaz\u0103 \u00eempotriva stresului oxidativ \u0219i men\u021bin s\u0103n\u0103tatea general\u0103 a celulelor auditive.<\/li>\n<li class=\"text-body font-regular leading-[24px] my-[5px] [&amp;&gt;ol]:!pt-0 [&amp;&gt;ol]:!pb-0 [&amp;&gt;ul]:!pt-0 [&amp;&gt;ul]:!pb-0\" value=\"6\"><b><strong class=\"font-bold\">Extract de frunz\u0103 de ginkgo biloba<\/strong><\/b> \u2013 \u00cembun\u0103t\u0103\u021be\u0219te fluxul sanguin \u00een urechi \u0219i stimuleaz\u0103 regenerarea celular\u0103.<\/li>\n<\/ul>\n<h2 class=\"font-bold text-h3 leading-[40px] pt-[21px] pb-[2px] [&amp;_a]:underline-offset-[6px] [&amp;_.underline]:underline-offset-[6px]\" dir=\"ltr\">Efecte \u0219i beneficii<\/h2>\n<p class=\"text-body font-regular leading-[24px] pt-[9px] pb-[2px]\" dir=\"ltr\">Suplimentul Sonixine ofer\u0103 o gam\u0103 larg\u0103 de efecte pozitive \u0219i beneficii pentru utilizatori:<\/p>\n<ul class=\"pt-[9px] pb-[2px] pl-[24px] list-disc [&amp;_ul]:pt-[5px] pt-[5px]\">\n<li class=\"text-body font-regular leading-[24px] my-[5px] [&amp;&gt;ol]:!pt-0 [&amp;&gt;ol]:!pb-0 [&amp;&gt;ul]:!pt-0 [&amp;&gt;ul]:!pb-0\" value=\"1\"><b><strong class=\"font-bold\">\u00cembun\u0103t\u0103\u021birea auzului<\/strong><\/b> \u2013 Sprijin\u0103 claritatea auditiv\u0103 \u0219i sensibilitatea sunetelor.<\/li>\n<li class=\"text-body font-regular leading-[24px] my-[5px] [&amp;&gt;ol]:!pt-0 [&amp;&gt;ol]:!pb-0 [&amp;&gt;ul]:!pt-0 [&amp;&gt;ul]:!pb-0\" value=\"2\"><b><strong class=\"font-bold\">Prevenirea deterior\u0103rii auditive<\/strong><\/b> \u2013 \u00cent\u0103re\u0219te celulele auditive \u0219i nervii auditivi \u00eempotriva factorilor nocivi.<\/li>\n<li class=\"text-body font-regular leading-[24px] my-[5px] [&amp;&gt;ol]:!pt-0 [&amp;&gt;ol]:!pb-0 [&amp;&gt;ul]:!pt-0 [&amp;&gt;ul]:!pb-0\" value=\"3\"><b><strong class=\"font-bold\">Combaterea tinitusului<\/strong><\/b> \u2013 Ajut\u0103 la reducerea zgomotelor din ureche datorit\u0103 ingredientelor sale calmante \u0219i antioxidante.<\/li>\n<li class=\"text-body font-regular leading-[24px] my-[5px] [&amp;&gt;ol]:!pt-0 [&amp;&gt;ol]:!pb-0 [&amp;&gt;ul]:!pt-0 [&amp;&gt;ul]:!pb-0\" value=\"4\"><b><strong class=\"font-bold\">\u00cembun\u0103t\u0103\u021birea circula\u021biei sanguine<\/strong><\/b> \u2013 Favorizeaz\u0103 oxigenarea \u0219i hr\u0103nirea celulelor auditive.<\/li>\n<li class=\"text-body font-regular leading-[24px] my-[5px] [&amp;&gt;ol]:!pt-0 [&amp;&gt;ol]:!pb-0 [&amp;&gt;ul]:!pt-0 [&amp;&gt;ul]:!pb-0\" value=\"5\"><b><strong class=\"font-bold\">Su\u021binerea s\u0103n\u0103t\u0103\u021bii generale a urechilor<\/strong><\/b> \u2013 Ofer\u0103 protec\u021bie \u00eempotriva infec\u021biilor bacteriene \u0219i virale.<\/li>\n<\/ul>\n<h2 class=\"font-bold text-h3 leading-[40px] pt-[21px] pb-[2px] [&amp;_a]:underline-offset-[6px] [&amp;_.underline]:underline-offset-[6px]\" dir=\"ltr\">Sonixine prospect, mod de utilizare<\/h2>\n<p class=\"text-body font-regular leading-[24px] pt-[9px] pb-[2px]\" dir=\"ltr\">Sonixine trebuie utilizat conform instruc\u021biunilor de pe ambalaj sau prospect. \u00cen general, se recomand\u0103:<\/p>\n<ul class=\"pt-[9px] pb-[2px] pl-[24px] list-disc [&amp;_ul]:pt-[5px] pt-[5px]\">\n<li class=\"text-body font-regular leading-[24px] my-[5px] [&amp;&gt;ol]:!pt-0 [&amp;&gt;ol]:!pb-0 [&amp;&gt;ul]:!pt-0 [&amp;&gt;ul]:!pb-0\" value=\"1\">Luarea capsulelor zilnic, \u00een timpul sau dup\u0103 mas\u0103.<\/li>\n<li class=\"text-body font-regular leading-[24px] my-[5px] [&amp;&gt;ol]:!pt-0 [&amp;&gt;ol]:!pb-0 [&amp;&gt;ul]:!pt-0 [&amp;&gt;ul]:!pb-0\" value=\"2\">Respectarea dozei recomandate de produc\u0103tor (de obicei, 1-2 capsule pe zi).<\/li>\n<li class=\"text-body font-regular leading-[24px] my-[5px] [&amp;&gt;ol]:!pt-0 [&amp;&gt;ol]:!pb-0 [&amp;&gt;ul]:!pt-0 [&amp;&gt;ul]:!pb-0\" value=\"3\">Continuarea utiliz\u0103rii pe durata recomandat\u0103 pentru a ob\u021bine rezultate maxime.<\/li>\n<\/ul>\n<p class=\"text-body font-regular leading-[24px] pt-[9px] pb-[2px]\" dir=\"ltr\">Pentru siguran\u021b\u0103 \u0219i eficacitate, este important s\u0103 citi\u021bi cu aten\u021bie prospectul \u0219i s\u0103 respecta\u021bi indica\u021biile oferite.<\/p>\n<h2 class=\"font-bold text-h3 leading-[40px] pt-[21px] pb-[2px] [&amp;_a]:underline-offset-[6px] [&amp;_.underline]:underline-offset-[6px]\" dir=\"ltr\">Opinia farmacistului<\/h2>\n<p class=\"text-body font-regular leading-[24px] pt-[9px] pb-[2px]\" dir=\"ltr\">Iat\u0103 c\u00e2teva p\u0103reri ale utilizatorilor din Rom\u00e2nia despre Sonixine:<\/p>\n<ol class=\"pt-[9px] pb-[2px] pl-[24px] [&amp;_ol]:pt-[5px] list-decimal\">\n<li class=\"text-body font-regular leading-[24px] my-[5px] [&amp;&gt;ol]:!pt-0 [&amp;&gt;ol]:!pb-0 [&amp;&gt;ul]:!pt-0 [&amp;&gt;ul]:!pb-0\" value=\"1\"><b><strong class=\"font-bold\">Maria, Bucure\u0219ti:<\/strong><\/b> \u201eFolosesc Sonixine de dou\u0103 luni, iar rezultatele sunt uimitoare. Am \u00eenceput s\u0103 aud sunete pe care \u00eenainte le ignoram complet!\u201d<\/li>\n<li class=\"text-body font-regular leading-[24px] my-[5px] [&amp;&gt;ol]:!pt-0 [&amp;&gt;ol]:!pb-0 [&amp;&gt;ul]:!pt-0 [&amp;&gt;ul]:!pb-0\" value=\"2\"><b><strong class=\"font-bold\">Daniel, Cluj-Napoca:<\/strong><\/b> \u201eAm avut probleme cu tinitusul de ani de zile. De c\u00e2nd am \u00eenceput tratamentul cu Sonixine, zgomotul persistent a sc\u0103zut considerabil.\u201d<\/li>\n<li class=\"text-body font-regular leading-[24px] my-[5px] [&amp;&gt;ol]:!pt-0 [&amp;&gt;ol]:!pb-0 [&amp;&gt;ul]:!pt-0 [&amp;&gt;ul]:!pb-0\" value=\"3\"><b><strong class=\"font-bold\">Alexandra, Ia\u0219i:<\/strong><\/b> \u201eRecomand acest produs tuturor celor care doresc s\u0103-\u0219i protejeze auzul. Este u\u0219or de utilizat \u0219i eficient.\u201d<\/li>\n<\/ol>\n<h2 class=\"font-bold text-h3 leading-[40px] pt-[21px] pb-[2px] [&amp;_a]:underline-offset-[6px] [&amp;_.underline]:underline-offset-[6px]\" dir=\"ltr\">De unde s\u0103 cumperi Sonixine din farmacie, pre\u021b?<\/h2>\n<p class=\"text-body font-regular leading-[24px] pt-[9px] pb-[2px]\" dir=\"ltr\">Pentru a achizi\u021biona suplimentul Sonixine, vizita\u021bi farmacia noastr\u0103 online. Urma\u021bi ace\u0219ti pa\u0219i simpli:<\/p>\n<ol class=\"pt-[9px] pb-[2px] pl-[24px] [&amp;_ol]:pt-[5px] list-decimal\">\n<li class=\"text-body font-regular leading-[24px] my-[5px] [&amp;&gt;ol]:!pt-0 [&amp;&gt;ol]:!pb-0 [&amp;&gt;ul]:!pt-0 [&amp;&gt;ul]:!pb-0\" value=\"1\">Ap\u0103sa\u021bi butonul \u201eCump\u0103r\u0103\u201d pe site-ul nostru.<\/li>\n<li class=\"text-body font-regular leading-[24px] my-[5px] [&amp;&gt;ol]:!pt-0 [&amp;&gt;ol]:!pb-0 [&amp;&gt;ul]:!pt-0 [&amp;&gt;ul]:!pb-0\" value=\"2\">Completa\u021bi detaliile solicitate \u00een formularul de comand\u0103.<\/li>\n<li class=\"text-body font-regular leading-[24px] my-[5px] [&amp;&gt;ol]:!pt-0 [&amp;&gt;ol]:!pb-0 [&amp;&gt;ul]:!pt-0 [&amp;&gt;ul]:!pb-0\" value=\"3\">Alege\u021bi metoda de livrare \u0219i plat\u0103 preferat\u0103.<\/li>\n<\/ol>\n<p class=\"text-body font-regular leading-[24px] pt-[9px] pb-[2px]\" dir=\"ltr\"><b><strong class=\"font-bold\">Pre\u021b:<\/strong><\/b> 159 RON, cu o ofert\u0103 special\u0103 de 50% reducere p\u00e2n\u0103 la epuizarea stocurilor!<\/p>\n<p class=\"text-body font-regular leading-[24px] pt-[9px] pb-[2px]\" dir=\"ltr\">Livrarea se efectueaz\u0103 \u00eentre 24-72 de ore prin:<\/p>\n<ul class=\"pt-[9px] pb-[2px] pl-[24px] list-disc [&amp;_ul]:pt-[5px] pt-[5px]\">\n<li class=\"text-body font-regular leading-[24px] my-[5px] [&amp;&gt;ol]:!pt-0 [&amp;&gt;ol]:!pb-0 [&amp;&gt;ul]:!pt-0 [&amp;&gt;ul]:!pb-0\" value=\"1\">Livrare prin curier<\/li>\n<li class=\"text-body font-regular leading-[24px] my-[5px] [&amp;&gt;ol]:!pt-0 [&amp;&gt;ol]:!pb-0 [&amp;&gt;ul]:!pt-0 [&amp;&gt;ul]:!pb-0\" value=\"2\">Easybox<\/li>\n<\/ul>\n<h2 class=\"font-bold text-h3 leading-[40px] pt-[21px] pb-[2px] [&amp;_a]:underline-offset-[6px] [&amp;_.underline]:underline-offset-[6px]\" dir=\"ltr\">\u00cel pot cump\u0103ra de la alte farmacii DM, Dr Max, Catena, Farmacia Tei?<\/h2>\n<p class=\"text-body font-regular leading-[24px] pt-[9px] pb-[2px]\" dir=\"ltr\">Momentan, Sonixine <b><strong class=\"font-bold\">nu poate fi achizi\u021bionat<\/strong><\/b> din alte farmacii online din Rom\u00e2nia, precum Dr Max, Catena, Farmacia Tei, Sensiblu sau DM. Produsul este disponibil exclusiv pe site-ul nostru oficial, datorit\u0103 parteneriatului cu produc\u0103torul.<\/p>\n<h2 class=\"font-bold text-h3 leading-[40px] pt-[21px] pb-[2px] [&amp;_a]:underline-offset-[6px] [&amp;_.underline]:underline-offset-[6px]\" dir=\"ltr\">Recenzii reale, comentarii, comentarii pe forum<\/h2>\n<p class=\"text-body font-regular leading-[24px] pt-[9px] pb-[2px]\" dir=\"ltr\">Pe forumuri \u0219i site-uri de recenzii, Sonixine este l\u0103udat pentru eficien\u021b\u0103 \u0219i beneficii rapide. Utilizatorii apreciaz\u0103 \u00eembun\u0103t\u0103\u021birile semnificative aduse s\u0103n\u0103t\u0103\u021bii auditive \u0219i eficacitatea \u00eempotriva tinitusului.<\/p>\n<h2 class=\"font-bold text-h3 leading-[40px] pt-[21px] pb-[2px] [&amp;_a]:underline-offset-[6px] [&amp;_.underline]:underline-offset-[6px]\" dir=\"ltr\">\u00centreb\u0103ri frecvente<\/h2>\n<p class=\"text-body font-regular leading-[24px] pt-[9px] pb-[2px]\" dir=\"ltr\"><b><strong class=\"font-bold\">C\u00e2t dureaz\u0103 p\u00e2n\u0103 se v\u0103d rezultatele?<\/strong><\/b><\/p>\n<p class=\"text-body font-regular leading-[24px] pt-[9px] pb-[2px]\" dir=\"ltr\">Rezultatele pot varia, dar majoritatea utilizatorilor raporteaz\u0103 \u00eembun\u0103t\u0103\u021biri dup\u0103 3-4 s\u0103pt\u0103m\u00e2ni de utilizare regulat\u0103.<\/p>\n<p class=\"text-body font-regular leading-[24px] pt-[9px] pb-[2px]\" dir=\"ltr\"><b><strong class=\"font-bold\">Este sigur pentru toate v\u00e2rstele?<\/strong><\/b><\/p>\n<p class=\"text-body font-regular leading-[24px] pt-[9px] pb-[2px]\" dir=\"ltr\">Da, Sonixine este un supliment sigur, dar este recomandat s\u0103 consulta\u021bi un medic sau farmacist \u00eenainte de utilizare.<\/p>\n<p class=\"text-body font-regular leading-[24px] pt-[9px] pb-[2px]\" dir=\"ltr\"><b><strong class=\"font-bold\">Pot s\u0103 combin Sonixine cu alte medicamente?<\/strong><\/b><\/p>\n<p class=\"text-body font-regular leading-[24px] pt-[9px] pb-[2px]\" dir=\"ltr\">De\u0219i este un produs natural, este bine s\u0103 cere\u021bi sfatul unui specialist pentru a evita interac\u021biunile medicamentoase.<\/p>\n","protected":false},"excerpt":{"rendered":"<p>Sonixine este un supliment alimentar creat pentru a sprijini s\u0103n\u0103tatea auditiv\u0103. Acesta vine sub form\u0103 de capsule \u0219i, conform produc\u0103torului, [&hellip;]<\/p>\n","protected":false},"featured_media":90,"template":"","meta":{"site-sidebar-layout":"default","site-content-layout":"","ast-site-content-layout":"default","site-content-style":"default","site-sidebar-style":"default","ast-global-header-display":"","ast-banner-title-visibility":"","ast-main-header-display":"","ast-hfb-above-header-display":"","ast-hfb-below-header-display":"","ast-hfb-mobile-header-display":"","site-post-title":"","ast-breadcrumbs-content":"","ast-featured-img":"","footer-sml-layout":"","ast-disable-related-posts":"","theme-transparent-header-meta":"default","adv-header-id-meta":"","stick-header-meta":"","header-above-stick-meta":"","header-main-stick-meta":"","header-below-stick-meta":"","astra-migrate-meta-layouts":"set","ast-page-background-enabled":"default","ast-page-background-meta":{"desktop":{"background-color":"var(--ast-global-color-5)","background-image":"","background-repeat":"repeat","background-position":"center center","background-size":"auto","background-attachment":"scroll","background-type":"","background-media":"","overlay-type":"","overlay-color":"","overlay-opacity":"","overlay-gradient":""},"tablet":{"background-color":"","background-image":"","background-repeat":"repeat","background-position":"center center","background-size":"auto","background-attachment":"scroll","background-type":"","background-media":"","overlay-type":"","overlay-color":"","overlay-opacity":"","overlay-gradient":""},"mobile":{"background-color":"","background-image":"","background-repeat":"repeat","background-position":"center center","background-size":"auto","background-attachment":"scroll","background-type":"","background-media":"","overlay-type":"","overlay-color":"","overlay-opacity":"","overlay-gradient":""}},"ast-content-background-meta":{"desktop":{"background-color":"var(--ast-global-color-4)","background-image":"","background-repeat":"repeat","background-position":"center center","background-size":"auto","background-attachment":"scroll","background-type":"","background-media":"","overlay-type":"","overlay-color":"","overlay-opacity":"","overlay-gradient":""},"tablet":{"background-color":"var(--ast-global-color-4)","background-image":"","background-repeat":"repeat","background-position":"center center","background-size":"auto","background-attachment":"scroll","background-type":"","background-media":"","overlay-type":"","overlay-color":"","overlay-opacity":"","overlay-gradient":""},"mobile":{"background-color":"var(--ast-global-color-4)","background-image":"","background-repeat":"repeat","background-position":"center center","background-size":"auto","background-attachment":"scroll","background-type":"","background-media":"","overlay-type":"","overlay-color":"","overlay-opacity":"","overlay-gradient":""}},"iawp_total_views":18},"product_brand":[],"product_cat":[15],"product_tag":[],"class_list":{"0":"post-89","1":"product","2":"type-product","3":"status-publish","4":"has-post-thumbnail","6":"product_cat-sanatate","7":"desktop-align-left","8":"tablet-align-left","9":"mobile-align-left","11":"first","12":"instock","13":"sale","14":"shipping-taxable","15":"purchasable","16":"product-type-simple"},"yoast_head":"<!-- This site is optimized with the Yoast SEO plugin v27.6 - https:\/\/yoast.com\/product\/yoast-seo-wordpress\/ -->\n<title>Sonixine - Suplimente Naturale<\/title>\n<meta name=\"description\" content=\"Sonixine - Cump\u0103ra\u021bi \u00eentr-o farmacie, pre\u021b, compozi\u021bie, efecte, informa\u021bii, opinii \u0219i comentarii reale, chiar func\u021bioneaz\u0103 sau este o \u00een\u0219el\u0103torie\u2753\" \/>\n<meta name=\"robots\" content=\"index, follow, max-snippet:-1, max-image-preview:large, max-video-preview:-1\" \/>\n<link rel=\"canonical\" href=\"https:\/\/policlinica-baiamare.ro\/farmacie\/produs\/sonixine\/\" \/>\n<meta property=\"og:locale\" content=\"ro_RO\" \/>\n<meta property=\"og:type\" content=\"article\" \/>\n<meta property=\"og:title\" content=\"Sonixine - Suplimente Naturale\" \/>\n<meta property=\"og:description\" content=\"Sonixine - Cump\u0103ra\u021bi \u00eentr-o farmacie, pre\u021b, compozi\u021bie, efecte, informa\u021bii, opinii \u0219i comentarii reale, chiar func\u021bioneaz\u0103 sau este o \u00een\u0219el\u0103torie\u2753\" \/>\n<meta property=\"og:url\" content=\"https:\/\/policlinica-baiamare.ro\/farmacie\/produs\/sonixine\/\" \/>\n<meta property=\"og:site_name\" content=\"Suplimente Naturale\" \/>\n<meta property=\"article:modified_time\" content=\"2025-01-16T17:53:14+00:00\" \/>\n<meta property=\"og:image\" content=\"https:\/\/policlinica-baiamare.ro\/farmacie\/wp-content\/uploads\/2025\/01\/sonixine.jpg\" \/>\n\t<meta property=\"og:image:width\" content=\"250\" \/>\n\t<meta property=\"og:image:height\" content=\"300\" \/>\n\t<meta property=\"og:image:type\" content=\"image\/jpeg\" \/>\n<meta name=\"twitter:card\" content=\"summary_large_image\" \/>\n<meta name=\"twitter:label1\" content=\"Timp estimat pentru citire\" \/>\n\t<meta name=\"twitter:data1\" content=\"5 minute\" \/>\n<script type=\"application\/ld+json\" class=\"yoast-schema-graph\">{\"@context\":\"https:\\\/\\\/schema.org\",\"@graph\":[{\"@type\":\"WebPage\",\"@id\":\"https:\\\/\\\/policlinica-baiamare.ro\\\/farmacie\\\/produs\\\/sonixine\\\/\",\"url\":\"https:\\\/\\\/policlinica-baiamare.ro\\\/farmacie\\\/produs\\\/sonixine\\\/\",\"name\":\"Sonixine - Suplimente Naturale\",\"isPartOf\":{\"@id\":\"https:\\\/\\\/policlinica-baiamare.ro\\\/farmacie\\\/#website\"},\"primaryImageOfPage\":{\"@id\":\"https:\\\/\\\/policlinica-baiamare.ro\\\/farmacie\\\/produs\\\/sonixine\\\/#primaryimage\"},\"image\":{\"@id\":\"https:\\\/\\\/policlinica-baiamare.ro\\\/farmacie\\\/produs\\\/sonixine\\\/#primaryimage\"},\"thumbnailUrl\":\"https:\\\/\\\/policlinica-baiamare.ro\\\/farmacie\\\/wp-content\\\/uploads\\\/2025\\\/01\\\/sonixine.jpg\",\"datePublished\":\"2025-01-16T17:47:40+00:00\",\"dateModified\":\"2025-01-16T17:53:14+00:00\",\"description\":\"Sonixine - Cump\u0103ra\u021bi \u00eentr-o farmacie, pre\u021b, compozi\u021bie, efecte, informa\u021bii, opinii \u0219i comentarii reale, chiar func\u021bioneaz\u0103 sau este o \u00een\u0219el\u0103torie\u2753\",\"breadcrumb\":{\"@id\":\"https:\\\/\\\/policlinica-baiamare.ro\\\/farmacie\\\/produs\\\/sonixine\\\/#breadcrumb\"},\"inLanguage\":\"ro-RO\",\"potentialAction\":[{\"@type\":\"ReadAction\",\"target\":[\"https:\\\/\\\/policlinica-baiamare.ro\\\/farmacie\\\/produs\\\/sonixine\\\/\"]}]},{\"@type\":\"ImageObject\",\"inLanguage\":\"ro-RO\",\"@id\":\"https:\\\/\\\/policlinica-baiamare.ro\\\/farmacie\\\/produs\\\/sonixine\\\/#primaryimage\",\"url\":\"https:\\\/\\\/policlinica-baiamare.ro\\\/farmacie\\\/wp-content\\\/uploads\\\/2025\\\/01\\\/sonixine.jpg\",\"contentUrl\":\"https:\\\/\\\/policlinica-baiamare.ro\\\/farmacie\\\/wp-content\\\/uploads\\\/2025\\\/01\\\/sonixine.jpg\",\"width\":250,\"height\":300,\"caption\":\"sonixine\"},{\"@type\":\"BreadcrumbList\",\"@id\":\"https:\\\/\\\/policlinica-baiamare.ro\\\/farmacie\\\/produs\\\/sonixine\\\/#breadcrumb\",\"itemListElement\":[{\"@type\":\"ListItem\",\"position\":1,\"name\":\"Prima pagin\u0103\",\"item\":\"https:\\\/\\\/policlinica-baiamare.ro\\\/farmacie\\\/\"},{\"@type\":\"ListItem\",\"position\":2,\"name\":\"Produse\",\"item\":\"https:\\\/\\\/policlinica-baiamare.ro\\\/farmacie\\\/\"},{\"@type\":\"ListItem\",\"position\":3,\"name\":\"Sonixine\"}]},{\"@type\":\"WebSite\",\"@id\":\"https:\\\/\\\/policlinica-baiamare.ro\\\/farmacie\\\/#website\",\"url\":\"https:\\\/\\\/policlinica-baiamare.ro\\\/farmacie\\\/\",\"name\":\"Suplimente Naturale\",\"description\":\"\",\"potentialAction\":[{\"@type\":\"SearchAction\",\"target\":{\"@type\":\"EntryPoint\",\"urlTemplate\":\"https:\\\/\\\/policlinica-baiamare.ro\\\/farmacie\\\/?s={search_term_string}\"},\"query-input\":{\"@type\":\"PropertyValueSpecification\",\"valueRequired\":true,\"valueName\":\"search_term_string\"}}],\"inLanguage\":\"ro-RO\"}]}<\/script>\n<!-- \/ Yoast SEO plugin. -->","yoast_head_json":{"title":"Sonixine - Suplimente Naturale","description":"Sonixine - Cump\u0103ra\u021bi \u00eentr-o farmacie, pre\u021b, compozi\u021bie, efecte, informa\u021bii, opinii \u0219i comentarii reale, chiar func\u021bioneaz\u0103 sau este o \u00een\u0219el\u0103torie\u2753","robots":{"index":"index","follow":"follow","max-snippet":"max-snippet:-1","max-image-preview":"max-image-preview:large","max-video-preview":"max-video-preview:-1"},"canonical":"https:\/\/policlinica-baiamare.ro\/farmacie\/produs\/sonixine\/","og_locale":"ro_RO","og_type":"article","og_title":"Sonixine - Suplimente Naturale","og_description":"Sonixine - Cump\u0103ra\u021bi \u00eentr-o farmacie, pre\u021b, compozi\u021bie, efecte, informa\u021bii, opinii \u0219i comentarii reale, chiar func\u021bioneaz\u0103 sau este o \u00een\u0219el\u0103torie\u2753","og_url":"https:\/\/policlinica-baiamare.ro\/farmacie\/produs\/sonixine\/","og_site_name":"Suplimente Naturale","article_modified_time":"2025-01-16T17:53:14+00:00","og_image":[{"width":250,"height":300,"url":"https:\/\/policlinica-baiamare.ro\/farmacie\/wp-content\/uploads\/2025\/01\/sonixine.jpg","type":"image\/jpeg"}],"twitter_card":"summary_large_image","twitter_misc":{"Timp estimat pentru citire":"5 minute"},"schema":{"@context":"https:\/\/schema.org","@graph":[{"@type":"WebPage","@id":"https:\/\/policlinica-baiamare.ro\/farmacie\/produs\/sonixine\/","url":"https:\/\/policlinica-baiamare.ro\/farmacie\/produs\/sonixine\/","name":"Sonixine - Suplimente Naturale","isPartOf":{"@id":"https:\/\/policlinica-baiamare.ro\/farmacie\/#website"},"primaryImageOfPage":{"@id":"https:\/\/policlinica-baiamare.ro\/farmacie\/produs\/sonixine\/#primaryimage"},"image":{"@id":"https:\/\/policlinica-baiamare.ro\/farmacie\/produs\/sonixine\/#primaryimage"},"thumbnailUrl":"https:\/\/policlinica-baiamare.ro\/farmacie\/wp-content\/uploads\/2025\/01\/sonixine.jpg","datePublished":"2025-01-16T17:47:40+00:00","dateModified":"2025-01-16T17:53:14+00:00","description":"Sonixine - Cump\u0103ra\u021bi \u00eentr-o farmacie, pre\u021b, compozi\u021bie, efecte, informa\u021bii, opinii \u0219i comentarii reale, chiar func\u021bioneaz\u0103 sau este o \u00een\u0219el\u0103torie\u2753","breadcrumb":{"@id":"https:\/\/policlinica-baiamare.ro\/farmacie\/produs\/sonixine\/#breadcrumb"},"inLanguage":"ro-RO","potentialAction":[{"@type":"ReadAction","target":["https:\/\/policlinica-baiamare.ro\/farmacie\/produs\/sonixine\/"]}]},{"@type":"ImageObject","inLanguage":"ro-RO","@id":"https:\/\/policlinica-baiamare.ro\/farmacie\/produs\/sonixine\/#primaryimage","url":"https:\/\/policlinica-baiamare.ro\/farmacie\/wp-content\/uploads\/2025\/01\/sonixine.jpg","contentUrl":"https:\/\/policlinica-baiamare.ro\/farmacie\/wp-content\/uploads\/2025\/01\/sonixine.jpg","width":250,"height":300,"caption":"sonixine"},{"@type":"BreadcrumbList","@id":"https:\/\/policlinica-baiamare.ro\/farmacie\/produs\/sonixine\/#breadcrumb","itemListElement":[{"@type":"ListItem","position":1,"name":"Prima pagin\u0103","item":"https:\/\/policlinica-baiamare.ro\/farmacie\/"},{"@type":"ListItem","position":2,"name":"Produse","item":"https:\/\/policlinica-baiamare.ro\/farmacie\/"},{"@type":"ListItem","position":3,"name":"Sonixine"}]},{"@type":"WebSite","@id":"https:\/\/policlinica-baiamare.ro\/farmacie\/#website","url":"https:\/\/policlinica-baiamare.ro\/farmacie\/","name":"Suplimente Naturale","description":"","potentialAction":[{"@type":"SearchAction","target":{"@type":"EntryPoint","urlTemplate":"https:\/\/policlinica-baiamare.ro\/farmacie\/?s={search_term_string}"},"query-input":{"@type":"PropertyValueSpecification","valueRequired":true,"valueName":"search_term_string"}}],"inLanguage":"ro-RO"}]}},"_links":{"self":[{"href":"https:\/\/policlinica-baiamare.ro\/farmacie\/wp-json\/wp\/v2\/product\/89","targetHints":{"allow":["GET"]}}],"collection":[{"href":"https:\/\/policlinica-baiamare.ro\/farmacie\/wp-json\/wp\/v2\/product"}],"about":[{"href":"https:\/\/policlinica-baiamare.ro\/farmacie\/wp-json\/wp\/v2\/types\/product"}],"wp:featuredmedia":[{"embeddable":true,"href":"https:\/\/policlinica-baiamare.ro\/farmacie\/wp-json\/wp\/v2\/media\/90"}],"wp:attachment":[{"href":"https:\/\/policlinica-baiamare.ro\/farmacie\/wp-json\/wp\/v2\/media?parent=89"}],"wp:term":[{"taxonomy":"product_brand","embeddable":true,"href":"https:\/\/policlinica-baiamare.ro\/farmacie\/wp-json\/wp\/v2\/product_brand?post=89"},{"taxonomy":"product_cat","embeddable":true,"href":"https:\/\/policlinica-baiamare.ro\/farmacie\/wp-json\/wp\/v2\/product_cat?post=89"},{"taxonomy":"product_tag","embeddable":true,"href":"https:\/\/policlinica-baiamare.ro\/farmacie\/wp-json\/wp\/v2\/product_tag?post=89"}],"curies":[{"name":"wp","href":"https:\/\/api.w.org\/{rel}","templated":true}]}}