{"id":250,"date":"2025-06-16T18:43:37","date_gmt":"2025-06-16T18:43:37","guid":{"rendered":"https:\/\/policlinica-baiamare.ro\/farmacie\/?post_type=product&#038;p=250"},"modified":"2025-06-16T18:43:37","modified_gmt":"2025-06-16T18:43:37","slug":"prostalis","status":"publish","type":"product","link":"https:\/\/policlinica-baiamare.ro\/farmacie\/produs\/prostalis\/","title":{"rendered":"Prostalis"},"content":{"rendered":"<p class=\"text-body font-regular leading-[24px] pt-[9px] pb-[2px]\" dir=\"ltr\">Prostalis este un supliment alimentar dezvoltat pentru b\u0103rba\u021bii care se confrunt\u0103 cu probleme legate de prostat\u0103. Capsulele pentru prostatit\u0103 sunt formulate special pentru a sprijini s\u0103n\u0103tatea masculin\u0103, reduc\u00e2nd disconfortul cauzat de inflama\u021bia prostatei \u0219i sus\u021bin\u00e2nd func\u021biile normale ale sistemului urinar.<\/p>\n<p class=\"text-body font-regular leading-[24px] pt-[9px] pb-[2px]\" dir=\"ltr\">Acest supliment poate fi folosit at\u00e2t \u00een scop preventiv, c\u00e2t \u0219i ca ajutor complementar pentru cei care se confrunt\u0103 deja cu simptomele prostatitei, cum ar fi urin\u0103rile frecvente, senza\u021bia de golire incomplet\u0103 a vezicii urinare, durerea sau disconfortul \u00een zona pelvian\u0103.<\/p>\n<h2 class=\"font-semibold pdf-heading-class-replace text-h3 leading-[40px] pt-[21px] pb-[2px] [&amp;_a]:underline-offset-[6px] [&amp;_.underline]:underline-offset-[6px]\" dir=\"ltr\">Cum func\u021bioneaz\u0103?<\/h2>\n<p class=\"text-body font-regular leading-[24px] pt-[9px] pb-[2px]\" dir=\"ltr\">Prostalis ac\u021bioneaz\u0103 printr-o combina\u021bie de mecanisme care vizeaz\u0103 principalele cauze ale disfunc\u021biei prostatei. Iat\u0103 cum func\u021bioneaz\u0103:<\/p>\n<ol class=\"pt-[9px] pb-[2px] pl-[26px] list-decimal\">\n<li class=\"text-body font-regular leading-[24px] my-[5px] [&amp;&gt;ol]:!pt-0 [&amp;&gt;ol]:!pb-0 [&amp;&gt;ul]:!pt-0 [&amp;&gt;ul]:!pb-0\" value=\"1\"><b><strong class=\"font-semibold\">Reducerea inflama\u021biei<\/strong><\/b> \u2013 Ingredientele active ajut\u0103 la calmarea inflama\u021biei, reduc\u00e2nd dimensiunea prostatei m\u0103rite \u0219i presiunea exercitat\u0103 asupra vezicii urinare.<\/li>\n<li class=\"text-body font-regular leading-[24px] my-[5px] [&amp;&gt;ol]:!pt-0 [&amp;&gt;ol]:!pb-0 [&amp;&gt;ul]:!pt-0 [&amp;&gt;ul]:!pb-0\" value=\"2\"><b><strong class=\"font-semibold\">\u00cembun\u0103t\u0103\u021birea fluxului urinar<\/strong><\/b> \u2013 Formula ajut\u0103 la relaxarea musculaturii zonei pelviene, facilit\u00e2nd golirea complet\u0103 a vezicii \u0219i reduc\u00e2nd urin\u0103rile frecvente.<\/li>\n<li class=\"text-body font-regular leading-[24px] my-[5px] [&amp;&gt;ol]:!pt-0 [&amp;&gt;ol]:!pb-0 [&amp;&gt;ul]:!pt-0 [&amp;&gt;ul]:!pb-0\" value=\"3\"><b><strong class=\"font-semibold\">Sus\u021binerea s\u0103n\u0103t\u0103\u021bii pe termen lung<\/strong><\/b> \u2013 Utilizarea regulat\u0103 a Prostalis contribuie la men\u021binerea unei func\u021bii normale a prostatei \u0219i la prevenirea problemelor recurente.<\/li>\n<\/ol>\n<h2 class=\"font-semibold pdf-heading-class-replace text-h3 leading-[40px] pt-[21px] pb-[2px] [&amp;_a]:underline-offset-[6px] [&amp;_.underline]:underline-offset-[6px]\" dir=\"ltr\">Ingrediente (substan\u021be active)<\/h2>\n<p class=\"text-body font-regular leading-[24px] pt-[9px] pb-[2px]\" dir=\"ltr\">Prostalis este compus dintr-o selec\u021bie atent\u0103 de ingrediente naturale, fiecare dintre ele av\u00e2nd propriul s\u0103u rol benefic:<\/p>\n<ol class=\"pt-[9px] pb-[2px] pl-[26px] list-decimal\">\n<li class=\"text-body font-regular leading-[24px] my-[5px] [&amp;&gt;ol]:!pt-0 [&amp;&gt;ol]:!pb-0 [&amp;&gt;ul]:!pt-0 [&amp;&gt;ul]:!pb-0\" value=\"1\"><b><strong class=\"font-semibold\">Palmier pitic (Saw Palmetto)<\/strong><\/b> &#8211; Un ingredient cunoscut pentru capacitatea sa de a sus\u021bine s\u0103n\u0103tatea prostatei, reduc\u00e2nd inflama\u021biile \u0219i \u00eembun\u0103t\u0103\u021bind simptomele urinare.<\/li>\n<li class=\"text-body font-regular leading-[24px] my-[5px] [&amp;&gt;ol]:!pt-0 [&amp;&gt;ol]:!pb-0 [&amp;&gt;ul]:!pt-0 [&amp;&gt;ul]:!pb-0\" value=\"2\"><b><strong class=\"font-semibold\">Extract de urzic\u0103<\/strong><\/b> &#8211; Ajut\u0103 la reducerea senza\u021biei de disconfort \u00een zona pelvian\u0103 \u0219i sus\u021bine s\u0103n\u0103tatea tractului urinar.<\/li>\n<li class=\"text-body font-regular leading-[24px] my-[5px] [&amp;&gt;ol]:!pt-0 [&amp;&gt;ol]:!pb-0 [&amp;&gt;ul]:!pt-0 [&amp;&gt;ul]:!pb-0\" value=\"3\"><b><strong class=\"font-semibold\">Licopen<\/strong><\/b> &#8211; Un antioxidant puternic care protejeaz\u0103 celulele de stresul oxidativ \u0219i sus\u021bine s\u0103n\u0103tatea prostatei.<\/li>\n<li class=\"text-body font-regular leading-[24px] my-[5px] [&amp;&gt;ol]:!pt-0 [&amp;&gt;ol]:!pb-0 [&amp;&gt;ul]:!pt-0 [&amp;&gt;ul]:!pb-0\" value=\"4\"><b><strong class=\"font-semibold\">Zinc<\/strong><\/b> &#8211; Mineral esen\u021bial pentru men\u021binerea s\u0103n\u0103t\u0103\u021bii sistemului reproductiv masculin \u0219i a func\u021bion\u0103rii normale a prostatei.<\/li>\n<li class=\"text-body font-regular leading-[24px] my-[5px] [&amp;&gt;ol]:!pt-0 [&amp;&gt;ol]:!pb-0 [&amp;&gt;ul]:!pt-0 [&amp;&gt;ul]:!pb-0\" value=\"5\"><b><strong class=\"font-semibold\">Vitamina E<\/strong><\/b> &#8211; Contribuie la neutralizarea radicalilor liberi \u0219i la men\u021binerea elasticit\u0103\u021bii \u021besuturilor prostatei.<\/li>\n<\/ol>\n<h2 class=\"font-semibold pdf-heading-class-replace text-h3 leading-[40px] pt-[21px] pb-[2px] [&amp;_a]:underline-offset-[6px] [&amp;_.underline]:underline-offset-[6px]\" dir=\"ltr\">Efecte \u0219i beneficii<\/h2>\n<p class=\"text-body font-regular leading-[24px] pt-[9px] pb-[2px]\" dir=\"ltr\">Utilizarea regulat\u0103 a Prostalis aduce multiple beneficii pentru s\u0103n\u0103tatea b\u0103rba\u021bilor:<\/p>\n<ul class=\"pt-[9px] pb-[2px] pl-[24px] list-disc pt-[5px]\">\n<li class=\"text-body font-regular leading-[24px] my-[5px] [&amp;&gt;ol]:!pt-0 [&amp;&gt;ol]:!pb-0 [&amp;&gt;ul]:!pt-0 [&amp;&gt;ul]:!pb-0\" value=\"1\">Reduce inflama\u021bia \u0219i dimensiunea prostatei m\u0103rite.<\/li>\n<li class=\"text-body font-regular leading-[24px] my-[5px] [&amp;&gt;ol]:!pt-0 [&amp;&gt;ol]:!pb-0 [&amp;&gt;ul]:!pt-0 [&amp;&gt;ul]:!pb-0\" value=\"2\">Amelioreaz\u0103 urin\u0103rile frecvente \u0219i senza\u021bia de golire incomplet\u0103 a vezicii.<\/li>\n<li class=\"text-body font-regular leading-[24px] my-[5px] [&amp;&gt;ol]:!pt-0 [&amp;&gt;ol]:!pb-0 [&amp;&gt;ul]:!pt-0 [&amp;&gt;ul]:!pb-0\" value=\"3\">\u00cembun\u0103t\u0103\u021be\u0219te fluxul urinar \u0219i calitatea vie\u021bii de zi cu zi.<\/li>\n<li class=\"text-body font-regular leading-[24px] my-[5px] [&amp;&gt;ol]:!pt-0 [&amp;&gt;ol]:!pb-0 [&amp;&gt;ul]:!pt-0 [&amp;&gt;ul]:!pb-0\" value=\"4\">Ajut\u0103 la reducerea durerii \u0219i disconfortului pelvian.<\/li>\n<li class=\"text-body font-regular leading-[24px] my-[5px] [&amp;&gt;ol]:!pt-0 [&amp;&gt;ol]:!pb-0 [&amp;&gt;ul]:!pt-0 [&amp;&gt;ul]:!pb-0\" value=\"5\">Sus\u021bine s\u0103n\u0103tatea sistemului urinar pe termen lung.<\/li>\n<li class=\"text-body font-regular leading-[24px] my-[5px] [&amp;&gt;ol]:!pt-0 [&amp;&gt;ol]:!pb-0 [&amp;&gt;ul]:!pt-0 [&amp;&gt;ul]:!pb-0\" value=\"6\">Contribuie la prevenirea problemelor recurente \u0219i la men\u021binerea unei prostate s\u0103n\u0103toase.<\/li>\n<\/ul>\n<h2 class=\"font-semibold pdf-heading-class-replace text-h3 leading-[40px] pt-[21px] pb-[2px] [&amp;_a]:underline-offset-[6px] [&amp;_.underline]:underline-offset-[6px]\" dir=\"ltr\">Prostalis prospect, mod de utilizare<\/h2>\n<p class=\"text-body font-regular leading-[24px] pt-[9px] pb-[2px]\" dir=\"ltr\">Pentru cele mai bune rezultate, este esen\u021bial s\u0103 utilizezi Prostalis conform instruc\u021biunilor din prospect. Recomand\u0103rile generale sunt urm\u0103toarele:<\/p>\n<ul class=\"pt-[9px] pb-[2px] pl-[24px] list-disc pt-[5px]\">\n<li class=\"text-body font-regular leading-[24px] my-[5px] [&amp;&gt;ol]:!pt-0 [&amp;&gt;ol]:!pb-0 [&amp;&gt;ul]:!pt-0 [&amp;&gt;ul]:!pb-0\" value=\"1\"><b><strong class=\"font-semibold\">Dozaj<\/strong><\/b> &#8211; Se recomand\u0103 administrarea a 2 capsule pe zi, preferabil cu un pahar mare de ap\u0103.<\/li>\n<li class=\"text-body font-regular leading-[24px] my-[5px] [&amp;&gt;ol]:!pt-0 [&amp;&gt;ol]:!pb-0 [&amp;&gt;ul]:!pt-0 [&amp;&gt;ul]:!pb-0\" value=\"2\"><b><strong class=\"font-semibold\">Momentul administr\u0103rii<\/strong><\/b> &#8211; Este indicat s\u0103 iei capsulele \u00een timpul mesei pentru o absorb\u021bie optim\u0103.<\/li>\n<li class=\"text-body font-regular leading-[24px] my-[5px] [&amp;&gt;ol]:!pt-0 [&amp;&gt;ol]:!pb-0 [&amp;&gt;ul]:!pt-0 [&amp;&gt;ul]:!pb-0\" value=\"3\"><b><strong class=\"font-semibold\">Durata utiliz\u0103rii<\/strong><\/b> &#8211; Pentru rezultate semnificative, este recomandat\u0103 utilizarea continu\u0103 timp de cel pu\u021bin 30 de zile.<\/li>\n<\/ul>\n<p class=\"text-body font-regular leading-[24px] pt-[9px] pb-[2px]\" dir=\"ltr\">Consulta\u021bi un medic sau un farmacist \u00eenainte de a \u00eencepe suplimentarea dac\u0103 ave\u021bi afec\u021biuni preexistente sau lua\u021bi alte medicamente.<\/p>\n<h2 class=\"font-semibold pdf-heading-class-replace text-h3 leading-[40px] pt-[21px] pb-[2px] [&amp;_a]:underline-offset-[6px] [&amp;_.underline]:underline-offset-[6px]\" dir=\"ltr\">Opinia farmacistului<\/h2>\n<p class=\"text-body font-regular leading-[24px] pt-[9px] pb-[2px]\" dir=\"ltr\"><b><strong class=\"font-semibold\">Ioana P.<\/strong><\/b> (farmacist, Bucure\u0219ti): \u201eProstalis a devenit rapid unul dintre suplimentele noastre cele mai c\u0103utate. Clien\u021bii revin adesea pentru a-l cump\u0103ra din nou, ceea ce indic\u0103 nivelul lor de satisfac\u021bie.\u201d<\/p>\n<p class=\"text-body font-regular leading-[24px] pt-[9px] pb-[2px]\" dir=\"ltr\"><b><strong class=\"font-semibold\">Mihai D.<\/strong><\/b> (specialist farmaceutic, Cluj-Napoca): \u201eFormula sa natural\u0103 \u0219i lipsa efectelor adverse semnificative sunt cele care \u00eel diferen\u021biaz\u0103 pe pia\u021b\u0103. Recomand Prostalis pacien\u021bilor mei cu \u00eencredere.\u201d<\/p>\n<p class=\"text-body font-regular leading-[24px] pt-[9px] pb-[2px]\" dir=\"ltr\"><b><strong class=\"font-semibold\">Radu G.<\/strong><\/b> (farmacist, Constan\u021ba): \u201eAm fost impresionat de ingredientele de \u00eenalt\u0103 calitate incluse \u00een Prostalis. Rezultatele observate la pacien\u021bi au fost notabile.\u201d<\/p>\n<h2 class=\"font-semibold pdf-heading-class-replace text-h3 leading-[40px] pt-[21px] pb-[2px] [&amp;_a]:underline-offset-[6px] [&amp;_.underline]:underline-offset-[6px]\" dir=\"ltr\">De unde s\u0103 cumperi Prostalis din farmacie, pre\u021b?<\/h2>\n<p class=\"text-body font-regular leading-[24px] pt-[9px] pb-[2px]\" dir=\"ltr\">Pentru cump\u0103rarea suplimentului Prostalis, viziteaz\u0103 farmacia noastr\u0103 online. Apas\u0103 pe butonul \u201eCump\u0103r\u0103\u201d, completeaz\u0103 datele \u00een formularul de comand\u0103 \u0219i selecteaz\u0103 metoda de livrare \u0219i plat\u0103 preferat\u0103. Pre\u021bul actual al produsului este de <b><strong class=\"font-semibold\">318 RON<\/strong><\/b>, iar momentan avem o <b><strong class=\"font-semibold\">reducere de 50%<\/strong><\/b>, valabil\u0103 p\u00e2n\u0103 la epuizarea stocurilor.<\/p>\n<p class=\"text-body font-regular leading-[24px] pt-[9px] pb-[2px]\" dir=\"ltr\">Livrarea se efectueaz\u0103 \u00een intervalul 24-72 de ore prin serviciile de curierat disponibile \u00een Rom\u00e2nia:<\/p>\n<ul class=\"pt-[9px] pb-[2px] pl-[24px] list-disc pt-[5px]\">\n<li class=\"text-body font-regular leading-[24px] my-[5px] [&amp;&gt;ol]:!pt-0 [&amp;&gt;ol]:!pb-0 [&amp;&gt;ul]:!pt-0 [&amp;&gt;ul]:!pb-0\" value=\"1\"><b><strong class=\"font-semibold\">Livrare prin curier<\/strong><\/b><\/li>\n<li class=\"text-body font-regular leading-[24px] my-[5px] [&amp;&gt;ol]:!pt-0 [&amp;&gt;ol]:!pb-0 [&amp;&gt;ul]:!pt-0 [&amp;&gt;ul]:!pb-0\" value=\"2\"><b><strong class=\"font-semibold\">Easybox<\/strong><\/b><\/li>\n<\/ul>\n<h2 class=\"font-semibold pdf-heading-class-replace text-h3 leading-[40px] pt-[21px] pb-[2px] [&amp;_a]:underline-offset-[6px] [&amp;_.underline]:underline-offset-[6px]\" dir=\"ltr\">\u00cel pot cump\u0103ra de la alte farmacii DM, Dr Max, Catena, Farmacia Tei?<\/h2>\n<p class=\"text-body font-regular leading-[24px] pt-[9px] pb-[2px]\" dir=\"ltr\">Prostalis nu este disponibil \u00een alte farmacii online din Rom\u00e2nia, precum Dr Max, Medifarm, Catena, Farmacia Tei, Sensiblu, Helpnet sau DM. Produsul este disponibil doar direct prin farmacia noastr\u0103, datorit\u0103 unui contract exclusiv cu produc\u0103torul.<\/p>\n<h2 class=\"font-semibold pdf-heading-class-replace text-h3 leading-[40px] pt-[21px] pb-[2px] [&amp;_a]:underline-offset-[6px] [&amp;_.underline]:underline-offset-[6px]\" dir=\"ltr\">Recenzii reale, comentarii, comentarii pe forum<\/h2>\n<p class=\"text-body font-regular leading-[24px] pt-[9px] pb-[2px]\" dir=\"ltr\">Clien\u021bii no\u0219tri au fost \u00eenc\u00e2nta\u021bi de efectele Prostalis:<\/p>\n<p class=\"text-body font-regular leading-[24px] pt-[9px] pb-[2px]\" dir=\"ltr\"><b><strong class=\"font-semibold\">Cristian M.<\/strong><\/b> (Timi\u0219oara): \u201eDup\u0103 doar dou\u0103 s\u0103pt\u0103m\u00e2ni de utilizare, am observat o diferen\u021b\u0103 semnificativ\u0103. Recomand cu c\u0103ldur\u0103!\u201d<\/p>\n<p class=\"text-body font-regular leading-[24px] pt-[9px] pb-[2px]\" dir=\"ltr\"><b><strong class=\"font-semibold\">Florin L.<\/strong><\/b> (Ia\u0219i): \u201eAm \u00eencercat multe solu\u021bii, dar Prostalis este singurul care m-a ajutat s\u0103 m\u0103 simt mai bine.\u201d<\/p>\n<p class=\"text-body font-regular leading-[24px] pt-[9px] pb-[2px]\" dir=\"ltr\"><b><strong class=\"font-semibold\">Andrei T.<\/strong><\/b> (Bra\u0219ov): \u201eLivrarea a fost rapid\u0103, iar produsul a dep\u0103\u0219it a\u0219tept\u0103rile mele. Mul\u021bumesc!\u201d<\/p>\n<h2 class=\"font-semibold pdf-heading-class-replace text-h3 leading-[40px] pt-[21px] pb-[2px] [&amp;_a]:underline-offset-[6px] [&amp;_.underline]:underline-offset-[6px]\" dir=\"ltr\">\u00centreb\u0103ri frecvente<\/h2>\n<ol class=\"pt-[9px] pb-[2px] pl-[26px] list-decimal\">\n<li class=\"text-body font-regular leading-[24px] my-[5px] [&amp;&gt;ol]:!pt-0 [&amp;&gt;ol]:!pb-0 [&amp;&gt;ul]:!pt-0 [&amp;&gt;ul]:!pb-0\" value=\"1\"><b><strong class=\"font-semibold\">Este sigur s\u0103 folosesc Prostalis?<\/strong><\/b><\/li>\n<\/ol>\n<p class=\"text-body font-regular leading-[24px] pt-[9px] pb-[2px]\" dir=\"ltr\">Da, Prostalis este un supliment alimentar fabricat din ingrediente naturale.<\/p>\n<ol class=\"pt-[9px] pb-[2px] pl-[26px] list-decimal\" start=\"2\">\n<li class=\"text-body font-regular leading-[24px] my-[5px] [&amp;&gt;ol]:!pt-0 [&amp;&gt;ol]:!pb-0 [&amp;&gt;ul]:!pt-0 [&amp;&gt;ul]:!pb-0\" value=\"2\"><b><strong class=\"font-semibold\">Are efecte secundare?<\/strong><\/b><\/li>\n<\/ol>\n<p class=\"text-body font-regular leading-[24px] pt-[9px] pb-[2px]\" dir=\"ltr\">Rareori apar reac\u021bii adverse, dar este indicat s\u0103 consul\u021bi un medic \u00eenainte de utilizare.<\/p>\n<ol class=\"pt-[9px] pb-[2px] pl-[26px] list-decimal\" start=\"3\">\n<li class=\"text-body font-regular leading-[24px] my-[5px] [&amp;&gt;ol]:!pt-0 [&amp;&gt;ol]:!pb-0 [&amp;&gt;ul]:!pt-0 [&amp;&gt;ul]:!pb-0\" value=\"3\"><b><strong class=\"font-semibold\">C\u00e2t timp trebuie s\u0103 iau Prostalis pentru rezultate optime?<\/strong><\/b><\/li>\n<\/ol>\n<p class=\"text-body font-regular leading-[24px] pt-[9px] pb-[2px]\" dir=\"ltr\">Rezultatele pot fi observate dup\u0103 2-4 s\u0103pt\u0103m\u00e2ni de utilizare continu\u0103.<\/p>\n","protected":false},"excerpt":{"rendered":"<p>Prostalis este un supliment alimentar dezvoltat pentru b\u0103rba\u021bii care se confrunt\u0103 cu probleme legate de prostat\u0103. Capsulele pentru prostatit\u0103 sunt [&hellip;]<\/p>\n","protected":false},"featured_media":251,"template":"","meta":{"site-sidebar-layout":"default","site-content-layout":"","ast-site-content-layout":"default","site-content-style":"default","site-sidebar-style":"default","ast-global-header-display":"","ast-banner-title-visibility":"","ast-main-header-display":"","ast-hfb-above-header-display":"","ast-hfb-below-header-display":"","ast-hfb-mobile-header-display":"","site-post-title":"","ast-breadcrumbs-content":"","ast-featured-img":"","footer-sml-layout":"","ast-disable-related-posts":"","theme-transparent-header-meta":"default","adv-header-id-meta":"","stick-header-meta":"","header-above-stick-meta":"","header-main-stick-meta":"","header-below-stick-meta":"","astra-migrate-meta-layouts":"set","ast-page-background-enabled":"default","ast-page-background-meta":{"desktop":{"background-color":"var(--ast-global-color-5)","background-image":"","background-repeat":"repeat","background-position":"center center","background-size":"auto","background-attachment":"scroll","background-type":"","background-media":"","overlay-type":"","overlay-color":"","overlay-opacity":"","overlay-gradient":""},"tablet":{"background-color":"","background-image":"","background-repeat":"repeat","background-position":"center center","background-size":"auto","background-attachment":"scroll","background-type":"","background-media":"","overlay-type":"","overlay-color":"","overlay-opacity":"","overlay-gradient":""},"mobile":{"background-color":"","background-image":"","background-repeat":"repeat","background-position":"center center","background-size":"auto","background-attachment":"scroll","background-type":"","background-media":"","overlay-type":"","overlay-color":"","overlay-opacity":"","overlay-gradient":""}},"ast-content-background-meta":{"desktop":{"background-color":"var(--ast-global-color-4)","background-image":"","background-repeat":"repeat","background-position":"center center","background-size":"auto","background-attachment":"scroll","background-type":"","background-media":"","overlay-type":"","overlay-color":"","overlay-opacity":"","overlay-gradient":""},"tablet":{"background-color":"var(--ast-global-color-4)","background-image":"","background-repeat":"repeat","background-position":"center center","background-size":"auto","background-attachment":"scroll","background-type":"","background-media":"","overlay-type":"","overlay-color":"","overlay-opacity":"","overlay-gradient":""},"mobile":{"background-color":"var(--ast-global-color-4)","background-image":"","background-repeat":"repeat","background-position":"center center","background-size":"auto","background-attachment":"scroll","background-type":"","background-media":"","overlay-type":"","overlay-color":"","overlay-opacity":"","overlay-gradient":""}},"iawp_total_views":2},"product_brand":[],"product_cat":[15],"product_tag":[],"class_list":{"0":"post-250","1":"product","2":"type-product","3":"status-publish","4":"has-post-thumbnail","6":"product_cat-sanatate","7":"desktop-align-left","8":"tablet-align-left","9":"mobile-align-left","11":"first","12":"instock","13":"sale","14":"shipping-taxable","15":"purchasable","16":"product-type-simple"},"yoast_head":"<!-- This site is optimized with the Yoast SEO plugin v27.6 - https:\/\/yoast.com\/product\/yoast-seo-wordpress\/ -->\n<title>Prostalis - Suplimente Naturale<\/title>\n<meta name=\"robots\" content=\"index, follow, max-snippet:-1, max-image-preview:large, max-video-preview:-1\" \/>\n<link rel=\"canonical\" href=\"https:\/\/policlinica-baiamare.ro\/farmacie\/produs\/prostalis\/\" \/>\n<meta property=\"og:locale\" content=\"ro_RO\" \/>\n<meta property=\"og:type\" content=\"article\" \/>\n<meta property=\"og:title\" content=\"Prostalis - Suplimente Naturale\" \/>\n<meta property=\"og:description\" content=\"Prostalis este un supliment alimentar dezvoltat pentru b\u0103rba\u021bii care se confrunt\u0103 cu probleme legate de prostat\u0103. Capsulele pentru prostatit\u0103 sunt [&hellip;]\" \/>\n<meta property=\"og:url\" content=\"https:\/\/policlinica-baiamare.ro\/farmacie\/produs\/prostalis\/\" \/>\n<meta property=\"og:site_name\" content=\"Suplimente Naturale\" \/>\n<meta property=\"og:image\" content=\"https:\/\/policlinica-baiamare.ro\/farmacie\/wp-content\/uploads\/2025\/06\/prostalis.jpg\" \/>\n\t<meta property=\"og:image:width\" content=\"250\" \/>\n\t<meta property=\"og:image:height\" content=\"300\" \/>\n\t<meta property=\"og:image:type\" content=\"image\/jpeg\" \/>\n<meta name=\"twitter:card\" content=\"summary_large_image\" \/>\n<meta name=\"twitter:label1\" content=\"Timp estimat pentru citire\" \/>\n\t<meta name=\"twitter:data1\" content=\"5 minute\" \/>\n<script type=\"application\/ld+json\" class=\"yoast-schema-graph\">{\"@context\":\"https:\\\/\\\/schema.org\",\"@graph\":[{\"@type\":\"WebPage\",\"@id\":\"https:\\\/\\\/policlinica-baiamare.ro\\\/farmacie\\\/produs\\\/prostalis\\\/\",\"url\":\"https:\\\/\\\/policlinica-baiamare.ro\\\/farmacie\\\/produs\\\/prostalis\\\/\",\"name\":\"Prostalis - Suplimente Naturale\",\"isPartOf\":{\"@id\":\"https:\\\/\\\/policlinica-baiamare.ro\\\/farmacie\\\/#website\"},\"primaryImageOfPage\":{\"@id\":\"https:\\\/\\\/policlinica-baiamare.ro\\\/farmacie\\\/produs\\\/prostalis\\\/#primaryimage\"},\"image\":{\"@id\":\"https:\\\/\\\/policlinica-baiamare.ro\\\/farmacie\\\/produs\\\/prostalis\\\/#primaryimage\"},\"thumbnailUrl\":\"https:\\\/\\\/policlinica-baiamare.ro\\\/farmacie\\\/wp-content\\\/uploads\\\/2025\\\/06\\\/prostalis.jpg\",\"datePublished\":\"2025-06-16T18:43:37+00:00\",\"breadcrumb\":{\"@id\":\"https:\\\/\\\/policlinica-baiamare.ro\\\/farmacie\\\/produs\\\/prostalis\\\/#breadcrumb\"},\"inLanguage\":\"ro-RO\",\"potentialAction\":[{\"@type\":\"ReadAction\",\"target\":[\"https:\\\/\\\/policlinica-baiamare.ro\\\/farmacie\\\/produs\\\/prostalis\\\/\"]}]},{\"@type\":\"ImageObject\",\"inLanguage\":\"ro-RO\",\"@id\":\"https:\\\/\\\/policlinica-baiamare.ro\\\/farmacie\\\/produs\\\/prostalis\\\/#primaryimage\",\"url\":\"https:\\\/\\\/policlinica-baiamare.ro\\\/farmacie\\\/wp-content\\\/uploads\\\/2025\\\/06\\\/prostalis.jpg\",\"contentUrl\":\"https:\\\/\\\/policlinica-baiamare.ro\\\/farmacie\\\/wp-content\\\/uploads\\\/2025\\\/06\\\/prostalis.jpg\",\"width\":250,\"height\":300,\"caption\":\"prostalis\"},{\"@type\":\"BreadcrumbList\",\"@id\":\"https:\\\/\\\/policlinica-baiamare.ro\\\/farmacie\\\/produs\\\/prostalis\\\/#breadcrumb\",\"itemListElement\":[{\"@type\":\"ListItem\",\"position\":1,\"name\":\"Prima pagin\u0103\",\"item\":\"https:\\\/\\\/policlinica-baiamare.ro\\\/farmacie\\\/\"},{\"@type\":\"ListItem\",\"position\":2,\"name\":\"Produse\",\"item\":\"https:\\\/\\\/policlinica-baiamare.ro\\\/farmacie\\\/\"},{\"@type\":\"ListItem\",\"position\":3,\"name\":\"Prostalis\"}]},{\"@type\":\"WebSite\",\"@id\":\"https:\\\/\\\/policlinica-baiamare.ro\\\/farmacie\\\/#website\",\"url\":\"https:\\\/\\\/policlinica-baiamare.ro\\\/farmacie\\\/\",\"name\":\"Suplimente Naturale\",\"description\":\"\",\"potentialAction\":[{\"@type\":\"SearchAction\",\"target\":{\"@type\":\"EntryPoint\",\"urlTemplate\":\"https:\\\/\\\/policlinica-baiamare.ro\\\/farmacie\\\/?s={search_term_string}\"},\"query-input\":{\"@type\":\"PropertyValueSpecification\",\"valueRequired\":true,\"valueName\":\"search_term_string\"}}],\"inLanguage\":\"ro-RO\"}]}<\/script>\n<!-- \/ Yoast SEO plugin. -->","yoast_head_json":{"title":"Prostalis - Suplimente Naturale","robots":{"index":"index","follow":"follow","max-snippet":"max-snippet:-1","max-image-preview":"max-image-preview:large","max-video-preview":"max-video-preview:-1"},"canonical":"https:\/\/policlinica-baiamare.ro\/farmacie\/produs\/prostalis\/","og_locale":"ro_RO","og_type":"article","og_title":"Prostalis - Suplimente Naturale","og_description":"Prostalis este un supliment alimentar dezvoltat pentru b\u0103rba\u021bii care se confrunt\u0103 cu probleme legate de prostat\u0103. Capsulele pentru prostatit\u0103 sunt [&hellip;]","og_url":"https:\/\/policlinica-baiamare.ro\/farmacie\/produs\/prostalis\/","og_site_name":"Suplimente Naturale","og_image":[{"width":250,"height":300,"url":"https:\/\/policlinica-baiamare.ro\/farmacie\/wp-content\/uploads\/2025\/06\/prostalis.jpg","type":"image\/jpeg"}],"twitter_card":"summary_large_image","twitter_misc":{"Timp estimat pentru citire":"5 minute"},"schema":{"@context":"https:\/\/schema.org","@graph":[{"@type":"WebPage","@id":"https:\/\/policlinica-baiamare.ro\/farmacie\/produs\/prostalis\/","url":"https:\/\/policlinica-baiamare.ro\/farmacie\/produs\/prostalis\/","name":"Prostalis - Suplimente Naturale","isPartOf":{"@id":"https:\/\/policlinica-baiamare.ro\/farmacie\/#website"},"primaryImageOfPage":{"@id":"https:\/\/policlinica-baiamare.ro\/farmacie\/produs\/prostalis\/#primaryimage"},"image":{"@id":"https:\/\/policlinica-baiamare.ro\/farmacie\/produs\/prostalis\/#primaryimage"},"thumbnailUrl":"https:\/\/policlinica-baiamare.ro\/farmacie\/wp-content\/uploads\/2025\/06\/prostalis.jpg","datePublished":"2025-06-16T18:43:37+00:00","breadcrumb":{"@id":"https:\/\/policlinica-baiamare.ro\/farmacie\/produs\/prostalis\/#breadcrumb"},"inLanguage":"ro-RO","potentialAction":[{"@type":"ReadAction","target":["https:\/\/policlinica-baiamare.ro\/farmacie\/produs\/prostalis\/"]}]},{"@type":"ImageObject","inLanguage":"ro-RO","@id":"https:\/\/policlinica-baiamare.ro\/farmacie\/produs\/prostalis\/#primaryimage","url":"https:\/\/policlinica-baiamare.ro\/farmacie\/wp-content\/uploads\/2025\/06\/prostalis.jpg","contentUrl":"https:\/\/policlinica-baiamare.ro\/farmacie\/wp-content\/uploads\/2025\/06\/prostalis.jpg","width":250,"height":300,"caption":"prostalis"},{"@type":"BreadcrumbList","@id":"https:\/\/policlinica-baiamare.ro\/farmacie\/produs\/prostalis\/#breadcrumb","itemListElement":[{"@type":"ListItem","position":1,"name":"Prima pagin\u0103","item":"https:\/\/policlinica-baiamare.ro\/farmacie\/"},{"@type":"ListItem","position":2,"name":"Produse","item":"https:\/\/policlinica-baiamare.ro\/farmacie\/"},{"@type":"ListItem","position":3,"name":"Prostalis"}]},{"@type":"WebSite","@id":"https:\/\/policlinica-baiamare.ro\/farmacie\/#website","url":"https:\/\/policlinica-baiamare.ro\/farmacie\/","name":"Suplimente Naturale","description":"","potentialAction":[{"@type":"SearchAction","target":{"@type":"EntryPoint","urlTemplate":"https:\/\/policlinica-baiamare.ro\/farmacie\/?s={search_term_string}"},"query-input":{"@type":"PropertyValueSpecification","valueRequired":true,"valueName":"search_term_string"}}],"inLanguage":"ro-RO"}]}},"_links":{"self":[{"href":"https:\/\/policlinica-baiamare.ro\/farmacie\/wp-json\/wp\/v2\/product\/250","targetHints":{"allow":["GET"]}}],"collection":[{"href":"https:\/\/policlinica-baiamare.ro\/farmacie\/wp-json\/wp\/v2\/product"}],"about":[{"href":"https:\/\/policlinica-baiamare.ro\/farmacie\/wp-json\/wp\/v2\/types\/product"}],"wp:featuredmedia":[{"embeddable":true,"href":"https:\/\/policlinica-baiamare.ro\/farmacie\/wp-json\/wp\/v2\/media\/251"}],"wp:attachment":[{"href":"https:\/\/policlinica-baiamare.ro\/farmacie\/wp-json\/wp\/v2\/media?parent=250"}],"wp:term":[{"taxonomy":"product_brand","embeddable":true,"href":"https:\/\/policlinica-baiamare.ro\/farmacie\/wp-json\/wp\/v2\/product_brand?post=250"},{"taxonomy":"product_cat","embeddable":true,"href":"https:\/\/policlinica-baiamare.ro\/farmacie\/wp-json\/wp\/v2\/product_cat?post=250"},{"taxonomy":"product_tag","embeddable":true,"href":"https:\/\/policlinica-baiamare.ro\/farmacie\/wp-json\/wp\/v2\/product_tag?post=250"}],"curies":[{"name":"wp","href":"https:\/\/api.w.org\/{rel}","templated":true}]}}