{"id":196,"date":"2025-05-05T16:56:56","date_gmt":"2025-05-05T16:56:56","guid":{"rendered":"https:\/\/policlinica-baiamare.ro\/farmacie\/?post_type=product&#038;p=196"},"modified":"2025-05-05T16:56:56","modified_gmt":"2025-05-05T16:56:56","slug":"viarex","status":"publish","type":"product","link":"https:\/\/policlinica-baiamare.ro\/farmacie\/produs\/viarex\/","title":{"rendered":"Viarex"},"content":{"rendered":"<p class=\"text-body font-regular leading-[24px] pt-[9px] pb-[2px]\" dir=\"ltr\">Viarex este un supliment alimentar dedicat b\u0103rba\u021bilor care doresc s\u0103 \u00ee\u0219i \u00eembun\u0103t\u0103\u021beasc\u0103 performan\u021ba \u0219i s\u0103 \u00ee\u0219i redescopere energia masculin\u0103. Aceste capsule sunt concepute pentru a sprijini cre\u0219terea libidoului, \u00eembun\u0103t\u0103\u021birea performan\u021bei sexuale \u0219i men\u021binerea st\u0103rii generale de bine. Cu un amestec atent formulat de ingrediente naturale \u0219i extracte active, Viarex ajut\u0103 la sus\u021binerea \u00eencrederii \u0219i vitalit\u0103\u021bii celor care \u00eel utilizeaz\u0103.<\/p>\n<p class=\"text-body font-regular leading-[24px] pt-[9px] pb-[2px]\" dir=\"ltr\">Este o solu\u021bie ideal\u0103 pentru b\u0103rba\u021bii care se confrunt\u0103 cu stres, oboseal\u0103 sau dezechilibru hormonal care pot afecta performan\u021ba \u0219i dorin\u021ba. Prin utilizarea Viarex, se poate redescoperi poten\u021bialul maxim, f\u0103r\u0103 efecte secundare negative.<\/p>\n<h2 class=\"font-bold text-h3 leading-[40px] pt-[21px] pb-[2px] [&amp;_a]:underline-offset-[6px] [&amp;_.underline]:underline-offset-[6px]\" dir=\"ltr\">Ingrediente (substan\u021be active)<\/h2>\n<p class=\"text-body font-regular leading-[24px] pt-[9px] pb-[2px]\" dir=\"ltr\">Ingredien\u021bele din Viarex au fost selectate cu aten\u021bie pentru a oferi beneficii maxime utilizatorilor. Fiecare substan\u021b\u0103 activ\u0103 joac\u0103 un rol unic \u0219i important \u00een sus\u021binerea s\u0103n\u0103t\u0103\u021bii masculine. Iat\u0103 un detaliu al principalelor componente:<\/p>\n<ul class=\"pt-[9px] pb-[2px] pl-[24px] list-inside list-disc pt-[5px]\">\n<li class=\"text-body font-regular leading-[24px] my-[5px] [&amp;&gt;ol]:!pt-0 [&amp;&gt;ol]:!pb-0 [&amp;&gt;ul]:!pt-0 [&amp;&gt;ul]:!pb-0\" value=\"1\"><b><strong class=\"font-bold\">Extract de Tribulus Terrestris<\/strong><\/b><\/li>\n<\/ul>\n<p class=\"text-body font-regular leading-[24px] pt-[9px] pb-[2px]\" dir=\"ltr\">Cunoscut pentru capacitatea sa de a stimula produc\u021bia natural\u0103 de testosteron, acest extract ajut\u0103 la cre\u0219terea libidoului \u0219i sus\u021binerea func\u021biei sexuale.<\/p>\n<ul class=\"pt-[9px] pb-[2px] pl-[24px] list-inside list-disc pt-[5px]\">\n<li class=\"text-body font-regular leading-[24px] my-[5px] [&amp;&gt;ol]:!pt-0 [&amp;&gt;ol]:!pb-0 [&amp;&gt;ul]:!pt-0 [&amp;&gt;ul]:!pb-0\" value=\"1\"><b><strong class=\"font-bold\">Extract de Maca<\/strong><\/b><\/li>\n<\/ul>\n<p class=\"text-body font-regular leading-[24px] pt-[9px] pb-[2px]\" dir=\"ltr\">Un adaptogen puternic, Maca este renumit pentru faptul c\u0103 \u00eembun\u0103t\u0103\u021be\u0219te nivelul de energie \u0219i rezisten\u021ba, ajut\u00e2nd la reducerea oboselii \u0219i sporind dorin\u021ba sexual\u0103.<\/p>\n<ul class=\"pt-[9px] pb-[2px] pl-[24px] list-inside list-disc pt-[5px]\">\n<li class=\"text-body font-regular leading-[24px] my-[5px] [&amp;&gt;ol]:!pt-0 [&amp;&gt;ol]:!pb-0 [&amp;&gt;ul]:!pt-0 [&amp;&gt;ul]:!pb-0\" value=\"1\"><b><strong class=\"font-bold\">Extract de Ginseng<\/strong><\/b><\/li>\n<\/ul>\n<p class=\"text-body font-regular leading-[24px] pt-[9px] pb-[2px]\" dir=\"ltr\">Ginsengul ofer\u0103 un efect energizant \u0219i ajut\u0103 la \u00eembun\u0103t\u0103\u021birea fluxului sanguin, esen\u021bial pentru men\u021binerea unei performan\u021be de calitate.<\/p>\n<ul class=\"pt-[9px] pb-[2px] pl-[24px] list-inside list-disc pt-[5px]\">\n<li class=\"text-body font-regular leading-[24px] my-[5px] [&amp;&gt;ol]:!pt-0 [&amp;&gt;ol]:!pb-0 [&amp;&gt;ul]:!pt-0 [&amp;&gt;ul]:!pb-0\" value=\"1\"><b><strong class=\"font-bold\">Extract din Semin\u021be de Schinduf<\/strong><\/b><\/li>\n<\/ul>\n<p class=\"text-body font-regular leading-[24px] pt-[9px] pb-[2px]\" dir=\"ltr\">Aceast\u0103 plant\u0103 este recunoscut\u0103 pentru \u00eembun\u0103t\u0103\u021birea echilibrului hormonal \u0219i a libidoului, favoriz\u00e2nd \u0219i cre\u0219terea masei musculare.<\/p>\n<ul class=\"pt-[9px] pb-[2px] pl-[24px] list-inside list-disc pt-[5px]\">\n<li class=\"text-body font-regular leading-[24px] my-[5px] [&amp;&gt;ol]:!pt-0 [&amp;&gt;ol]:!pb-0 [&amp;&gt;ul]:!pt-0 [&amp;&gt;ul]:!pb-0\" value=\"1\"><b><strong class=\"font-bold\">L-Arginin\u0103<\/strong><\/b><\/li>\n<\/ul>\n<p class=\"text-body font-regular leading-[24px] pt-[9px] pb-[2px]\" dir=\"ltr\">Un aminoacid care sus\u021bine s\u0103n\u0103tatea vascular\u0103, L-arginina \u00eembun\u0103t\u0103\u021be\u0219te circula\u021bia sanguin\u0103, contribuind la sus\u021binerea func\u021biei erectile.<\/p>\n<h2 class=\"font-bold text-h3 leading-[40px] pt-[21px] pb-[2px] [&amp;_a]:underline-offset-[6px] [&amp;_.underline]:underline-offset-[6px]\" dir=\"ltr\">Efecte \u0219i beneficii<\/h2>\n<p class=\"text-body font-regular leading-[24px] pt-[9px] pb-[2px]\" dir=\"ltr\">Prin utilizarea regulat\u0103 a Viarex, utilizatorii pot experimenta urm\u0103toarele beneficii semnificative:<\/p>\n<ul class=\"pt-[9px] pb-[2px] pl-[24px] list-inside list-disc pt-[5px]\">\n<li class=\"text-body font-regular leading-[24px] my-[5px] [&amp;&gt;ol]:!pt-0 [&amp;&gt;ol]:!pb-0 [&amp;&gt;ul]:!pt-0 [&amp;&gt;ul]:!pb-0\" value=\"1\">Cre\u0219terea nivelului de energie \u0219i vitalitate.<\/li>\n<li class=\"text-body font-regular leading-[24px] my-[5px] [&amp;&gt;ol]:!pt-0 [&amp;&gt;ol]:!pb-0 [&amp;&gt;ul]:!pt-0 [&amp;&gt;ul]:!pb-0\" value=\"2\">Stimularea dorin\u021bei sexuale \u0219i sporirea performan\u021belor.<\/li>\n<li class=\"text-body font-regular leading-[24px] my-[5px] [&amp;&gt;ol]:!pt-0 [&amp;&gt;ol]:!pb-0 [&amp;&gt;ul]:!pt-0 [&amp;&gt;ul]:!pb-0\" value=\"3\">\u00cembun\u0103t\u0103\u021birea circula\u021biei s\u00e2ngelui \u0219i sus\u021binerea func\u021biei erectile.<\/li>\n<li class=\"text-body font-regular leading-[24px] my-[5px] [&amp;&gt;ol]:!pt-0 [&amp;&gt;ol]:!pb-0 [&amp;&gt;ul]:!pt-0 [&amp;&gt;ul]:!pb-0\" value=\"4\">Men\u021binerea s\u0103n\u0103t\u0103\u021bii hormonale optime.<\/li>\n<li class=\"text-body font-regular leading-[24px] my-[5px] [&amp;&gt;ol]:!pt-0 [&amp;&gt;ol]:!pb-0 [&amp;&gt;ul]:!pt-0 [&amp;&gt;ul]:!pb-0\" value=\"5\">Reducerea oboselii psihice \u0219i fizice, pentru o stare general\u0103 de bine.<\/li>\n<li class=\"text-body font-regular leading-[24px] my-[5px] [&amp;&gt;ol]:!pt-0 [&amp;&gt;ol]:!pb-0 [&amp;&gt;ul]:!pt-0 [&amp;&gt;ul]:!pb-0\" value=\"6\">Cre\u0219terea \u00eencrederii \u00een sine prin sporirea performan\u021bei \u0219i a satisfac\u021biei.<\/li>\n<\/ul>\n<p class=\"text-body font-regular leading-[24px] pt-[9px] pb-[2px]\" dir=\"ltr\">Fiind formulat cu ingrediente naturale, Viarex ofer\u0103 un sprijin sigur \u0219i eficient, f\u0103r\u0103 riscuri pentru s\u0103n\u0103tate.<\/p>\n<h2 class=\"font-bold text-h3 leading-[40px] pt-[21px] pb-[2px] [&amp;_a]:underline-offset-[6px] [&amp;_.underline]:underline-offset-[6px]\" dir=\"ltr\">Viarex prospect, mod de utilizare<\/h2>\n<p class=\"text-body font-regular leading-[24px] pt-[9px] pb-[2px]\" dir=\"ltr\">Pentru cele mai bune rezultate, respecta\u021bi urm\u0103toarele instruc\u021biuni de utilizare:<\/p>\n<ol class=\"pt-[9px] pb-[2px] pl-[24px] list-inside list-decimal\">\n<li class=\"text-body font-regular leading-[24px] my-[5px] [&amp;&gt;ol]:!pt-0 [&amp;&gt;ol]:!pb-0 [&amp;&gt;ul]:!pt-0 [&amp;&gt;ul]:!pb-0\" value=\"1\">Lua\u021bi <b><strong class=\"font-bold\">2 capsule Viarex<\/strong><\/b> zilnic, preferabil dup\u0103 mas\u0103, cu un pahar mare de ap\u0103.<\/li>\n<li class=\"text-body font-regular leading-[24px] my-[5px] [&amp;&gt;ol]:!pt-0 [&amp;&gt;ol]:!pb-0 [&amp;&gt;ul]:!pt-0 [&amp;&gt;ul]:!pb-0\" value=\"2\">Pentru un efect optim, este recomandat\u0103 utilizarea continu\u0103 timp de <b><strong class=\"font-bold\">cel pu\u021bin 30 de zile<\/strong><\/b>.<\/li>\n<li class=\"text-body font-regular leading-[24px] my-[5px] [&amp;&gt;ol]:!pt-0 [&amp;&gt;ol]:!pb-0 [&amp;&gt;ul]:!pt-0 [&amp;&gt;ul]:!pb-0\" value=\"3\">Evita\u021bi dep\u0103\u0219irea dozei zilnice recomandate.<\/li>\n<\/ol>\n<p class=\"text-body font-regular leading-[24px] pt-[9px] pb-[2px]\" dir=\"ltr\">Este important s\u0103 urma\u021bi ghidul de administrare pentru a v\u0103 bucura de beneficiile maxime oferite de supliment.<\/p>\n<h2 class=\"font-bold text-h3 leading-[40px] pt-[21px] pb-[2px] [&amp;_a]:underline-offset-[6px] [&amp;_.underline]:underline-offset-[6px]\" dir=\"ltr\">Opinia farmacistului<\/h2>\n<p class=\"text-body font-regular leading-[24px] pt-[9px] pb-[2px]\" dir=\"ltr\">Utilizatorii Viarex din Rom\u00e2nia au \u00eemp\u0103rt\u0103\u0219it experien\u021bele lor pozitive cu acest produs:<\/p>\n<ul class=\"pt-[9px] pb-[2px] pl-[24px] list-inside list-disc pt-[5px]\">\n<li class=\"text-body font-regular leading-[24px] my-[5px] [&amp;&gt;ol]:!pt-0 [&amp;&gt;ol]:!pb-0 [&amp;&gt;ul]:!pt-0 [&amp;&gt;ul]:!pb-0\" value=\"1\"><b><strong class=\"font-bold\">Florin, 42 de ani, Bucure\u0219ti:<\/strong><\/b> \u201eUn produs excelent! M\u0103 simt mai plin de energie \u0219i \u00eencrederea \u00een sine a revenit. Recomand cu drag!\u201d<\/li>\n<li class=\"text-body font-regular leading-[24px] my-[5px] [&amp;&gt;ol]:!pt-0 [&amp;&gt;ol]:!pb-0 [&amp;&gt;ul]:!pt-0 [&amp;&gt;ul]:!pb-0\" value=\"2\"><b><strong class=\"font-bold\">Marius, 35 de ani, Cluj:<\/strong><\/b> \u201eAm observat o schimbare major\u0103 \u00eenc\u0103 din primele s\u0103pt\u0103m\u00e2ni. Este un supliment de calitate, iar ingredientele naturale sunt un plus.\u201d<\/li>\n<li class=\"text-body font-regular leading-[24px] my-[5px] [&amp;&gt;ol]:!pt-0 [&amp;&gt;ol]:!pb-0 [&amp;&gt;ul]:!pt-0 [&amp;&gt;ul]:!pb-0\" value=\"3\"><b><strong class=\"font-bold\">Andrei, 39 de ani, Timi\u0219oara:<\/strong><\/b> \u201eViarex mi-a \u00eembun\u0103t\u0103\u021bit nu doar via\u021ba personal\u0103, ci \u0219i nivelul de energie zilnic. Sunt foarte mul\u021bumit de rezultate.\u201d<\/li>\n<\/ul>\n<h2 class=\"font-bold text-h3 leading-[40px] pt-[21px] pb-[2px] [&amp;_a]:underline-offset-[6px] [&amp;_.underline]:underline-offset-[6px]\" dir=\"ltr\">De unde s\u0103 cumperi Viarex din farmacie, pre\u021b?<\/h2>\n<p class=\"text-body font-regular leading-[24px] pt-[9px] pb-[2px]\" dir=\"ltr\">Pentru achizi\u021bionarea suplimentului Viarex, vizita\u021bi farmacia noastr\u0103 online.<\/p>\n<ol class=\"pt-[9px] pb-[2px] pl-[24px] list-inside list-decimal\">\n<li class=\"text-body font-regular leading-[24px] my-[5px] [&amp;&gt;ol]:!pt-0 [&amp;&gt;ol]:!pb-0 [&amp;&gt;ul]:!pt-0 [&amp;&gt;ul]:!pb-0\" value=\"1\"><b><strong class=\"font-bold\">Ap\u0103sa\u021bi butonul \u201eCump\u0103r\u0103\u201d<\/strong><\/b>, completa\u021bi datele \u00een formularul de comand\u0103 \u0219i alege\u021bi op\u021biunea preferat\u0103 de livrare \u0219i plat\u0103.<\/li>\n<li class=\"text-body font-regular leading-[24px] my-[5px] [&amp;&gt;ol]:!pt-0 [&amp;&gt;ol]:!pb-0 [&amp;&gt;ul]:!pt-0 [&amp;&gt;ul]:!pb-0\" value=\"2\"><b><strong class=\"font-bold\">Pre\u021bul curent al produsului este de 298 RON<\/strong><\/b>, dar profit\u0103 de reducerea de 50% disponibil\u0103 p\u00e2n\u0103 la epuizarea stocurilor.<\/li>\n<\/ol>\n<p class=\"text-body font-regular leading-[24px] pt-[9px] pb-[2px]\" dir=\"ltr\">Livrarea se face \u00een 24-72 de ore prin servicii de curierat disponibile \u00een Rom\u00e2nia, cu op\u021biuni precum:<\/p>\n<ul class=\"pt-[9px] pb-[2px] pl-[24px] list-inside list-disc pt-[5px]\">\n<li class=\"text-body font-regular leading-[24px] my-[5px] [&amp;&gt;ol]:!pt-0 [&amp;&gt;ol]:!pb-0 [&amp;&gt;ul]:!pt-0 [&amp;&gt;ul]:!pb-0\" value=\"1\">Livrare prin curier.<\/li>\n<li class=\"text-body font-regular leading-[24px] my-[5px] [&amp;&gt;ol]:!pt-0 [&amp;&gt;ol]:!pb-0 [&amp;&gt;ul]:!pt-0 [&amp;&gt;ul]:!pb-0\" value=\"2\">Easybox.<\/li>\n<\/ul>\n<h2 class=\"font-bold text-h3 leading-[40px] pt-[21px] pb-[2px] [&amp;_a]:underline-offset-[6px] [&amp;_.underline]:underline-offset-[6px]\" dir=\"ltr\">\u00cel pot cump\u0103ra de la alte farmacii DM, Dr Max, Catena, Farmacia Tei?<\/h2>\n<p class=\"text-body font-regular leading-[24px] pt-[9px] pb-[2px]\" dir=\"ltr\">Momentan, Viarex <b><strong class=\"font-bold\">nu poate fi achizi\u021bionat din alte farmacii online<\/strong><\/b> din Rom\u00e2nia, precum Dr Max, Catena, Farmacia Tei, Sensiblu, Helpnet sau DM.<\/p>\n<p class=\"text-body font-regular leading-[24px] pt-[9px] pb-[2px]\" dir=\"ltr\">Acest produs este disponibil exclusiv prin intermediul farmaciei noastre, care de\u021bine un contract direct cu produc\u0103torul.<\/p>\n<h2 class=\"font-bold text-h3 leading-[40px] pt-[21px] pb-[2px] [&amp;_a]:underline-offset-[6px] [&amp;_.underline]:underline-offset-[6px]\" dir=\"ltr\">Recenzii reale, comentarii, comentarii pe forum<\/h2>\n<p class=\"text-body font-regular leading-[24px] pt-[9px] pb-[2px]\" dir=\"ltr\">Utilizatori din \u00eentreaga \u021bar\u0103 au \u00eemp\u0103rt\u0103\u0219it pe forumuri experien\u021bele lor privind Viarex:<\/p>\n<ul class=\"pt-[9px] pb-[2px] pl-[24px] list-inside list-disc pt-[5px]\">\n<li class=\"text-body font-regular leading-[24px] my-[5px] [&amp;&gt;ol]:!pt-0 [&amp;&gt;ol]:!pb-0 [&amp;&gt;ul]:!pt-0 [&amp;&gt;ul]:!pb-0\" value=\"1\">\u201eEfect rapid \u0219i rezultate care \u00ee\u0219i merit\u0103 investi\u021bia.\u201d<\/li>\n<li class=\"text-body font-regular leading-[24px] my-[5px] [&amp;&gt;ol]:!pt-0 [&amp;&gt;ol]:!pb-0 [&amp;&gt;ul]:!pt-0 [&amp;&gt;ul]:!pb-0\" value=\"2\">\u201eIngrediente naturale care chiar func\u021bioneaz\u0103. Recomand tuturor care au nevoie de acest supliment.\u201d<\/li>\n<li class=\"text-body font-regular leading-[24px] my-[5px] [&amp;&gt;ol]:!pt-0 [&amp;&gt;ol]:!pb-0 [&amp;&gt;ul]:!pt-0 [&amp;&gt;ul]:!pb-0\" value=\"3\">\u201eUn produs pe care te po\u021bi baza, livrare rapid\u0103 \u0219i zero probleme.\u201d<\/li>\n<\/ul>\n<h2 class=\"font-bold text-h3 leading-[40px] pt-[21px] pb-[2px] [&amp;_a]:underline-offset-[6px] [&amp;_.underline]:underline-offset-[6px]\" dir=\"ltr\">\u00centreb\u0103ri frecvente<\/h2>\n<p class=\"text-body font-regular leading-[24px] pt-[9px] pb-[2px]\" dir=\"ltr\"><b><strong class=\"font-bold\">Viarex este sigur pentru utilizare?<\/strong><\/b><\/p>\n<p class=\"text-body font-regular leading-[24px] pt-[9px] pb-[2px]\" dir=\"ltr\">Da, fiind formulat din ingrediente naturale, Viarex este sigur pentru utilizare conform instruc\u021biunilor.<\/p>\n<p class=\"text-body font-regular leading-[24px] pt-[9px] pb-[2px]\" dir=\"ltr\"><b><strong class=\"font-bold\">Exist\u0103 efecte secundare?<\/strong><\/b><\/p>\n<p class=\"text-body font-regular leading-[24px] pt-[9px] pb-[2px]\" dir=\"ltr\">Nu au fost raportate efecte adverse semnificative. Consulta\u021bi un medic dac\u0103 ave\u021bi alergii sau afec\u021biuni medicale preexistente.<\/p>\n<p class=\"text-body font-regular leading-[24px] pt-[9px] pb-[2px]\" dir=\"ltr\"><b><strong class=\"font-bold\">Pot utiliza Viarex cu alte suplimente?<\/strong><\/b><\/p>\n<p class=\"text-body font-regular leading-[24px] pt-[9px] pb-[2px]\" dir=\"ltr\">Viarex poate fi utilizat \u00eempreun\u0103 cu alte suplimente, dar consulta\u021bi un specialist pentru siguran\u021b\u0103 suplimentar\u0103.<\/p>\n<p class=\"text-body font-regular leading-[24px] pt-[9px] pb-[2px]\" dir=\"ltr\"><b><strong class=\"font-bold\">Ce durat\u0103 trebuie s\u0103 aib\u0103 utilizarea pentru rezultate optime?<\/strong><\/b><\/p>\n<p class=\"text-body font-regular leading-[24px] pt-[9px] pb-[2px]\" dir=\"ltr\">Rezultatele semnificative apar, de obicei, dup\u0103 cel pu\u021bin 30 de zile de utilizare continu\u0103 a produsului.<\/p>\n","protected":false},"excerpt":{"rendered":"<p>Viarex este un supliment alimentar dedicat b\u0103rba\u021bilor care doresc s\u0103 \u00ee\u0219i \u00eembun\u0103t\u0103\u021beasc\u0103 performan\u021ba \u0219i s\u0103 \u00ee\u0219i redescopere energia masculin\u0103. Aceste [&hellip;]<\/p>\n","protected":false},"featured_media":197,"template":"","meta":{"site-sidebar-layout":"default","site-content-layout":"","ast-site-content-layout":"default","site-content-style":"default","site-sidebar-style":"default","ast-global-header-display":"","ast-banner-title-visibility":"","ast-main-header-display":"","ast-hfb-above-header-display":"","ast-hfb-below-header-display":"","ast-hfb-mobile-header-display":"","site-post-title":"","ast-breadcrumbs-content":"","ast-featured-img":"","footer-sml-layout":"","ast-disable-related-posts":"","theme-transparent-header-meta":"default","adv-header-id-meta":"","stick-header-meta":"","header-above-stick-meta":"","header-main-stick-meta":"","header-below-stick-meta":"","astra-migrate-meta-layouts":"set","ast-page-background-enabled":"default","ast-page-background-meta":{"desktop":{"background-color":"var(--ast-global-color-5)","background-image":"","background-repeat":"repeat","background-position":"center center","background-size":"auto","background-attachment":"scroll","background-type":"","background-media":"","overlay-type":"","overlay-color":"","overlay-opacity":"","overlay-gradient":""},"tablet":{"background-color":"","background-image":"","background-repeat":"repeat","background-position":"center center","background-size":"auto","background-attachment":"scroll","background-type":"","background-media":"","overlay-type":"","overlay-color":"","overlay-opacity":"","overlay-gradient":""},"mobile":{"background-color":"","background-image":"","background-repeat":"repeat","background-position":"center center","background-size":"auto","background-attachment":"scroll","background-type":"","background-media":"","overlay-type":"","overlay-color":"","overlay-opacity":"","overlay-gradient":""}},"ast-content-background-meta":{"desktop":{"background-color":"var(--ast-global-color-4)","background-image":"","background-repeat":"repeat","background-position":"center center","background-size":"auto","background-attachment":"scroll","background-type":"","background-media":"","overlay-type":"","overlay-color":"","overlay-opacity":"","overlay-gradient":""},"tablet":{"background-color":"var(--ast-global-color-4)","background-image":"","background-repeat":"repeat","background-position":"center center","background-size":"auto","background-attachment":"scroll","background-type":"","background-media":"","overlay-type":"","overlay-color":"","overlay-opacity":"","overlay-gradient":""},"mobile":{"background-color":"var(--ast-global-color-4)","background-image":"","background-repeat":"repeat","background-position":"center center","background-size":"auto","background-attachment":"scroll","background-type":"","background-media":"","overlay-type":"","overlay-color":"","overlay-opacity":"","overlay-gradient":""}},"iawp_total_views":148},"product_brand":[],"product_cat":[17],"product_tag":[],"class_list":{"0":"post-196","1":"product","2":"type-product","3":"status-publish","4":"has-post-thumbnail","6":"product_cat-potenta","7":"desktop-align-left","8":"tablet-align-left","9":"mobile-align-left","11":"first","12":"instock","13":"sale","14":"shipping-taxable","15":"purchasable","16":"product-type-simple"},"yoast_head":"<!-- This site is optimized with the Yoast SEO plugin v27.6 - https:\/\/yoast.com\/product\/yoast-seo-wordpress\/ -->\n<title>Viarex - Suplimente Naturale<\/title>\n<meta name=\"robots\" content=\"index, follow, max-snippet:-1, max-image-preview:large, max-video-preview:-1\" \/>\n<link rel=\"canonical\" href=\"https:\/\/policlinica-baiamare.ro\/farmacie\/produs\/viarex\/\" \/>\n<meta property=\"og:locale\" content=\"ro_RO\" \/>\n<meta property=\"og:type\" content=\"article\" \/>\n<meta property=\"og:title\" content=\"Viarex - Suplimente Naturale\" \/>\n<meta property=\"og:description\" content=\"Viarex este un supliment alimentar dedicat b\u0103rba\u021bilor care doresc s\u0103 \u00ee\u0219i \u00eembun\u0103t\u0103\u021beasc\u0103 performan\u021ba \u0219i s\u0103 \u00ee\u0219i redescopere energia masculin\u0103. Aceste [&hellip;]\" \/>\n<meta property=\"og:url\" content=\"https:\/\/policlinica-baiamare.ro\/farmacie\/produs\/viarex\/\" \/>\n<meta property=\"og:site_name\" content=\"Suplimente Naturale\" \/>\n<meta property=\"og:image\" content=\"https:\/\/policlinica-baiamare.ro\/farmacie\/wp-content\/uploads\/2025\/05\/viarex.jpg\" \/>\n\t<meta property=\"og:image:width\" content=\"250\" \/>\n\t<meta property=\"og:image:height\" content=\"300\" \/>\n\t<meta property=\"og:image:type\" content=\"image\/jpeg\" \/>\n<meta name=\"twitter:card\" content=\"summary_large_image\" \/>\n<meta name=\"twitter:label1\" content=\"Timp estimat pentru citire\" \/>\n\t<meta name=\"twitter:data1\" content=\"5 minute\" \/>\n<script type=\"application\/ld+json\" class=\"yoast-schema-graph\">{\"@context\":\"https:\\\/\\\/schema.org\",\"@graph\":[{\"@type\":\"WebPage\",\"@id\":\"https:\\\/\\\/policlinica-baiamare.ro\\\/farmacie\\\/produs\\\/viarex\\\/\",\"url\":\"https:\\\/\\\/policlinica-baiamare.ro\\\/farmacie\\\/produs\\\/viarex\\\/\",\"name\":\"Viarex - Suplimente Naturale\",\"isPartOf\":{\"@id\":\"https:\\\/\\\/policlinica-baiamare.ro\\\/farmacie\\\/#website\"},\"primaryImageOfPage\":{\"@id\":\"https:\\\/\\\/policlinica-baiamare.ro\\\/farmacie\\\/produs\\\/viarex\\\/#primaryimage\"},\"image\":{\"@id\":\"https:\\\/\\\/policlinica-baiamare.ro\\\/farmacie\\\/produs\\\/viarex\\\/#primaryimage\"},\"thumbnailUrl\":\"https:\\\/\\\/policlinica-baiamare.ro\\\/farmacie\\\/wp-content\\\/uploads\\\/2025\\\/05\\\/viarex.jpg\",\"datePublished\":\"2025-05-05T16:56:56+00:00\",\"breadcrumb\":{\"@id\":\"https:\\\/\\\/policlinica-baiamare.ro\\\/farmacie\\\/produs\\\/viarex\\\/#breadcrumb\"},\"inLanguage\":\"ro-RO\",\"potentialAction\":[{\"@type\":\"ReadAction\",\"target\":[\"https:\\\/\\\/policlinica-baiamare.ro\\\/farmacie\\\/produs\\\/viarex\\\/\"]}]},{\"@type\":\"ImageObject\",\"inLanguage\":\"ro-RO\",\"@id\":\"https:\\\/\\\/policlinica-baiamare.ro\\\/farmacie\\\/produs\\\/viarex\\\/#primaryimage\",\"url\":\"https:\\\/\\\/policlinica-baiamare.ro\\\/farmacie\\\/wp-content\\\/uploads\\\/2025\\\/05\\\/viarex.jpg\",\"contentUrl\":\"https:\\\/\\\/policlinica-baiamare.ro\\\/farmacie\\\/wp-content\\\/uploads\\\/2025\\\/05\\\/viarex.jpg\",\"width\":250,\"height\":300,\"caption\":\"viarex\"},{\"@type\":\"BreadcrumbList\",\"@id\":\"https:\\\/\\\/policlinica-baiamare.ro\\\/farmacie\\\/produs\\\/viarex\\\/#breadcrumb\",\"itemListElement\":[{\"@type\":\"ListItem\",\"position\":1,\"name\":\"Prima pagin\u0103\",\"item\":\"https:\\\/\\\/policlinica-baiamare.ro\\\/farmacie\\\/\"},{\"@type\":\"ListItem\",\"position\":2,\"name\":\"Produse\",\"item\":\"https:\\\/\\\/policlinica-baiamare.ro\\\/farmacie\\\/\"},{\"@type\":\"ListItem\",\"position\":3,\"name\":\"Viarex\"}]},{\"@type\":\"WebSite\",\"@id\":\"https:\\\/\\\/policlinica-baiamare.ro\\\/farmacie\\\/#website\",\"url\":\"https:\\\/\\\/policlinica-baiamare.ro\\\/farmacie\\\/\",\"name\":\"Suplimente Naturale\",\"description\":\"\",\"potentialAction\":[{\"@type\":\"SearchAction\",\"target\":{\"@type\":\"EntryPoint\",\"urlTemplate\":\"https:\\\/\\\/policlinica-baiamare.ro\\\/farmacie\\\/?s={search_term_string}\"},\"query-input\":{\"@type\":\"PropertyValueSpecification\",\"valueRequired\":true,\"valueName\":\"search_term_string\"}}],\"inLanguage\":\"ro-RO\"}]}<\/script>\n<!-- \/ Yoast SEO plugin. -->","yoast_head_json":{"title":"Viarex - Suplimente Naturale","robots":{"index":"index","follow":"follow","max-snippet":"max-snippet:-1","max-image-preview":"max-image-preview:large","max-video-preview":"max-video-preview:-1"},"canonical":"https:\/\/policlinica-baiamare.ro\/farmacie\/produs\/viarex\/","og_locale":"ro_RO","og_type":"article","og_title":"Viarex - Suplimente Naturale","og_description":"Viarex este un supliment alimentar dedicat b\u0103rba\u021bilor care doresc s\u0103 \u00ee\u0219i \u00eembun\u0103t\u0103\u021beasc\u0103 performan\u021ba \u0219i s\u0103 \u00ee\u0219i redescopere energia masculin\u0103. Aceste [&hellip;]","og_url":"https:\/\/policlinica-baiamare.ro\/farmacie\/produs\/viarex\/","og_site_name":"Suplimente Naturale","og_image":[{"width":250,"height":300,"url":"https:\/\/policlinica-baiamare.ro\/farmacie\/wp-content\/uploads\/2025\/05\/viarex.jpg","type":"image\/jpeg"}],"twitter_card":"summary_large_image","twitter_misc":{"Timp estimat pentru citire":"5 minute"},"schema":{"@context":"https:\/\/schema.org","@graph":[{"@type":"WebPage","@id":"https:\/\/policlinica-baiamare.ro\/farmacie\/produs\/viarex\/","url":"https:\/\/policlinica-baiamare.ro\/farmacie\/produs\/viarex\/","name":"Viarex - Suplimente Naturale","isPartOf":{"@id":"https:\/\/policlinica-baiamare.ro\/farmacie\/#website"},"primaryImageOfPage":{"@id":"https:\/\/policlinica-baiamare.ro\/farmacie\/produs\/viarex\/#primaryimage"},"image":{"@id":"https:\/\/policlinica-baiamare.ro\/farmacie\/produs\/viarex\/#primaryimage"},"thumbnailUrl":"https:\/\/policlinica-baiamare.ro\/farmacie\/wp-content\/uploads\/2025\/05\/viarex.jpg","datePublished":"2025-05-05T16:56:56+00:00","breadcrumb":{"@id":"https:\/\/policlinica-baiamare.ro\/farmacie\/produs\/viarex\/#breadcrumb"},"inLanguage":"ro-RO","potentialAction":[{"@type":"ReadAction","target":["https:\/\/policlinica-baiamare.ro\/farmacie\/produs\/viarex\/"]}]},{"@type":"ImageObject","inLanguage":"ro-RO","@id":"https:\/\/policlinica-baiamare.ro\/farmacie\/produs\/viarex\/#primaryimage","url":"https:\/\/policlinica-baiamare.ro\/farmacie\/wp-content\/uploads\/2025\/05\/viarex.jpg","contentUrl":"https:\/\/policlinica-baiamare.ro\/farmacie\/wp-content\/uploads\/2025\/05\/viarex.jpg","width":250,"height":300,"caption":"viarex"},{"@type":"BreadcrumbList","@id":"https:\/\/policlinica-baiamare.ro\/farmacie\/produs\/viarex\/#breadcrumb","itemListElement":[{"@type":"ListItem","position":1,"name":"Prima pagin\u0103","item":"https:\/\/policlinica-baiamare.ro\/farmacie\/"},{"@type":"ListItem","position":2,"name":"Produse","item":"https:\/\/policlinica-baiamare.ro\/farmacie\/"},{"@type":"ListItem","position":3,"name":"Viarex"}]},{"@type":"WebSite","@id":"https:\/\/policlinica-baiamare.ro\/farmacie\/#website","url":"https:\/\/policlinica-baiamare.ro\/farmacie\/","name":"Suplimente Naturale","description":"","potentialAction":[{"@type":"SearchAction","target":{"@type":"EntryPoint","urlTemplate":"https:\/\/policlinica-baiamare.ro\/farmacie\/?s={search_term_string}"},"query-input":{"@type":"PropertyValueSpecification","valueRequired":true,"valueName":"search_term_string"}}],"inLanguage":"ro-RO"}]}},"_links":{"self":[{"href":"https:\/\/policlinica-baiamare.ro\/farmacie\/wp-json\/wp\/v2\/product\/196","targetHints":{"allow":["GET"]}}],"collection":[{"href":"https:\/\/policlinica-baiamare.ro\/farmacie\/wp-json\/wp\/v2\/product"}],"about":[{"href":"https:\/\/policlinica-baiamare.ro\/farmacie\/wp-json\/wp\/v2\/types\/product"}],"wp:featuredmedia":[{"embeddable":true,"href":"https:\/\/policlinica-baiamare.ro\/farmacie\/wp-json\/wp\/v2\/media\/197"}],"wp:attachment":[{"href":"https:\/\/policlinica-baiamare.ro\/farmacie\/wp-json\/wp\/v2\/media?parent=196"}],"wp:term":[{"taxonomy":"product_brand","embeddable":true,"href":"https:\/\/policlinica-baiamare.ro\/farmacie\/wp-json\/wp\/v2\/product_brand?post=196"},{"taxonomy":"product_cat","embeddable":true,"href":"https:\/\/policlinica-baiamare.ro\/farmacie\/wp-json\/wp\/v2\/product_cat?post=196"},{"taxonomy":"product_tag","embeddable":true,"href":"https:\/\/policlinica-baiamare.ro\/farmacie\/wp-json\/wp\/v2\/product_tag?post=196"}],"curies":[{"name":"wp","href":"https:\/\/api.w.org\/{rel}","templated":true}]}}