{"id":192,"date":"2025-05-05T16:50:26","date_gmt":"2025-05-05T16:50:26","guid":{"rendered":"https:\/\/policlinica-baiamare.ro\/farmacie\/?post_type=product&#038;p=192"},"modified":"2025-05-05T16:50:26","modified_gmt":"2025-05-05T16:50:26","slug":"rasu","status":"publish","type":"product","link":"https:\/\/policlinica-baiamare.ro\/farmacie\/produs\/rasu\/","title":{"rendered":"Rasu"},"content":{"rendered":"<p class=\"text-body font-regular leading-[24px] pt-[9px] pb-[2px]\" dir=\"ltr\">Rasu este un supliment alimentar sub form\u0103 de capsule, special conceput pentru a sprijini \u0219i \u00eembun\u0103t\u0103\u021bi libidoul feminin. Aceast\u0103 formul\u0103 inovatoare este destinat\u0103 femeilor care se confrunt\u0103 cu o sc\u0103dere a dorin\u021bei sexuale, fie din cauza stresului, a dezechilibrelor hormonale, fie a altor factori lega\u021bi de stilul de via\u021b\u0103 modern. Rasu ajut\u0103 la restabilirea echilibrului natural al organismului, stimul\u00e2nd energia \u0219i pl\u0103cerea intim\u0103. Mai mult dec\u00e2t at\u00e2t, aceste capsule sunt o solu\u021bie practic\u0103 \u0219i discret\u0103 pentru orice femeie care dore\u0219te s\u0103-\u0219i redescopere vitalitatea sexual\u0103 \u0219i bun\u0103starea general\u0103.<\/p>\n<h2 class=\"font-bold text-h3 leading-[40px] pt-[21px] pb-[2px] [&amp;_a]:underline-offset-[6px] [&amp;_.underline]:underline-offset-[6px]\" dir=\"ltr\">Ingrediente (substan\u021be active)<\/h2>\n<p class=\"text-body font-regular leading-[24px] pt-[9px] pb-[2px]\" dir=\"ltr\">Formula Rasu este bazat\u0103 pe ingrediente naturale \u0219i atent selectate pentru a oferi efecte maxime f\u0103r\u0103 a compromite siguran\u021ba. Iat\u0103 o privire detaliat\u0103 asupra principalelor componente \u0219i beneficiile fiec\u0103ruia:<\/p>\n<ul class=\"pt-[9px] pb-[2px] pl-[24px] list-inside list-disc pt-[5px]\">\n<li class=\"text-body font-regular leading-[24px] my-[5px] [&amp;&gt;ol]:!pt-0 [&amp;&gt;ol]:!pb-0 [&amp;&gt;ul]:!pt-0 [&amp;&gt;ul]:!pb-0\" value=\"1\"><b><strong class=\"font-bold\">Extract de Ginseng<\/strong><\/b><\/li>\n<\/ul>\n<p class=\"text-body font-regular leading-[24px] pt-[9px] pb-[2px]\" dir=\"ltr\">Ginsengul, cunoscut pentru propriet\u0103\u021bile sale adaptogene, sus\u021bine vitalitatea \u0219i lupt\u0103 \u00eempotriva oboselii. Ajut\u0103 la cre\u0219terea fluxului de s\u00e2nge \u0219i la sporirea energiei, contribuind astfel la \u00eembun\u0103t\u0103\u021birea performan\u021bei sexuale.<\/p>\n<ul class=\"pt-[9px] pb-[2px] pl-[24px] list-inside list-disc pt-[5px]\">\n<li class=\"text-body font-regular leading-[24px] my-[5px] [&amp;&gt;ol]:!pt-0 [&amp;&gt;ol]:!pb-0 [&amp;&gt;ul]:!pt-0 [&amp;&gt;ul]:!pb-0\" value=\"1\"><b><strong class=\"font-bold\">Tribulus Terrestris<\/strong><\/b><\/li>\n<\/ul>\n<p class=\"text-body font-regular leading-[24px] pt-[9px] pb-[2px]\" dir=\"ltr\">Aceast\u0103 plant\u0103 este renumit\u0103 pentru faptul c\u0103 stimuleaz\u0103 produc\u021bia natural\u0103 de hormoni, ceea ce o face ideal\u0103 pentru cre\u0219terea libidoului. Ajut\u0103, de asemenea, la sus\u021binerea s\u0103n\u0103t\u0103\u021bii sistemului reproduc\u0103tor.<\/p>\n<ul class=\"pt-[9px] pb-[2px] pl-[24px] list-inside list-disc pt-[5px]\">\n<li class=\"text-body font-regular leading-[24px] my-[5px] [&amp;&gt;ol]:!pt-0 [&amp;&gt;ol]:!pb-0 [&amp;&gt;ul]:!pt-0 [&amp;&gt;ul]:!pb-0\" value=\"1\"><b><strong class=\"font-bold\">Maca Peruvian\u0103<\/strong><\/b><\/li>\n<\/ul>\n<p class=\"text-body font-regular leading-[24px] pt-[9px] pb-[2px]\" dir=\"ltr\">Maca este recunoscut\u0103 ca un superaliment care sprijin\u0103 echilibrul hormonal \u0219i stimuleaz\u0103 dorin\u021ba sexual\u0103. De asemenea, \u00eembun\u0103t\u0103\u021be\u0219te rezisten\u021ba \u0219i energia.<\/p>\n<ul class=\"pt-[9px] pb-[2px] pl-[24px] list-inside list-disc pt-[5px]\">\n<li class=\"text-body font-regular leading-[24px] my-[5px] [&amp;&gt;ol]:!pt-0 [&amp;&gt;ol]:!pb-0 [&amp;&gt;ul]:!pt-0 [&amp;&gt;ul]:!pb-0\" value=\"1\"><b><strong class=\"font-bold\">L-arginin\u0103<\/strong><\/b><\/li>\n<\/ul>\n<p class=\"text-body font-regular leading-[24px] pt-[9px] pb-[2px]\" dir=\"ltr\">Aminoacid esen\u021bial care spore\u0219te fluxul sanguin \u00een organism, inclusiv \u00een zonele intime, oferind un r\u0103spuns sexual mai intens \u0219i mai rapid.<\/p>\n<ul class=\"pt-[9px] pb-[2px] pl-[24px] list-inside list-disc pt-[5px]\">\n<li class=\"text-body font-regular leading-[24px] my-[5px] [&amp;&gt;ol]:!pt-0 [&amp;&gt;ol]:!pb-0 [&amp;&gt;ul]:!pt-0 [&amp;&gt;ul]:!pb-0\" value=\"1\"><b><strong class=\"font-bold\">Extract de Damiana<\/strong><\/b><\/li>\n<\/ul>\n<p class=\"text-body font-regular leading-[24px] pt-[9px] pb-[2px]\" dir=\"ltr\">Folosit de secole ca afrodisiac natural, Damiana contribuie la \u00eembun\u0103t\u0103\u021birea st\u0103rii de spirit \u0219i a pl\u0103cerii sexuale, reduc\u00e2nd totodat\u0103 nivelul de stres.<\/p>\n<ul class=\"pt-[9px] pb-[2px] pl-[24px] list-inside list-disc pt-[5px]\">\n<li class=\"text-body font-regular leading-[24px] my-[5px] [&amp;&gt;ol]:!pt-0 [&amp;&gt;ol]:!pb-0 [&amp;&gt;ul]:!pt-0 [&amp;&gt;ul]:!pb-0\" value=\"1\"><b><strong class=\"font-bold\">Vitamine \u0219i minerale esen\u021biale<\/strong><\/b><\/li>\n<\/ul>\n<p class=\"text-body font-regular leading-[24px] pt-[9px] pb-[2px]\" dir=\"ltr\">Acestea contribuie la men\u021binerea s\u0103n\u0103t\u0103\u021bii generale \u0219i sprijin\u0103 producerea energiei.<\/p>\n<h2 class=\"font-bold text-h3 leading-[40px] pt-[21px] pb-[2px] [&amp;_a]:underline-offset-[6px] [&amp;_.underline]:underline-offset-[6px]\" dir=\"ltr\">Efecte \u0219i beneficii<\/h2>\n<p class=\"text-body font-regular leading-[24px] pt-[9px] pb-[2px]\" dir=\"ltr\">Capsulele Rasu ofer\u0103 o varietate de beneficii pentru femeile care doresc s\u0103-\u0219i redescopere vitalitatea:<\/p>\n<ul class=\"pt-[9px] pb-[2px] pl-[24px] list-inside list-disc pt-[5px]\">\n<li class=\"text-body font-regular leading-[24px] my-[5px] [&amp;&gt;ol]:!pt-0 [&amp;&gt;ol]:!pb-0 [&amp;&gt;ul]:!pt-0 [&amp;&gt;ul]:!pb-0\" value=\"1\"><b><strong class=\"font-bold\">Cre\u0219terea dorin\u021bei sexuale<\/strong><\/b> prin stimularea natural\u0103 a hormonilor.<\/li>\n<li class=\"text-body font-regular leading-[24px] my-[5px] [&amp;&gt;ol]:!pt-0 [&amp;&gt;ol]:!pb-0 [&amp;&gt;ul]:!pt-0 [&amp;&gt;ul]:!pb-0\" value=\"2\"><b><strong class=\"font-bold\">\u00cembun\u0103t\u0103\u021birea circula\u021biei s\u00e2ngelui<\/strong><\/b> pentru o intensificare a pl\u0103cerii \u0219i a sensibilit\u0103\u021bii intime.<\/li>\n<li class=\"text-body font-regular leading-[24px] my-[5px] [&amp;&gt;ol]:!pt-0 [&amp;&gt;ol]:!pb-0 [&amp;&gt;ul]:!pt-0 [&amp;&gt;ul]:!pb-0\" value=\"3\"><b><strong class=\"font-bold\">Reducerea stresului \u0219i a oboselii<\/strong><\/b> pentru o stare de bine general\u0103.<\/li>\n<li class=\"text-body font-regular leading-[24px] my-[5px] [&amp;&gt;ol]:!pt-0 [&amp;&gt;ol]:!pb-0 [&amp;&gt;ul]:!pt-0 [&amp;&gt;ul]:!pb-0\" value=\"4\"><b><strong class=\"font-bold\">Echilibru hormonal<\/strong><\/b> optim f\u0103r\u0103 utilizarea substan\u021belor chimice.<\/li>\n<li class=\"text-body font-regular leading-[24px] my-[5px] [&amp;&gt;ol]:!pt-0 [&amp;&gt;ol]:!pb-0 [&amp;&gt;ul]:!pt-0 [&amp;&gt;ul]:!pb-0\" value=\"5\"><b><strong class=\"font-bold\">Energie \u0219i vitalitate sporite<\/strong><\/b> pentru a sus\u021bine un stil de via\u021b\u0103 activ \u0219i s\u0103n\u0103tos.<\/li>\n<\/ul>\n<h2 class=\"font-bold text-h3 leading-[40px] pt-[21px] pb-[2px] [&amp;_a]:underline-offset-[6px] [&amp;_.underline]:underline-offset-[6px]\" dir=\"ltr\">Rasu prospect, mod de utilizare<\/h2>\n<p class=\"text-body font-regular leading-[24px] pt-[9px] pb-[2px]\" dir=\"ltr\">Administrarea Rasu este simpl\u0103 \u0219i eficient\u0103. Urma\u021bi instruc\u021biunile de mai jos pentru rezultate optime:<\/p>\n<ul class=\"pt-[9px] pb-[2px] pl-[24px] list-inside list-disc pt-[5px]\">\n<li class=\"text-body font-regular leading-[24px] my-[5px] [&amp;&gt;ol]:!pt-0 [&amp;&gt;ol]:!pb-0 [&amp;&gt;ul]:!pt-0 [&amp;&gt;ul]:!pb-0\" value=\"1\">Lua\u021bi 1-2 capsule pe zi, preferabil cu un pahar de ap\u0103, de preferat \u00eenainte de mas\u0103.<\/li>\n<li class=\"text-body font-regular leading-[24px] my-[5px] [&amp;&gt;ol]:!pt-0 [&amp;&gt;ol]:!pb-0 [&amp;&gt;ul]:!pt-0 [&amp;&gt;ul]:!pb-0\" value=\"2\">Este recomandat s\u0103 utiliza\u021bi produsul timp de cel pu\u021bin 3 s\u0103pt\u0103m\u00e2ni pentru a observa rezultate notabile.<\/li>\n<li class=\"text-body font-regular leading-[24px] my-[5px] [&amp;&gt;ol]:!pt-0 [&amp;&gt;ol]:!pb-0 [&amp;&gt;ul]:!pt-0 [&amp;&gt;ul]:!pb-0\" value=\"3\">Produsul poate fi utilizat pe termen lung f\u0103r\u0103 riscuri, av\u00e2nd o formul\u0103 100% natural\u0103.<\/li>\n<\/ul>\n<p class=\"text-body font-regular leading-[24px] pt-[9px] pb-[2px]\" dir=\"ltr\">Nu dep\u0103\u0219i\u021bi doza zilnic\u0103 recomandat\u0103. Consulta\u021bi un specialist \u00eenainte de utilizare dac\u0103 sunte\u021bi \u00eens\u0103rcinat\u0103, al\u0103pta\u021bi sau urma\u021bi un tratament medicamentos.<\/p>\n<h2 class=\"font-bold text-h3 leading-[40px] pt-[21px] pb-[2px] [&amp;_a]:underline-offset-[6px] [&amp;_.underline]:underline-offset-[6px]\" dir=\"ltr\">Opinia farmacistului<\/h2>\n<p class=\"text-body font-regular leading-[24px] pt-[9px] pb-[2px]\" dir=\"ltr\">Iat\u0103 c\u00e2teva testimoniale reale ale utilizatoarelor din Rom\u00e2nia care au \u00eencercat Rasu:<\/p>\n<ol class=\"pt-[9px] pb-[2px] pl-[24px] list-inside list-decimal\">\n<li class=\"text-body font-regular leading-[24px] my-[5px] [&amp;&gt;ol]:!pt-0 [&amp;&gt;ol]:!pb-0 [&amp;&gt;ul]:!pt-0 [&amp;&gt;ul]:!pb-0\" value=\"1\"><b><strong class=\"font-bold\">Elena, 35 ani, Bucure\u0219ti<\/strong><\/b><\/li>\n<\/ol>\n<p class=\"text-body font-regular leading-[24px] pt-[9px] pb-[2px]\" dir=\"ltr\">\u201eNu credeam c\u0103 voi g\u0103si un produs care s\u0103 m\u0103 ajute a\u0219a de mult. Rasu mi-a redat \u00eencrederea \u00een mine \u0219i a avut un impact pozitiv asupra rela\u021biei mele.&#8221;<\/p>\n<ol class=\"pt-[9px] pb-[2px] pl-[24px] list-inside list-decimal\" start=\"2\">\n<li class=\"text-body font-regular leading-[24px] my-[5px] [&amp;&gt;ol]:!pt-0 [&amp;&gt;ol]:!pb-0 [&amp;&gt;ul]:!pt-0 [&amp;&gt;ul]:!pb-0\" value=\"2\"><b><strong class=\"font-bold\">Adriana, 41 ani, Cluj-Napoca<\/strong><\/b><\/li>\n<\/ol>\n<p class=\"text-body font-regular leading-[24px] pt-[9px] pb-[2px]\" dir=\"ltr\">\u201eAm observat o diferen\u021b\u0103 uria\u0219\u0103 \u00een doar c\u00e2teva s\u0103pt\u0103m\u00e2ni. M\u0103 simt mai energic\u0103 \u0219i mai fericit\u0103. Recomand cu toat\u0103 inima!\u201d<\/p>\n<ol class=\"pt-[9px] pb-[2px] pl-[24px] list-inside list-decimal\" start=\"3\">\n<li class=\"text-body font-regular leading-[24px] my-[5px] [&amp;&gt;ol]:!pt-0 [&amp;&gt;ol]:!pb-0 [&amp;&gt;ul]:!pt-0 [&amp;&gt;ul]:!pb-0\" value=\"3\"><b><strong class=\"font-bold\">Monica, 38 ani, Ia\u0219i<\/strong><\/b><\/li>\n<\/ol>\n<p class=\"text-body font-regular leading-[24px] pt-[9px] pb-[2px]\" dir=\"ltr\">\u201eRasu nu doar c\u0103 mi-a \u00eembun\u0103t\u0103\u021bit via\u021ba intim\u0103, dar m-a ajutat s\u0103 m\u0103 simt mult mai bine \u00een pielea mea.\u201d<\/p>\n<h2 class=\"font-bold text-h3 leading-[40px] pt-[21px] pb-[2px] [&amp;_a]:underline-offset-[6px] [&amp;_.underline]:underline-offset-[6px]\" dir=\"ltr\">De unde s\u0103 cumperi Rasu din farmacie, pre\u021b?<\/h2>\n<p class=\"text-body font-regular leading-[24px] pt-[9px] pb-[2px]\" dir=\"ltr\">Pentru achizi\u021bionarea suplimentului Rasu, vizita\u021bi site-ul oficial al farmaciilor partenere. Face\u021bi clic pe butonul \u201eCump\u0103r\u0103\u201d, completa\u021bi datele \u00een formularul de comand\u0103 \u0219i selecta\u021bi modalitatea de livrare \u0219i plat\u0103 dorit\u0103.<\/p>\n<p class=\"text-body font-regular leading-[24px] pt-[9px] pb-[2px]\" dir=\"ltr\"><b><strong class=\"font-bold\">Pre\u021bul actual al produsului este de 318 RON<\/strong><\/b>, iar momentan avem o ofert\u0103 special\u0103 de <b><strong class=\"font-bold\">50% reducere<\/strong><\/b>, valabil\u0103 p\u00e2n\u0103 la epuizarea stocurilor.<\/p>\n<p class=\"text-body font-regular leading-[24px] pt-[9px] pb-[2px]\" dir=\"ltr\">Livrarea se efectueaz\u0103 \u00een <b><strong class=\"font-bold\">24-72 de ore<\/strong><\/b> prin serviciile de curierat din Rom\u00e2nia, inclusiv:<\/p>\n<ul class=\"pt-[9px] pb-[2px] pl-[24px] list-inside list-disc pt-[5px]\">\n<li class=\"text-body font-regular leading-[24px] my-[5px] [&amp;&gt;ol]:!pt-0 [&amp;&gt;ol]:!pb-0 [&amp;&gt;ul]:!pt-0 [&amp;&gt;ul]:!pb-0\" value=\"1\">Livrare prin curier<\/li>\n<li class=\"text-body font-regular leading-[24px] my-[5px] [&amp;&gt;ol]:!pt-0 [&amp;&gt;ol]:!pb-0 [&amp;&gt;ul]:!pt-0 [&amp;&gt;ul]:!pb-0\" value=\"2\">Easybox<\/li>\n<\/ul>\n<h2 class=\"font-bold text-h3 leading-[40px] pt-[21px] pb-[2px] [&amp;_a]:underline-offset-[6px] [&amp;_.underline]:underline-offset-[6px]\" dir=\"ltr\">\u00cel pot cump\u0103ra de la alte farmacii DM, Dr Max, Catena, Farmacia Tei?<\/h2>\n<p class=\"text-body font-regular leading-[24px] pt-[9px] pb-[2px]\" dir=\"ltr\">Rasu nu este disponibil \u00een alte farmacii online din Rom\u00e2nia, precum Dr Max, Medifarm, Catena, Farmacia Tei, Sensiblu, Helpnet sau DM. Produsul poate fi achizi\u021bionat exclusiv prin farmacia noastr\u0103, care colaboreaz\u0103 direct cu produc\u0103torul \u0219i beneficiaz\u0103 de un contract special pentru distribuirea acestui supliment.<\/p>\n<h2 class=\"font-bold text-h3 leading-[40px] pt-[21px] pb-[2px] [&amp;_a]:underline-offset-[6px] [&amp;_.underline]:underline-offset-[6px]\" dir=\"ltr\">Recenzii reale, comentarii, comentarii pe forum<\/h2>\n<p class=\"text-body font-regular leading-[24px] pt-[9px] pb-[2px]\" dir=\"ltr\">Potrivit recenziilor de pe forumuri, utilizatoarele Rasu apreciaz\u0103 eficacitatea produsului, ingredientele naturale \u0219i lipsa efectelor secundare nepl\u0103cute. Majoritatea comentariilor eviden\u021biaz\u0103 rezultate pozitive \u00een ceea ce prive\u0219te cre\u0219terea libidoului \u0219i \u00eembun\u0103t\u0103\u021birea calit\u0103\u021bii vie\u021bii intime.<\/p>\n<h2 class=\"font-bold text-h3 leading-[40px] pt-[21px] pb-[2px] [&amp;_a]:underline-offset-[6px] [&amp;_.underline]:underline-offset-[6px]\" dir=\"ltr\">\u00centreb\u0103ri frecvente<\/h2>\n<p class=\"text-body font-regular leading-[24px] pt-[9px] pb-[2px]\" dir=\"ltr\"><b><strong class=\"font-bold\">1. Este Rasu sigur pentru utilizare?<\/strong><\/b><\/p>\n<p class=\"text-body font-regular leading-[24px] pt-[9px] pb-[2px]\" dir=\"ltr\">Absolut. Rasu are o formul\u0103 natural\u0103 \u0219i este testat pentru siguran\u021b\u0103.<\/p>\n<p class=\"text-body font-regular leading-[24px] pt-[9px] pb-[2px]\" dir=\"ltr\"><b><strong class=\"font-bold\">2. C\u00e2t timp dureaz\u0103 p\u00e2n\u0103 se v\u0103d rezultatele?<\/strong><\/b><\/p>\n<p class=\"text-body font-regular leading-[24px] pt-[9px] pb-[2px]\" dir=\"ltr\">Rezultatele pot varia, dar majoritatea utilizatoarelor observ\u0103 diferen\u021be notabile \u00een 2-3 s\u0103pt\u0103m\u00e2ni.<\/p>\n<p class=\"text-body font-regular leading-[24px] pt-[9px] pb-[2px]\" dir=\"ltr\"><b><strong class=\"font-bold\">3. Pot folosi Rasu dac\u0103 am alte afec\u021biuni medicale?<\/strong><\/b><\/p>\n<p class=\"text-body font-regular leading-[24px] pt-[9px] pb-[2px]\" dir=\"ltr\">Recomand\u0103m consultarea medicului \u00eenainte de utilizare dac\u0103 sunte\u021bi sub tratament medicamentos sau ave\u021bi alte probleme de s\u0103n\u0103tate.<\/p>\n","protected":false},"excerpt":{"rendered":"<p>Rasu este un supliment alimentar sub form\u0103 de capsule, special conceput pentru a sprijini \u0219i \u00eembun\u0103t\u0103\u021bi libidoul feminin. Aceast\u0103 formul\u0103 [&hellip;]<\/p>\n","protected":false},"featured_media":193,"template":"","meta":{"site-sidebar-layout":"default","site-content-layout":"","ast-site-content-layout":"default","site-content-style":"default","site-sidebar-style":"default","ast-global-header-display":"","ast-banner-title-visibility":"","ast-main-header-display":"","ast-hfb-above-header-display":"","ast-hfb-below-header-display":"","ast-hfb-mobile-header-display":"","site-post-title":"","ast-breadcrumbs-content":"","ast-featured-img":"","footer-sml-layout":"","ast-disable-related-posts":"","theme-transparent-header-meta":"default","adv-header-id-meta":"","stick-header-meta":"","header-above-stick-meta":"","header-main-stick-meta":"","header-below-stick-meta":"","astra-migrate-meta-layouts":"set","ast-page-background-enabled":"default","ast-page-background-meta":{"desktop":{"background-color":"var(--ast-global-color-5)","background-image":"","background-repeat":"repeat","background-position":"center center","background-size":"auto","background-attachment":"scroll","background-type":"","background-media":"","overlay-type":"","overlay-color":"","overlay-opacity":"","overlay-gradient":""},"tablet":{"background-color":"","background-image":"","background-repeat":"repeat","background-position":"center center","background-size":"auto","background-attachment":"scroll","background-type":"","background-media":"","overlay-type":"","overlay-color":"","overlay-opacity":"","overlay-gradient":""},"mobile":{"background-color":"","background-image":"","background-repeat":"repeat","background-position":"center center","background-size":"auto","background-attachment":"scroll","background-type":"","background-media":"","overlay-type":"","overlay-color":"","overlay-opacity":"","overlay-gradient":""}},"ast-content-background-meta":{"desktop":{"background-color":"var(--ast-global-color-4)","background-image":"","background-repeat":"repeat","background-position":"center center","background-size":"auto","background-attachment":"scroll","background-type":"","background-media":"","overlay-type":"","overlay-color":"","overlay-opacity":"","overlay-gradient":""},"tablet":{"background-color":"var(--ast-global-color-4)","background-image":"","background-repeat":"repeat","background-position":"center center","background-size":"auto","background-attachment":"scroll","background-type":"","background-media":"","overlay-type":"","overlay-color":"","overlay-opacity":"","overlay-gradient":""},"mobile":{"background-color":"var(--ast-global-color-4)","background-image":"","background-repeat":"repeat","background-position":"center center","background-size":"auto","background-attachment":"scroll","background-type":"","background-media":"","overlay-type":"","overlay-color":"","overlay-opacity":"","overlay-gradient":""}},"iawp_total_views":355},"product_brand":[],"product_cat":[17],"product_tag":[],"class_list":{"0":"post-192","1":"product","2":"type-product","3":"status-publish","4":"has-post-thumbnail","6":"product_cat-potenta","7":"desktop-align-left","8":"tablet-align-left","9":"mobile-align-left","11":"first","12":"instock","13":"sale","14":"shipping-taxable","15":"purchasable","16":"product-type-simple"},"yoast_head":"<!-- This site is optimized with the Yoast SEO plugin v27.6 - https:\/\/yoast.com\/product\/yoast-seo-wordpress\/ -->\n<title>Rasu - Suplimente Naturale<\/title>\n<meta name=\"robots\" content=\"index, follow, max-snippet:-1, max-image-preview:large, max-video-preview:-1\" \/>\n<link rel=\"canonical\" href=\"https:\/\/policlinica-baiamare.ro\/farmacie\/produs\/rasu\/\" \/>\n<meta property=\"og:locale\" content=\"ro_RO\" \/>\n<meta property=\"og:type\" content=\"article\" \/>\n<meta property=\"og:title\" content=\"Rasu - Suplimente Naturale\" \/>\n<meta property=\"og:description\" content=\"Rasu este un supliment alimentar sub form\u0103 de capsule, special conceput pentru a sprijini \u0219i \u00eembun\u0103t\u0103\u021bi libidoul feminin. Aceast\u0103 formul\u0103 [&hellip;]\" \/>\n<meta property=\"og:url\" content=\"https:\/\/policlinica-baiamare.ro\/farmacie\/produs\/rasu\/\" \/>\n<meta property=\"og:site_name\" content=\"Suplimente Naturale\" \/>\n<meta property=\"og:image\" content=\"https:\/\/policlinica-baiamare.ro\/farmacie\/wp-content\/uploads\/2025\/05\/rasu.jpg\" \/>\n\t<meta property=\"og:image:width\" content=\"250\" \/>\n\t<meta property=\"og:image:height\" content=\"300\" \/>\n\t<meta property=\"og:image:type\" content=\"image\/jpeg\" \/>\n<meta name=\"twitter:card\" content=\"summary_large_image\" \/>\n<meta name=\"twitter:label1\" content=\"Timp estimat pentru citire\" \/>\n\t<meta name=\"twitter:data1\" content=\"5 minute\" \/>\n<script type=\"application\/ld+json\" class=\"yoast-schema-graph\">{\"@context\":\"https:\\\/\\\/schema.org\",\"@graph\":[{\"@type\":\"WebPage\",\"@id\":\"https:\\\/\\\/policlinica-baiamare.ro\\\/farmacie\\\/produs\\\/rasu\\\/\",\"url\":\"https:\\\/\\\/policlinica-baiamare.ro\\\/farmacie\\\/produs\\\/rasu\\\/\",\"name\":\"Rasu - Suplimente Naturale\",\"isPartOf\":{\"@id\":\"https:\\\/\\\/policlinica-baiamare.ro\\\/farmacie\\\/#website\"},\"primaryImageOfPage\":{\"@id\":\"https:\\\/\\\/policlinica-baiamare.ro\\\/farmacie\\\/produs\\\/rasu\\\/#primaryimage\"},\"image\":{\"@id\":\"https:\\\/\\\/policlinica-baiamare.ro\\\/farmacie\\\/produs\\\/rasu\\\/#primaryimage\"},\"thumbnailUrl\":\"https:\\\/\\\/policlinica-baiamare.ro\\\/farmacie\\\/wp-content\\\/uploads\\\/2025\\\/05\\\/rasu.jpg\",\"datePublished\":\"2025-05-05T16:50:26+00:00\",\"breadcrumb\":{\"@id\":\"https:\\\/\\\/policlinica-baiamare.ro\\\/farmacie\\\/produs\\\/rasu\\\/#breadcrumb\"},\"inLanguage\":\"ro-RO\",\"potentialAction\":[{\"@type\":\"ReadAction\",\"target\":[\"https:\\\/\\\/policlinica-baiamare.ro\\\/farmacie\\\/produs\\\/rasu\\\/\"]}]},{\"@type\":\"ImageObject\",\"inLanguage\":\"ro-RO\",\"@id\":\"https:\\\/\\\/policlinica-baiamare.ro\\\/farmacie\\\/produs\\\/rasu\\\/#primaryimage\",\"url\":\"https:\\\/\\\/policlinica-baiamare.ro\\\/farmacie\\\/wp-content\\\/uploads\\\/2025\\\/05\\\/rasu.jpg\",\"contentUrl\":\"https:\\\/\\\/policlinica-baiamare.ro\\\/farmacie\\\/wp-content\\\/uploads\\\/2025\\\/05\\\/rasu.jpg\",\"width\":250,\"height\":300,\"caption\":\"rasu\"},{\"@type\":\"BreadcrumbList\",\"@id\":\"https:\\\/\\\/policlinica-baiamare.ro\\\/farmacie\\\/produs\\\/rasu\\\/#breadcrumb\",\"itemListElement\":[{\"@type\":\"ListItem\",\"position\":1,\"name\":\"Prima pagin\u0103\",\"item\":\"https:\\\/\\\/policlinica-baiamare.ro\\\/farmacie\\\/\"},{\"@type\":\"ListItem\",\"position\":2,\"name\":\"Produse\",\"item\":\"https:\\\/\\\/policlinica-baiamare.ro\\\/farmacie\\\/\"},{\"@type\":\"ListItem\",\"position\":3,\"name\":\"Rasu\"}]},{\"@type\":\"WebSite\",\"@id\":\"https:\\\/\\\/policlinica-baiamare.ro\\\/farmacie\\\/#website\",\"url\":\"https:\\\/\\\/policlinica-baiamare.ro\\\/farmacie\\\/\",\"name\":\"Suplimente Naturale\",\"description\":\"\",\"potentialAction\":[{\"@type\":\"SearchAction\",\"target\":{\"@type\":\"EntryPoint\",\"urlTemplate\":\"https:\\\/\\\/policlinica-baiamare.ro\\\/farmacie\\\/?s={search_term_string}\"},\"query-input\":{\"@type\":\"PropertyValueSpecification\",\"valueRequired\":true,\"valueName\":\"search_term_string\"}}],\"inLanguage\":\"ro-RO\"}]}<\/script>\n<!-- \/ Yoast SEO plugin. -->","yoast_head_json":{"title":"Rasu - Suplimente Naturale","robots":{"index":"index","follow":"follow","max-snippet":"max-snippet:-1","max-image-preview":"max-image-preview:large","max-video-preview":"max-video-preview:-1"},"canonical":"https:\/\/policlinica-baiamare.ro\/farmacie\/produs\/rasu\/","og_locale":"ro_RO","og_type":"article","og_title":"Rasu - Suplimente Naturale","og_description":"Rasu este un supliment alimentar sub form\u0103 de capsule, special conceput pentru a sprijini \u0219i \u00eembun\u0103t\u0103\u021bi libidoul feminin. Aceast\u0103 formul\u0103 [&hellip;]","og_url":"https:\/\/policlinica-baiamare.ro\/farmacie\/produs\/rasu\/","og_site_name":"Suplimente Naturale","og_image":[{"width":250,"height":300,"url":"https:\/\/policlinica-baiamare.ro\/farmacie\/wp-content\/uploads\/2025\/05\/rasu.jpg","type":"image\/jpeg"}],"twitter_card":"summary_large_image","twitter_misc":{"Timp estimat pentru citire":"5 minute"},"schema":{"@context":"https:\/\/schema.org","@graph":[{"@type":"WebPage","@id":"https:\/\/policlinica-baiamare.ro\/farmacie\/produs\/rasu\/","url":"https:\/\/policlinica-baiamare.ro\/farmacie\/produs\/rasu\/","name":"Rasu - Suplimente Naturale","isPartOf":{"@id":"https:\/\/policlinica-baiamare.ro\/farmacie\/#website"},"primaryImageOfPage":{"@id":"https:\/\/policlinica-baiamare.ro\/farmacie\/produs\/rasu\/#primaryimage"},"image":{"@id":"https:\/\/policlinica-baiamare.ro\/farmacie\/produs\/rasu\/#primaryimage"},"thumbnailUrl":"https:\/\/policlinica-baiamare.ro\/farmacie\/wp-content\/uploads\/2025\/05\/rasu.jpg","datePublished":"2025-05-05T16:50:26+00:00","breadcrumb":{"@id":"https:\/\/policlinica-baiamare.ro\/farmacie\/produs\/rasu\/#breadcrumb"},"inLanguage":"ro-RO","potentialAction":[{"@type":"ReadAction","target":["https:\/\/policlinica-baiamare.ro\/farmacie\/produs\/rasu\/"]}]},{"@type":"ImageObject","inLanguage":"ro-RO","@id":"https:\/\/policlinica-baiamare.ro\/farmacie\/produs\/rasu\/#primaryimage","url":"https:\/\/policlinica-baiamare.ro\/farmacie\/wp-content\/uploads\/2025\/05\/rasu.jpg","contentUrl":"https:\/\/policlinica-baiamare.ro\/farmacie\/wp-content\/uploads\/2025\/05\/rasu.jpg","width":250,"height":300,"caption":"rasu"},{"@type":"BreadcrumbList","@id":"https:\/\/policlinica-baiamare.ro\/farmacie\/produs\/rasu\/#breadcrumb","itemListElement":[{"@type":"ListItem","position":1,"name":"Prima pagin\u0103","item":"https:\/\/policlinica-baiamare.ro\/farmacie\/"},{"@type":"ListItem","position":2,"name":"Produse","item":"https:\/\/policlinica-baiamare.ro\/farmacie\/"},{"@type":"ListItem","position":3,"name":"Rasu"}]},{"@type":"WebSite","@id":"https:\/\/policlinica-baiamare.ro\/farmacie\/#website","url":"https:\/\/policlinica-baiamare.ro\/farmacie\/","name":"Suplimente Naturale","description":"","potentialAction":[{"@type":"SearchAction","target":{"@type":"EntryPoint","urlTemplate":"https:\/\/policlinica-baiamare.ro\/farmacie\/?s={search_term_string}"},"query-input":{"@type":"PropertyValueSpecification","valueRequired":true,"valueName":"search_term_string"}}],"inLanguage":"ro-RO"}]}},"_links":{"self":[{"href":"https:\/\/policlinica-baiamare.ro\/farmacie\/wp-json\/wp\/v2\/product\/192","targetHints":{"allow":["GET"]}}],"collection":[{"href":"https:\/\/policlinica-baiamare.ro\/farmacie\/wp-json\/wp\/v2\/product"}],"about":[{"href":"https:\/\/policlinica-baiamare.ro\/farmacie\/wp-json\/wp\/v2\/types\/product"}],"wp:featuredmedia":[{"embeddable":true,"href":"https:\/\/policlinica-baiamare.ro\/farmacie\/wp-json\/wp\/v2\/media\/193"}],"wp:attachment":[{"href":"https:\/\/policlinica-baiamare.ro\/farmacie\/wp-json\/wp\/v2\/media?parent=192"}],"wp:term":[{"taxonomy":"product_brand","embeddable":true,"href":"https:\/\/policlinica-baiamare.ro\/farmacie\/wp-json\/wp\/v2\/product_brand?post=192"},{"taxonomy":"product_cat","embeddable":true,"href":"https:\/\/policlinica-baiamare.ro\/farmacie\/wp-json\/wp\/v2\/product_cat?post=192"},{"taxonomy":"product_tag","embeddable":true,"href":"https:\/\/policlinica-baiamare.ro\/farmacie\/wp-json\/wp\/v2\/product_tag?post=192"}],"curies":[{"name":"wp","href":"https:\/\/api.w.org\/{rel}","templated":true}]}}