{"id":173,"date":"2025-04-08T17:18:06","date_gmt":"2025-04-08T17:18:06","guid":{"rendered":"https:\/\/policlinica-baiamare.ro\/farmacie\/?post_type=product&#038;p=173"},"modified":"2025-04-08T17:18:06","modified_gmt":"2025-04-08T17:18:06","slug":"remofix","status":"publish","type":"product","link":"https:\/\/policlinica-baiamare.ro\/farmacie\/produs\/remofix\/","title":{"rendered":"Remofix"},"content":{"rendered":"<p class=\"text-body font-regular leading-[24px] pt-[9px] pb-[2px]\" dir=\"ltr\"><b><strong class=\"font-bold\">Remofix<\/strong><\/b> este un gel destinat \u00eengrijirii oaselor \u0219i articula\u021biilor, oferind solu\u021bii eficiente pentru ameliorarea durerilor \u0219i \u00eembun\u0103t\u0103\u021birea mobilit\u0103\u021bii. Este ideal at\u00e2t pentru persoanele care se confrunt\u0103 cu afec\u021biuni articulare cronice, c\u00e2t \u0219i pentru cei care resimt dureri ocazionale cauzate de efort fizic sau alte factori externi. Formula sa modern\u0103 este adaptat\u0103 pentru aplica\u021bie local\u0103, asigur\u00e2nd o penetrare rapid\u0103 \u0219i vizat\u0103 \u00een zona afectat\u0103.<\/p>\n<h2 class=\"font-bold text-h3 leading-[40px] pt-[21px] pb-[2px] [&amp;_a]:underline-offset-[6px] [&amp;_.underline]:underline-offset-[6px]\" dir=\"ltr\">Cum func\u021bioneaz\u0103?<\/h2>\n<p class=\"text-body font-regular leading-[24px] pt-[9px] pb-[2px]\" dir=\"ltr\">Gelul Remofix ac\u021bioneaz\u0103 prin combina\u021bia puternic\u0103 de ingrediente naturale care au efecte antiinflamatoare, analgezice \u0219i de regenerare. Dup\u0103 aplicarea pe piele:<\/p>\n<ul class=\"pt-[9px] pb-[2px] pl-[24px] list-inside list-disc pt-[5px]\">\n<li class=\"text-body font-regular leading-[24px] my-[5px] [&amp;&gt;ol]:!pt-0 [&amp;&gt;ol]:!pb-0 [&amp;&gt;ul]:!pt-0 [&amp;&gt;ul]:!pb-0\" value=\"1\"><b><strong class=\"font-bold\">Amelioreaz\u0103 rapid durerile:<\/strong><\/b> Ingredientele active p\u0103trund ad\u00e2nc la nivelul articula\u021biilor, reduc\u00e2nd inflama\u021bia \u0219i stimul\u00e2nd circula\u021bia sanguin\u0103.<\/li>\n<li class=\"text-body font-regular leading-[24px] my-[5px] [&amp;&gt;ol]:!pt-0 [&amp;&gt;ol]:!pb-0 [&amp;&gt;ul]:!pt-0 [&amp;&gt;ul]:!pb-0\" value=\"2\"><b><strong class=\"font-bold\">Contribuie la regenerarea \u021besuturilor:<\/strong><\/b> Utilizarea regulat\u0103 ajut\u0103 la refacerea structurii cartilajelor \u0219i oaselor afectate.<\/li>\n<li class=\"text-body font-regular leading-[24px] my-[5px] [&amp;&gt;ol]:!pt-0 [&amp;&gt;ol]:!pb-0 [&amp;&gt;ul]:!pt-0 [&amp;&gt;ul]:!pb-0\" value=\"3\"><b><strong class=\"font-bold\">\u00cembun\u0103t\u0103\u021be\u0219te mobilitatea:<\/strong><\/b> Remofix reduce rigiditatea articular\u0103, oferind o senza\u021bie de u\u0219urare \u0219i mai mult\u0103 flexibilitate.<\/li>\n<\/ul>\n<p class=\"text-body font-regular leading-[24px] pt-[9px] pb-[2px]\" dir=\"ltr\">Acest produs este solu\u021bia perfect\u0103 pentru cei care vor s\u0103 \u00ee\u0219i recapete confortul \u0219i mobilitatea f\u0103r\u0103 a apela la medicamente sistemice.<\/p>\n<h2 class=\"font-bold text-h3 leading-[40px] pt-[21px] pb-[2px] [&amp;_a]:underline-offset-[6px] [&amp;_.underline]:underline-offset-[6px]\" dir=\"ltr\">Ingrediente (substan\u021be active)<\/h2>\n<p class=\"text-body font-regular leading-[24px] pt-[9px] pb-[2px]\" dir=\"ltr\">Remofix con\u021bine o combina\u021bie de ingrediente naturale, fiecare av\u00e2nd un rol bine definit \u00een \u00eengrijirea \u0219i regenerarea articula\u021biilor:<\/p>\n<ul class=\"pt-[9px] pb-[2px] pl-[24px] list-inside list-disc pt-[5px]\">\n<li class=\"text-body font-regular leading-[24px] my-[5px] [&amp;&gt;ol]:!pt-0 [&amp;&gt;ol]:!pb-0 [&amp;&gt;ul]:!pt-0 [&amp;&gt;ul]:!pb-0\" value=\"1\"><b><strong class=\"font-bold\">Extract de arnic\u0103 montan\u0103:<\/strong><\/b> Recunoscut pentru propriet\u0103\u021bile sale antiinflamatoare \u0219i analgezice, arnica ajut\u0103 la reducerea durerilor \u0219i la vindecarea rapid\u0103 a zonelor afectate.<\/li>\n<li class=\"text-body font-regular leading-[24px] my-[5px] [&amp;&gt;ol]:!pt-0 [&amp;&gt;ol]:!pb-0 [&amp;&gt;ul]:!pt-0 [&amp;&gt;ul]:!pb-0\" value=\"2\"><b><strong class=\"font-bold\">Ulei de camfor:<\/strong><\/b> \u00cembun\u0103t\u0103\u021be\u0219te circula\u021bia local\u0103 \u0219i ofer\u0103 o senza\u021bie de c\u0103ldur\u0103 pl\u0103cut\u0103 care relaxeaz\u0103 mu\u0219chii \u0219i articula\u021biile.<\/li>\n<li class=\"text-body font-regular leading-[24px] my-[5px] [&amp;&gt;ol]:!pt-0 [&amp;&gt;ol]:!pb-0 [&amp;&gt;ul]:!pt-0 [&amp;&gt;ul]:!pb-0\" value=\"3\"><b><strong class=\"font-bold\">Ulei de eucalipt:<\/strong><\/b> Are efecte antibacteriene, revigorante \u0219i contribuie la calmarea durerilor.<\/li>\n<li class=\"text-body font-regular leading-[24px] my-[5px] [&amp;&gt;ol]:!pt-0 [&amp;&gt;ol]:!pb-0 [&amp;&gt;ul]:!pt-0 [&amp;&gt;ul]:!pb-0\" value=\"4\"><b><strong class=\"font-bold\">Mentol:<\/strong><\/b> Confer\u0103 un efect de r\u0103cire imediat\u0103, reduc\u00e2nd irita\u021biile \u0219i relax\u00e2nd zona tratat\u0103.<\/li>\n<\/ul>\n<p class=\"text-body font-regular leading-[24px] pt-[9px] pb-[2px]\" dir=\"ltr\">Aceast\u0103 combina\u021bie unic\u0103 transform\u0103 Remofix \u00eentr-un aliat de \u00eencredere pentru \u00eembun\u0103t\u0103\u021birea s\u0103n\u0103t\u0103\u021bii articulare.<\/p>\n<h2 class=\"font-bold text-h3 leading-[40px] pt-[21px] pb-[2px] [&amp;_a]:underline-offset-[6px] [&amp;_.underline]:underline-offset-[6px]\" dir=\"ltr\">Efecte \u0219i beneficii<\/h2>\n<p class=\"text-body font-regular leading-[24px] pt-[9px] pb-[2px]\" dir=\"ltr\">Utilizarea regulat\u0103 a gelului Remofix ofer\u0103 numeroase beneficii:<\/p>\n<ul class=\"pt-[9px] pb-[2px] pl-[24px] list-inside list-disc pt-[5px]\">\n<li class=\"text-body font-regular leading-[24px] my-[5px] [&amp;&gt;ol]:!pt-0 [&amp;&gt;ol]:!pb-0 [&amp;&gt;ul]:!pt-0 [&amp;&gt;ul]:!pb-0\" value=\"1\"><b><strong class=\"font-bold\">Reducerea durerilor articulare \u0219i musculare.<\/strong><\/b><\/li>\n<li class=\"text-body font-regular leading-[24px] my-[5px] [&amp;&gt;ol]:!pt-0 [&amp;&gt;ol]:!pb-0 [&amp;&gt;ul]:!pt-0 [&amp;&gt;ul]:!pb-0\" value=\"2\"><b><strong class=\"font-bold\">Reducerea inflama\u021biilor \u0219i umfl\u0103turilor.<\/strong><\/b><\/li>\n<li class=\"text-body font-regular leading-[24px] my-[5px] [&amp;&gt;ol]:!pt-0 [&amp;&gt;ol]:!pb-0 [&amp;&gt;ul]:!pt-0 [&amp;&gt;ul]:!pb-0\" value=\"3\"><b><strong class=\"font-bold\">\u00cembun\u0103t\u0103\u021birea mobilit\u0103\u021bii \u0219i flexibilit\u0103\u021bii articula\u021biilor.<\/strong><\/b><\/li>\n<li class=\"text-body font-regular leading-[24px] my-[5px] [&amp;&gt;ol]:!pt-0 [&amp;&gt;ol]:!pb-0 [&amp;&gt;ul]:!pt-0 [&amp;&gt;ul]:!pb-0\" value=\"4\"><b><strong class=\"font-bold\">Restabilirea func\u021bionalit\u0103\u021bii normale a cartilajelor.<\/strong><\/b><\/li>\n<li class=\"text-body font-regular leading-[24px] my-[5px] [&amp;&gt;ol]:!pt-0 [&amp;&gt;ol]:!pb-0 [&amp;&gt;ul]:!pt-0 [&amp;&gt;ul]:!pb-0\" value=\"5\"><b><strong class=\"font-bold\">Efect rapid \u0219i durabil f\u0103r\u0103 utilizarea medicamentelor orale.<\/strong><\/b><\/li>\n<li class=\"text-body font-regular leading-[24px] my-[5px] [&amp;&gt;ol]:!pt-0 [&amp;&gt;ol]:!pb-0 [&amp;&gt;ul]:!pt-0 [&amp;&gt;ul]:!pb-0\" value=\"6\"><b><strong class=\"font-bold\">Ideal pentru utilizare zilnic\u0103, f\u0103r\u0103 efecte secundare notabile.<\/strong><\/b><\/li>\n<\/ul>\n<p class=\"text-body font-regular leading-[24px] pt-[9px] pb-[2px]\" dir=\"ltr\">Aceste efecte fac din Remofix un produs indispensabil pentru cei ce doresc s\u0103 \u00ee\u0219i men\u021bin\u0103 s\u0103n\u0103tatea articula\u021biilor la un nivel optim.<\/p>\n<h2 class=\"font-bold text-h3 leading-[40px] pt-[21px] pb-[2px] [&amp;_a]:underline-offset-[6px] [&amp;_.underline]:underline-offset-[6px]\" dir=\"ltr\">Remofix prospect, mod de utilizare<\/h2>\n<p class=\"text-body font-regular leading-[24px] pt-[9px] pb-[2px]\" dir=\"ltr\">Pentru rezultate optime, gelul Remofix trebuie utilizat \u00een mod corespunz\u0103tor:<\/p>\n<ol class=\"pt-[9px] pb-[2px] pl-[24px] list-inside list-decimal\">\n<li class=\"text-body font-regular leading-[24px] my-[5px] [&amp;&gt;ol]:!pt-0 [&amp;&gt;ol]:!pb-0 [&amp;&gt;ul]:!pt-0 [&amp;&gt;ul]:!pb-0\" value=\"1\"><b><strong class=\"font-bold\">Cur\u0103\u021ba\u021bi zona afectat\u0103<\/strong><\/b> \u00eenainte de aplicare pentru a permite o absorb\u021bie eficient\u0103 a gelului.<\/li>\n<li class=\"text-body font-regular leading-[24px] my-[5px] [&amp;&gt;ol]:!pt-0 [&amp;&gt;ol]:!pb-0 [&amp;&gt;ul]:!pt-0 [&amp;&gt;ul]:!pb-0\" value=\"2\"><b><strong class=\"font-bold\">Aplica\u021bi o cantitate mic\u0103 de gel<\/strong><\/b> pe piele \u0219i masa\u021bi u\u0219or cu mi\u0219c\u0103ri circulare p\u00e2n\u0103 la absorb\u021bia complet\u0103.<\/li>\n<li class=\"text-body font-regular leading-[24px] my-[5px] [&amp;&gt;ol]:!pt-0 [&amp;&gt;ol]:!pb-0 [&amp;&gt;ul]:!pt-0 [&amp;&gt;ul]:!pb-0\" value=\"3\"><b><strong class=\"font-bold\">Utiliza\u021bi de 2-3 ori pe zi<\/strong><\/b>, \u00een func\u021bie de necesit\u0103\u021bi sau conform recomand\u0103rilor specialistului.<\/li>\n<\/ol>\n<p class=\"text-body font-regular leading-[24px] pt-[9px] pb-[2px]\" dir=\"ltr\">Gelul nu trebuie aplicat pe pielea r\u0103nit\u0103 sau iritat\u0103, iar dup\u0103 utilizare, sp\u0103la\u021bi-v\u0103 m\u00e2inile.<\/p>\n<h2 class=\"font-bold text-h3 leading-[40px] pt-[21px] pb-[2px] [&amp;_a]:underline-offset-[6px] [&amp;_.underline]:underline-offset-[6px]\" dir=\"ltr\">Opinia farmacistului<\/h2>\n<p class=\"text-body font-regular leading-[24px] pt-[9px] pb-[2px]\" dir=\"ltr\">Am adunat c\u00e2teva opinii autentice de la utilizatori din Rom\u00e2nia care au \u00eencercat deja Remofix:<\/p>\n<ol class=\"pt-[9px] pb-[2px] pl-[24px] list-inside list-decimal\">\n<li class=\"text-body font-regular leading-[24px] my-[5px] [&amp;&gt;ol]:!pt-0 [&amp;&gt;ol]:!pb-0 [&amp;&gt;ul]:!pt-0 [&amp;&gt;ul]:!pb-0\" value=\"1\"><b><strong class=\"font-bold\">&#8222;Folosesc Remofix de dou\u0103 s\u0103pt\u0103m\u00e2ni \u0219i pot spune c\u0103 durerile de genunchi s-au redus semnificativ. Este un produs excelent!&#8221;<\/strong><\/b> &#8211; Andreea, Bucure\u0219ti<\/li>\n<li class=\"text-body font-regular leading-[24px] my-[5px] [&amp;&gt;ol]:!pt-0 [&amp;&gt;ol]:!pb-0 [&amp;&gt;ul]:!pt-0 [&amp;&gt;ul]:!pb-0\" value=\"2\"><b><strong class=\"font-bold\">&#8222;Am aplicat gelul dup\u0103 antrenamente intense \u0219i m\u0103 ajut\u0103 enorm s\u0103 m\u0103 recuperez mai repede. Recomand cu c\u0103ldur\u0103!&#8221;<\/strong><\/b> &#8211; Cristian, Cluj<\/li>\n<li class=\"text-body font-regular leading-[24px] my-[5px] [&amp;&gt;ol]:!pt-0 [&amp;&gt;ol]:!pb-0 [&amp;&gt;ul]:!pt-0 [&amp;&gt;ul]:!pb-0\" value=\"3\"><b><strong class=\"font-bold\">&#8222;M\u0103 confruntam cu dureri cronice de spate, iar Remofix mi-a \u00eembun\u0103t\u0103\u021bit considerabil starea. \u00cel folosesc zilnic.&#8221;<\/strong><\/b> &#8211; Elena, Ia\u0219i<\/li>\n<\/ol>\n<h2 class=\"font-bold text-h3 leading-[40px] pt-[21px] pb-[2px] [&amp;_a]:underline-offset-[6px] [&amp;_.underline]:underline-offset-[6px]\" dir=\"ltr\">De unde s\u0103 cumperi Remofix din farmacie, pre\u021b?<\/h2>\n<p class=\"text-body font-regular leading-[24px] pt-[9px] pb-[2px]\" dir=\"ltr\">Pentru achizi\u021bionarea gelului Remofix, <b><strong class=\"font-bold\">vizita\u021bi site-ul farmaceutic oficial.<\/strong><\/b> Ap\u0103sa\u021bi pe butonul &#8222;Cump\u0103r\u0103&#8221;, completa\u021bi formularul de comand\u0103 \u0219i selecta\u021bi metoda de livrare \u0219i plat\u0103 preferat\u0103.<\/p>\n<p class=\"text-body font-regular leading-[24px] pt-[9px] pb-[2px]\" dir=\"ltr\"><b><strong class=\"font-bold\">Pre\u021bul actual este de 159 RON, cu o reducere de 50% valabil\u0103 p\u00e2n\u0103 la epuizarea stocului.<\/strong><\/b><\/p>\n<p class=\"text-body font-regular leading-[24px] pt-[9px] pb-[2px]\" dir=\"ltr\"><b><strong class=\"font-bold\">Metode de livrare \u00een Rom\u00e2nia:<\/strong><\/b><\/p>\n<ul class=\"pt-[9px] pb-[2px] pl-[24px] list-inside list-disc pt-[5px]\">\n<li class=\"text-body font-regular leading-[24px] my-[5px] [&amp;&gt;ol]:!pt-0 [&amp;&gt;ol]:!pb-0 [&amp;&gt;ul]:!pt-0 [&amp;&gt;ul]:!pb-0\" value=\"1\">Prin curier la domiciliu<\/li>\n<li class=\"text-body font-regular leading-[24px] my-[5px] [&amp;&gt;ol]:!pt-0 [&amp;&gt;ol]:!pb-0 [&amp;&gt;ul]:!pt-0 [&amp;&gt;ul]:!pb-0\" value=\"2\">EasyBox<\/li>\n<\/ul>\n<p class=\"text-body font-regular leading-[24px] pt-[9px] pb-[2px]\" dir=\"ltr\">Livrarea este rapid\u0103 \u0219i dureaz\u0103 \u00eentre 24 \u0219i 72 de ore.<\/p>\n<h2 class=\"font-bold text-h3 leading-[40px] pt-[21px] pb-[2px] [&amp;_a]:underline-offset-[6px] [&amp;_.underline]:underline-offset-[6px]\" dir=\"ltr\">\u00cel pot cump\u0103ra de la alte farmacii DM, Dr Max, Catena, Farmacia Tei?<\/h2>\n<p class=\"text-body font-regular leading-[24px] pt-[9px] pb-[2px]\" dir=\"ltr\">Remofix <b><strong class=\"font-bold\">nu este disponibil \u00een farmacii online sau fizice<\/strong><\/b> precum Dr Max, Catena, Farmacia Tei, Sensiblu, Helpnet sau DM. Produsul poate fi achizi\u021bionat exclusiv de pe site-ul oficial al distribuitorului pentru a garanta originalitatea \u0219i calitatea.<\/p>\n<h2 class=\"font-bold text-h3 leading-[40px] pt-[21px] pb-[2px] [&amp;_a]:underline-offset-[6px] [&amp;_.underline]:underline-offset-[6px]\" dir=\"ltr\">Recenzii reale, comentarii, comentarii pe forum<\/h2>\n<p class=\"text-body font-regular leading-[24px] pt-[9px] pb-[2px]\" dir=\"ltr\">Forumurile sunt pline de comentarii pozitive despre Remofix. Utilizatorii laud\u0103 eficien\u021ba \u0219i efectele rapide ale produsului, subliniind formula sa natural\u0103 \u0219i accesibilitatea.<\/p>\n<h2 class=\"font-bold text-h3 leading-[40px] pt-[21px] pb-[2px] [&amp;_a]:underline-offset-[6px] [&amp;_.underline]:underline-offset-[6px]\" dir=\"ltr\">\u00centreb\u0103ri frecvente<\/h2>\n<h3 class=\"font-bold text-h4 leading-[30px] pt-[15px] pb-[2px] [&amp;_a]:underline-offset-[6px] [&amp;_.underline]:underline-offset-[6px]\" dir=\"ltr\">Remofix are efecte secundare?<\/h3>\n<p class=\"text-body font-regular leading-[24px] pt-[9px] pb-[2px]\" dir=\"ltr\">Nu, produsul este realizat din ingrediente naturale \u0219i nu au fost raportate efecte adverse.<\/p>\n<h3 class=\"font-bold text-h4 leading-[30px] pt-[15px] pb-[2px] [&amp;_a]:underline-offset-[6px] [&amp;_.underline]:underline-offset-[6px]\" dir=\"ltr\">Pot folosi Remofix dac\u0103 am pielea sensibil\u0103?<\/h3>\n<p class=\"text-body font-regular leading-[24px] pt-[9px] pb-[2px]\" dir=\"ltr\">Remofix este potrivit pentru pielea sensibil\u0103, dar este recomandat s\u0103 face\u021bi un test pe o zon\u0103 mic\u0103 \u00eenainte de aplicarea regulat\u0103.<\/p>\n","protected":false},"excerpt":{"rendered":"<p>Remofix este un gel destinat \u00eengrijirii oaselor \u0219i articula\u021biilor, oferind solu\u021bii eficiente pentru ameliorarea durerilor \u0219i \u00eembun\u0103t\u0103\u021birea mobilit\u0103\u021bii. Este ideal [&hellip;]<\/p>\n","protected":false},"featured_media":174,"template":"","meta":{"site-sidebar-layout":"default","site-content-layout":"","ast-site-content-layout":"default","site-content-style":"default","site-sidebar-style":"default","ast-global-header-display":"","ast-banner-title-visibility":"","ast-main-header-display":"","ast-hfb-above-header-display":"","ast-hfb-below-header-display":"","ast-hfb-mobile-header-display":"","site-post-title":"","ast-breadcrumbs-content":"","ast-featured-img":"","footer-sml-layout":"","ast-disable-related-posts":"","theme-transparent-header-meta":"default","adv-header-id-meta":"","stick-header-meta":"","header-above-stick-meta":"","header-main-stick-meta":"","header-below-stick-meta":"","astra-migrate-meta-layouts":"set","ast-page-background-enabled":"default","ast-page-background-meta":{"desktop":{"background-color":"var(--ast-global-color-5)","background-image":"","background-repeat":"repeat","background-position":"center center","background-size":"auto","background-attachment":"scroll","background-type":"","background-media":"","overlay-type":"","overlay-color":"","overlay-opacity":"","overlay-gradient":""},"tablet":{"background-color":"","background-image":"","background-repeat":"repeat","background-position":"center center","background-size":"auto","background-attachment":"scroll","background-type":"","background-media":"","overlay-type":"","overlay-color":"","overlay-opacity":"","overlay-gradient":""},"mobile":{"background-color":"","background-image":"","background-repeat":"repeat","background-position":"center center","background-size":"auto","background-attachment":"scroll","background-type":"","background-media":"","overlay-type":"","overlay-color":"","overlay-opacity":"","overlay-gradient":""}},"ast-content-background-meta":{"desktop":{"background-color":"var(--ast-global-color-4)","background-image":"","background-repeat":"repeat","background-position":"center center","background-size":"auto","background-attachment":"scroll","background-type":"","background-media":"","overlay-type":"","overlay-color":"","overlay-opacity":"","overlay-gradient":""},"tablet":{"background-color":"var(--ast-global-color-4)","background-image":"","background-repeat":"repeat","background-position":"center center","background-size":"auto","background-attachment":"scroll","background-type":"","background-media":"","overlay-type":"","overlay-color":"","overlay-opacity":"","overlay-gradient":""},"mobile":{"background-color":"var(--ast-global-color-4)","background-image":"","background-repeat":"repeat","background-position":"center center","background-size":"auto","background-attachment":"scroll","background-type":"","background-media":"","overlay-type":"","overlay-color":"","overlay-opacity":"","overlay-gradient":""}},"iawp_total_views":203},"product_brand":[],"product_cat":[15],"product_tag":[],"class_list":{"0":"post-173","1":"product","2":"type-product","3":"status-publish","4":"has-post-thumbnail","6":"product_cat-sanatate","7":"desktop-align-left","8":"tablet-align-left","9":"mobile-align-left","11":"first","12":"instock","13":"sale","14":"shipping-taxable","15":"purchasable","16":"product-type-simple"},"yoast_head":"<!-- This site is optimized with the Yoast SEO plugin v27.3 - https:\/\/yoast.com\/product\/yoast-seo-wordpress\/ -->\n<title>Remofix - Suplimente Naturale<\/title>\n<meta name=\"robots\" content=\"index, follow, max-snippet:-1, max-image-preview:large, max-video-preview:-1\" \/>\n<link rel=\"canonical\" href=\"https:\/\/policlinica-baiamare.ro\/farmacie\/produs\/remofix\/\" \/>\n<meta property=\"og:locale\" content=\"ro_RO\" \/>\n<meta property=\"og:type\" content=\"article\" \/>\n<meta property=\"og:title\" content=\"Remofix - Suplimente Naturale\" \/>\n<meta property=\"og:description\" content=\"Remofix este un gel destinat \u00eengrijirii oaselor \u0219i articula\u021biilor, oferind solu\u021bii eficiente pentru ameliorarea durerilor \u0219i \u00eembun\u0103t\u0103\u021birea mobilit\u0103\u021bii. Este ideal [&hellip;]\" \/>\n<meta property=\"og:url\" content=\"https:\/\/policlinica-baiamare.ro\/farmacie\/produs\/remofix\/\" \/>\n<meta property=\"og:site_name\" content=\"Suplimente Naturale\" \/>\n<meta property=\"og:image\" content=\"https:\/\/policlinica-baiamare.ro\/farmacie\/wp-content\/uploads\/2025\/04\/remofix.jpg\" \/>\n\t<meta property=\"og:image:width\" content=\"250\" \/>\n\t<meta property=\"og:image:height\" content=\"300\" \/>\n\t<meta property=\"og:image:type\" content=\"image\/jpeg\" \/>\n<meta name=\"twitter:card\" content=\"summary_large_image\" \/>\n<meta name=\"twitter:label1\" content=\"Timp estimat pentru citire\" \/>\n\t<meta name=\"twitter:data1\" content=\"5 minute\" \/>\n<script type=\"application\/ld+json\" class=\"yoast-schema-graph\">{\"@context\":\"https:\\\/\\\/schema.org\",\"@graph\":[{\"@type\":\"WebPage\",\"@id\":\"https:\\\/\\\/policlinica-baiamare.ro\\\/farmacie\\\/produs\\\/remofix\\\/\",\"url\":\"https:\\\/\\\/policlinica-baiamare.ro\\\/farmacie\\\/produs\\\/remofix\\\/\",\"name\":\"Remofix - Suplimente Naturale\",\"isPartOf\":{\"@id\":\"https:\\\/\\\/policlinica-baiamare.ro\\\/farmacie\\\/#website\"},\"primaryImageOfPage\":{\"@id\":\"https:\\\/\\\/policlinica-baiamare.ro\\\/farmacie\\\/produs\\\/remofix\\\/#primaryimage\"},\"image\":{\"@id\":\"https:\\\/\\\/policlinica-baiamare.ro\\\/farmacie\\\/produs\\\/remofix\\\/#primaryimage\"},\"thumbnailUrl\":\"https:\\\/\\\/policlinica-baiamare.ro\\\/farmacie\\\/wp-content\\\/uploads\\\/2025\\\/04\\\/remofix.jpg\",\"datePublished\":\"2025-04-08T17:18:06+00:00\",\"breadcrumb\":{\"@id\":\"https:\\\/\\\/policlinica-baiamare.ro\\\/farmacie\\\/produs\\\/remofix\\\/#breadcrumb\"},\"inLanguage\":\"ro-RO\",\"potentialAction\":[{\"@type\":\"ReadAction\",\"target\":[\"https:\\\/\\\/policlinica-baiamare.ro\\\/farmacie\\\/produs\\\/remofix\\\/\"]}]},{\"@type\":\"ImageObject\",\"inLanguage\":\"ro-RO\",\"@id\":\"https:\\\/\\\/policlinica-baiamare.ro\\\/farmacie\\\/produs\\\/remofix\\\/#primaryimage\",\"url\":\"https:\\\/\\\/policlinica-baiamare.ro\\\/farmacie\\\/wp-content\\\/uploads\\\/2025\\\/04\\\/remofix.jpg\",\"contentUrl\":\"https:\\\/\\\/policlinica-baiamare.ro\\\/farmacie\\\/wp-content\\\/uploads\\\/2025\\\/04\\\/remofix.jpg\",\"width\":250,\"height\":300,\"caption\":\"remofix\"},{\"@type\":\"BreadcrumbList\",\"@id\":\"https:\\\/\\\/policlinica-baiamare.ro\\\/farmacie\\\/produs\\\/remofix\\\/#breadcrumb\",\"itemListElement\":[{\"@type\":\"ListItem\",\"position\":1,\"name\":\"Prima pagin\u0103\",\"item\":\"https:\\\/\\\/policlinica-baiamare.ro\\\/farmacie\\\/\"},{\"@type\":\"ListItem\",\"position\":2,\"name\":\"Produse\",\"item\":\"https:\\\/\\\/policlinica-baiamare.ro\\\/farmacie\\\/\"},{\"@type\":\"ListItem\",\"position\":3,\"name\":\"Remofix\"}]},{\"@type\":\"WebSite\",\"@id\":\"https:\\\/\\\/policlinica-baiamare.ro\\\/farmacie\\\/#website\",\"url\":\"https:\\\/\\\/policlinica-baiamare.ro\\\/farmacie\\\/\",\"name\":\"Suplimente Naturale\",\"description\":\"\",\"potentialAction\":[{\"@type\":\"SearchAction\",\"target\":{\"@type\":\"EntryPoint\",\"urlTemplate\":\"https:\\\/\\\/policlinica-baiamare.ro\\\/farmacie\\\/?s={search_term_string}\"},\"query-input\":{\"@type\":\"PropertyValueSpecification\",\"valueRequired\":true,\"valueName\":\"search_term_string\"}}],\"inLanguage\":\"ro-RO\"}]}<\/script>\n<!-- \/ Yoast SEO plugin. -->","yoast_head_json":{"title":"Remofix - Suplimente Naturale","robots":{"index":"index","follow":"follow","max-snippet":"max-snippet:-1","max-image-preview":"max-image-preview:large","max-video-preview":"max-video-preview:-1"},"canonical":"https:\/\/policlinica-baiamare.ro\/farmacie\/produs\/remofix\/","og_locale":"ro_RO","og_type":"article","og_title":"Remofix - Suplimente Naturale","og_description":"Remofix este un gel destinat \u00eengrijirii oaselor \u0219i articula\u021biilor, oferind solu\u021bii eficiente pentru ameliorarea durerilor \u0219i \u00eembun\u0103t\u0103\u021birea mobilit\u0103\u021bii. Este ideal [&hellip;]","og_url":"https:\/\/policlinica-baiamare.ro\/farmacie\/produs\/remofix\/","og_site_name":"Suplimente Naturale","og_image":[{"width":250,"height":300,"url":"https:\/\/policlinica-baiamare.ro\/farmacie\/wp-content\/uploads\/2025\/04\/remofix.jpg","type":"image\/jpeg"}],"twitter_card":"summary_large_image","twitter_misc":{"Timp estimat pentru citire":"5 minute"},"schema":{"@context":"https:\/\/schema.org","@graph":[{"@type":"WebPage","@id":"https:\/\/policlinica-baiamare.ro\/farmacie\/produs\/remofix\/","url":"https:\/\/policlinica-baiamare.ro\/farmacie\/produs\/remofix\/","name":"Remofix - Suplimente Naturale","isPartOf":{"@id":"https:\/\/policlinica-baiamare.ro\/farmacie\/#website"},"primaryImageOfPage":{"@id":"https:\/\/policlinica-baiamare.ro\/farmacie\/produs\/remofix\/#primaryimage"},"image":{"@id":"https:\/\/policlinica-baiamare.ro\/farmacie\/produs\/remofix\/#primaryimage"},"thumbnailUrl":"https:\/\/policlinica-baiamare.ro\/farmacie\/wp-content\/uploads\/2025\/04\/remofix.jpg","datePublished":"2025-04-08T17:18:06+00:00","breadcrumb":{"@id":"https:\/\/policlinica-baiamare.ro\/farmacie\/produs\/remofix\/#breadcrumb"},"inLanguage":"ro-RO","potentialAction":[{"@type":"ReadAction","target":["https:\/\/policlinica-baiamare.ro\/farmacie\/produs\/remofix\/"]}]},{"@type":"ImageObject","inLanguage":"ro-RO","@id":"https:\/\/policlinica-baiamare.ro\/farmacie\/produs\/remofix\/#primaryimage","url":"https:\/\/policlinica-baiamare.ro\/farmacie\/wp-content\/uploads\/2025\/04\/remofix.jpg","contentUrl":"https:\/\/policlinica-baiamare.ro\/farmacie\/wp-content\/uploads\/2025\/04\/remofix.jpg","width":250,"height":300,"caption":"remofix"},{"@type":"BreadcrumbList","@id":"https:\/\/policlinica-baiamare.ro\/farmacie\/produs\/remofix\/#breadcrumb","itemListElement":[{"@type":"ListItem","position":1,"name":"Prima pagin\u0103","item":"https:\/\/policlinica-baiamare.ro\/farmacie\/"},{"@type":"ListItem","position":2,"name":"Produse","item":"https:\/\/policlinica-baiamare.ro\/farmacie\/"},{"@type":"ListItem","position":3,"name":"Remofix"}]},{"@type":"WebSite","@id":"https:\/\/policlinica-baiamare.ro\/farmacie\/#website","url":"https:\/\/policlinica-baiamare.ro\/farmacie\/","name":"Suplimente Naturale","description":"","potentialAction":[{"@type":"SearchAction","target":{"@type":"EntryPoint","urlTemplate":"https:\/\/policlinica-baiamare.ro\/farmacie\/?s={search_term_string}"},"query-input":{"@type":"PropertyValueSpecification","valueRequired":true,"valueName":"search_term_string"}}],"inLanguage":"ro-RO"}]}},"_links":{"self":[{"href":"https:\/\/policlinica-baiamare.ro\/farmacie\/wp-json\/wp\/v2\/product\/173","targetHints":{"allow":["GET"]}}],"collection":[{"href":"https:\/\/policlinica-baiamare.ro\/farmacie\/wp-json\/wp\/v2\/product"}],"about":[{"href":"https:\/\/policlinica-baiamare.ro\/farmacie\/wp-json\/wp\/v2\/types\/product"}],"wp:featuredmedia":[{"embeddable":true,"href":"https:\/\/policlinica-baiamare.ro\/farmacie\/wp-json\/wp\/v2\/media\/174"}],"wp:attachment":[{"href":"https:\/\/policlinica-baiamare.ro\/farmacie\/wp-json\/wp\/v2\/media?parent=173"}],"wp:term":[{"taxonomy":"product_brand","embeddable":true,"href":"https:\/\/policlinica-baiamare.ro\/farmacie\/wp-json\/wp\/v2\/product_brand?post=173"},{"taxonomy":"product_cat","embeddable":true,"href":"https:\/\/policlinica-baiamare.ro\/farmacie\/wp-json\/wp\/v2\/product_cat?post=173"},{"taxonomy":"product_tag","embeddable":true,"href":"https:\/\/policlinica-baiamare.ro\/farmacie\/wp-json\/wp\/v2\/product_tag?post=173"}],"curies":[{"name":"wp","href":"https:\/\/api.w.org\/{rel}","templated":true}]}}