{"id":168,"date":"2025-04-08T17:09:50","date_gmt":"2025-04-08T17:09:50","guid":{"rendered":"https:\/\/policlinica-baiamare.ro\/farmacie\/?post_type=product&#038;p=168"},"modified":"2025-04-08T17:11:24","modified_gmt":"2025-04-08T17:11:24","slug":"beauty-age-skin","status":"publish","type":"product","link":"https:\/\/policlinica-baiamare.ro\/farmacie\/produs\/beauty-age-skin\/","title":{"rendered":"Beauty Age Skin"},"content":{"rendered":"<p class=\"text-body font-regular leading-[24px] pt-[9px] pb-[2px]\" dir=\"ltr\">Beauty Age Skin este o crem\u0103 inovatoare pentru \u00eentinerirea pielii, creat\u0103 special pentru a ajuta femeile s\u0103 \u00ee\u0219i redescopere frumuse\u021bea natural\u0103. Acest produs premium combin\u0103 tehnologia avansat\u0103 cu ingrediente esen\u021biale pentru revitalizarea pielii. Formulat pentru toate tipurile de ten, Beauty Age Skin poate deveni aliatul vostru de \u00eencredere \u00een lupta \u00eempotriva semnelor \u00eemb\u0103tr\u00e2nirii, oferindu-v\u0103 un aspect radiant, ferm \u0219i s\u0103n\u0103tos.<\/p>\n<p class=\"text-body font-regular leading-[24px] pt-[9px] pb-[2px]\" dir=\"ltr\">Aceast\u0103 crem\u0103 v\u0103 ajut\u0103 s\u0103 reduce\u021bi aspectul ridurilor fine, s\u0103 \u00eembun\u0103t\u0103\u021bi\u021bi elasticitatea pielii \u0219i s\u0103 reda\u021bi tenului str\u0103lucirea de alt\u0103dat\u0103. Efectele sale sunt vizibile \u0219i de lung\u0103 durat\u0103, fiind ideal\u0103 pentru femeile care \u00ee\u0219i doresc o solu\u021bie eficient\u0103 \u0219i accesibil\u0103 pentru \u00eengrijirea tenului.<\/p>\n<h2 class=\"font-bold text-h3 leading-[40px] pt-[21px] pb-[2px] [&amp;_a]:underline-offset-[6px] [&amp;_.underline]:underline-offset-[6px]\" dir=\"ltr\">Cum func\u021bioneaz\u0103?<\/h2>\n<p class=\"text-body font-regular leading-[24px] pt-[9px] pb-[2px]\" dir=\"ltr\">Beauty Age Skin ac\u021bioneaz\u0103 printr-un proces \u00een mai mul\u021bi pa\u0219i, stimul\u00e2nd regenerarea celular\u0103 a pielii \u0219i oferindu-i hidratarea necesar\u0103. Formula sa avansat\u0103 p\u0103trunde ad\u00e2nc \u00een straturile pielii, oferind o hr\u0103nire intens\u0103 \u0219i regenerare din interior. Datorit\u0103 combina\u021biei de ingrediente active, Beauty Age Skin:<\/p>\n<ol class=\"pt-[9px] pb-[2px] pl-[24px] list-inside list-decimal\">\n<li class=\"text-body font-regular leading-[24px] my-[5px] [&amp;&gt;ol]:!pt-0 [&amp;&gt;ol]:!pb-0 [&amp;&gt;ul]:!pt-0 [&amp;&gt;ul]:!pb-0\" value=\"1\"><b><strong class=\"font-bold\">Hidrateaz\u0103 intens<\/strong><\/b> pielea, prevenind uscarea \u0219i pierderea elasticit\u0103\u021bii.<\/li>\n<li class=\"text-body font-regular leading-[24px] my-[5px] [&amp;&gt;ol]:!pt-0 [&amp;&gt;ol]:!pb-0 [&amp;&gt;ul]:!pt-0 [&amp;&gt;ul]:!pb-0\" value=\"2\"><b><strong class=\"font-bold\">Stimuleaz\u0103 produc\u021bia de colagen \u0219i elastin\u0103<\/strong><\/b>, esen\u021biale pentru un ten ferm \u0219i t\u00e2n\u0103r.<\/li>\n<li class=\"text-body font-regular leading-[24px] my-[5px] [&amp;&gt;ol]:!pt-0 [&amp;&gt;ol]:!pb-0 [&amp;&gt;ul]:!pt-0 [&amp;&gt;ul]:!pb-0\" value=\"3\"><b><strong class=\"font-bold\">Regenereaz\u0103 celulele pielii<\/strong><\/b>, reduc\u00e2nd semnele \u00eemb\u0103tr\u00e2nirii premature.<\/li>\n<li class=\"text-body font-regular leading-[24px] my-[5px] [&amp;&gt;ol]:!pt-0 [&amp;&gt;ol]:!pb-0 [&amp;&gt;ul]:!pt-0 [&amp;&gt;ul]:!pb-0\" value=\"4\"><b><strong class=\"font-bold\">Protejeaz\u0103 \u00eempotriva factorilor externi<\/strong><\/b> precum poluarea \u0219i razele UV, contribuind la men\u021binerea s\u0103n\u0103t\u0103\u021bii pielii.<\/li>\n<\/ol>\n<p class=\"text-body font-regular leading-[24px] pt-[9px] pb-[2px]\" dir=\"ltr\">Prin utilizarea regulat\u0103, aceasta ofer\u0103 rezultate vizibile \u00eenc\u0103 din primele s\u0103pt\u0103m\u00e2ni.<\/p>\n<h2 class=\"font-bold text-h3 leading-[40px] pt-[21px] pb-[2px] [&amp;_a]:underline-offset-[6px] [&amp;_.underline]:underline-offset-[6px]\" dir=\"ltr\">Ingrediente (substan\u021be active)<\/h2>\n<p class=\"text-body font-regular leading-[24px] pt-[9px] pb-[2px]\" dir=\"ltr\">Beauty Age Skin con\u021bine ingrediente atent selec\u021bionate pentru a v\u0103 oferi cele mai bune rezultate. Iat\u0103 lista \u0219i beneficiile fiec\u0103rei substan\u021be active:<\/p>\n<ul class=\"pt-[9px] pb-[2px] pl-[24px] list-inside list-disc pt-[5px]\">\n<li class=\"text-body font-regular leading-[24px] my-[5px] [&amp;&gt;ol]:!pt-0 [&amp;&gt;ol]:!pb-0 [&amp;&gt;ul]:!pt-0 [&amp;&gt;ul]:!pb-0\" value=\"1\"><b><strong class=\"font-bold\">Acid hialuronic<\/strong><\/b> &#8211; Un puternic hidratant care p\u0103trunde \u00een profunzimea pielii, men\u021bin\u00e2nd nivelul optim de hidratare \u0219i reduc\u00e2nd aspectul liniilor fine.<\/li>\n<li class=\"text-body font-regular leading-[24px] my-[5px] [&amp;&gt;ol]:!pt-0 [&amp;&gt;ol]:!pb-0 [&amp;&gt;ul]:!pt-0 [&amp;&gt;ul]:!pb-0\" value=\"2\"><b><strong class=\"font-bold\">S\u0103ruri minerale<\/strong><\/b> &#8211; Hr\u0103nesc \u0219i revitalizeaz\u0103 pielea, conferindu-i un aspect s\u0103n\u0103tos \u0219i str\u0103lucitor.<\/li>\n<li class=\"text-body font-regular leading-[24px] my-[5px] [&amp;&gt;ol]:!pt-0 [&amp;&gt;ol]:!pb-0 [&amp;&gt;ul]:!pt-0 [&amp;&gt;ul]:!pb-0\" value=\"3\"><b><strong class=\"font-bold\">Alantoin<\/strong><\/b> &#8211; Calmeaz\u0103 \u0219i regenereaz\u0103 pielea iritat\u0103, fiind perfect pentru persoanele cu ten sensibil.<\/li>\n<li class=\"text-body font-regular leading-[24px] my-[5px] [&amp;&gt;ol]:!pt-0 [&amp;&gt;ol]:!pb-0 [&amp;&gt;ul]:!pt-0 [&amp;&gt;ul]:!pb-0\" value=\"4\"><b><strong class=\"font-bold\">Colagen<\/strong><\/b> &#8211; Stimuleaz\u0103 refacerea \u021besuturilor \u0219i \u00eembun\u0103t\u0103\u021be\u0219te elasticitatea pielii, ajut\u00e2nd la prevenirea ridurilor profunde.<\/li>\n<li class=\"text-body font-regular leading-[24px] my-[5px] [&amp;&gt;ol]:!pt-0 [&amp;&gt;ol]:!pb-0 [&amp;&gt;ul]:!pt-0 [&amp;&gt;ul]:!pb-0\" value=\"5\"><b><strong class=\"font-bold\">Elastin\u0103<\/strong><\/b> &#8211; Confer\u0103 pielii fermitate \u0219i elasticitate, prevenind relaxarea acesteia.<\/li>\n<li class=\"text-body font-regular leading-[24px] my-[5px] [&amp;&gt;ol]:!pt-0 [&amp;&gt;ol]:!pb-0 [&amp;&gt;ul]:!pt-0 [&amp;&gt;ul]:!pb-0\" value=\"6\"><b><strong class=\"font-bold\">Complex de vitamine<\/strong><\/b> &#8211; Ofer\u0103 nutrien\u021bii necesari pentru pielea obosit\u0103, protej\u00e2nd-o \u00eempotriva factorilor de mediu \u0219i \u00eembun\u0103t\u0103\u021bind tonusul general al tenului.<\/li>\n<\/ul>\n<h2 class=\"font-bold text-h3 leading-[40px] pt-[21px] pb-[2px] [&amp;_a]:underline-offset-[6px] [&amp;_.underline]:underline-offset-[6px]\" dir=\"ltr\">Efecte \u0219i beneficii<\/h2>\n<p class=\"text-body font-regular leading-[24px] pt-[9px] pb-[2px]\" dir=\"ltr\">Folosirea regulat\u0103 a cremei Beauty Age Skin aduce numeroase beneficii vizibile pentru piele:<\/p>\n<ul class=\"pt-[9px] pb-[2px] pl-[24px] list-inside list-disc pt-[5px]\">\n<li class=\"text-body font-regular leading-[24px] my-[5px] [&amp;&gt;ol]:!pt-0 [&amp;&gt;ol]:!pb-0 [&amp;&gt;ul]:!pt-0 [&amp;&gt;ul]:!pb-0\" value=\"1\"><b><strong class=\"font-bold\">Reducerea ridurilor \u0219i liniilor fine<\/strong><\/b>.<\/li>\n<li class=\"text-body font-regular leading-[24px] my-[5px] [&amp;&gt;ol]:!pt-0 [&amp;&gt;ol]:!pb-0 [&amp;&gt;ul]:!pt-0 [&amp;&gt;ul]:!pb-0\" value=\"2\"><b><strong class=\"font-bold\">\u00cembun\u0103t\u0103\u021birea elasticit\u0103\u021bii pielii<\/strong><\/b>, pentru un ten mai ferm.<\/li>\n<li class=\"text-body font-regular leading-[24px] my-[5px] [&amp;&gt;ol]:!pt-0 [&amp;&gt;ol]:!pb-0 [&amp;&gt;ul]:!pt-0 [&amp;&gt;ul]:!pb-0\" value=\"3\"><b><strong class=\"font-bold\">Hidratarea intens\u0103<\/strong><\/b> \u0219i de lung\u0103 durat\u0103.<\/li>\n<li class=\"text-body font-regular leading-[24px] my-[5px] [&amp;&gt;ol]:!pt-0 [&amp;&gt;ol]:!pb-0 [&amp;&gt;ul]:!pt-0 [&amp;&gt;ul]:!pb-0\" value=\"4\"><b><strong class=\"font-bold\">Aspect \u00eentinerit<\/strong><\/b> al pielii, cu o str\u0103lucire natural\u0103.<\/li>\n<li class=\"text-body font-regular leading-[24px] my-[5px] [&amp;&gt;ol]:!pt-0 [&amp;&gt;ol]:!pb-0 [&amp;&gt;ul]:!pt-0 [&amp;&gt;ul]:!pb-0\" value=\"5\"><b><strong class=\"font-bold\">Uniformizarea nuan\u021bei tenului<\/strong><\/b>, reduc\u00e2nd petele pigmentare.<\/li>\n<li class=\"text-body font-regular leading-[24px] my-[5px] [&amp;&gt;ol]:!pt-0 [&amp;&gt;ol]:!pb-0 [&amp;&gt;ul]:!pt-0 [&amp;&gt;ul]:!pb-0\" value=\"6\"><b><strong class=\"font-bold\">Protec\u021bia \u00eempotriva factorilor de mediu nocivi<\/strong><\/b>, cum ar fi poluarea \u0219i radia\u021biile UV.<\/li>\n<\/ul>\n<h2 class=\"font-bold text-h3 leading-[40px] pt-[21px] pb-[2px] [&amp;_a]:underline-offset-[6px] [&amp;_.underline]:underline-offset-[6px]\" dir=\"ltr\">Beauty Age Skin prospect, mod de utilizare<\/h2>\n<p class=\"text-body font-regular leading-[24px] pt-[9px] pb-[2px]\" dir=\"ltr\">Pentru a ob\u021bine cele mai bune rezultate, utiliza\u021bi Beauty Age Skin conform urm\u0103torilor pa\u0219i simpli:<\/p>\n<ol class=\"pt-[9px] pb-[2px] pl-[24px] list-inside list-decimal\">\n<li class=\"text-body font-regular leading-[24px] my-[5px] [&amp;&gt;ol]:!pt-0 [&amp;&gt;ol]:!pb-0 [&amp;&gt;ul]:!pt-0 [&amp;&gt;ul]:!pb-0\" value=\"1\">Cur\u0103\u021ba\u021bi tenul \u00een profunzime cu un produs de cur\u0103\u021bare bl\u00e2nd.<\/li>\n<li class=\"text-body font-regular leading-[24px] my-[5px] [&amp;&gt;ol]:!pt-0 [&amp;&gt;ol]:!pb-0 [&amp;&gt;ul]:!pt-0 [&amp;&gt;ul]:!pb-0\" value=\"2\">Usca\u021bi u\u0219or fa\u021ba cu un prosop curat.<\/li>\n<li class=\"text-body font-regular leading-[24px] my-[5px] [&amp;&gt;ol]:!pt-0 [&amp;&gt;ol]:!pb-0 [&amp;&gt;ul]:!pt-0 [&amp;&gt;ul]:!pb-0\" value=\"3\">Aplica\u021bi o cantitate mic\u0103 de crem\u0103 pe fa\u021b\u0103 \u0219i g\u00e2t.<\/li>\n<li class=\"text-body font-regular leading-[24px] my-[5px] [&amp;&gt;ol]:!pt-0 [&amp;&gt;ol]:!pb-0 [&amp;&gt;ul]:!pt-0 [&amp;&gt;ul]:!pb-0\" value=\"4\">Masa\u021bi u\u0219or cu mi\u0219c\u0103ri circulare p\u00e2n\u0103 c\u00e2nd crema este complet absorbit\u0103.<\/li>\n<li class=\"text-body font-regular leading-[24px] my-[5px] [&amp;&gt;ol]:!pt-0 [&amp;&gt;ol]:!pb-0 [&amp;&gt;ul]:!pt-0 [&amp;&gt;ul]:!pb-0\" value=\"5\">Se recomand\u0103 utilizarea de dou\u0103 ori pe zi, diminea\u021ba \u0219i seara.<\/li>\n<\/ol>\n<h2 class=\"font-bold text-h3 leading-[40px] pt-[21px] pb-[2px] [&amp;_a]:underline-offset-[6px] [&amp;_.underline]:underline-offset-[6px]\" dir=\"ltr\">Opinia farmacistului<\/h2>\n<p class=\"text-body font-regular leading-[24px] pt-[9px] pb-[2px]\" dir=\"ltr\">Am colectat c\u00e2teva opinii autentice ale clien\u021bilor din Rom\u00e2nia pentru a v\u0103 ajuta s\u0103 \u00een\u021belege\u021bi mai bine impactul acestui produs:<\/p>\n<ul class=\"pt-[9px] pb-[2px] pl-[24px] list-inside list-disc pt-[5px]\">\n<li class=\"text-body font-regular leading-[24px] my-[5px] [&amp;&gt;ol]:!pt-0 [&amp;&gt;ol]:!pb-0 [&amp;&gt;ul]:!pt-0 [&amp;&gt;ul]:!pb-0\" value=\"1\"><b><strong class=\"font-bold\">Elena, Bucure\u0219ti<\/strong><\/b>: \u201eAm \u00eenceput s\u0103 folosesc Beauty Age Skin acum o lun\u0103 \u0219i deja v\u0103d diferen\u021be mari. Ridurile fine din jurul ochilor s-au diminuat, iar pielea mea este mult mai hidratat\u0103!\u201d<\/li>\n<li class=\"text-body font-regular leading-[24px] my-[5px] [&amp;&gt;ol]:!pt-0 [&amp;&gt;ol]:!pb-0 [&amp;&gt;ul]:!pt-0 [&amp;&gt;ul]:!pb-0\" value=\"2\"><b><strong class=\"font-bold\">Ana-Maria, Cluj-Napoca<\/strong><\/b>: \u201e\u00cemi place textura acestei creme, nu este uleioas\u0103 \u0219i intr\u0103 repede \u00een piele. Este exact ce aveam nevoie pentru tenul meu sensibil.\u201d<\/li>\n<li class=\"text-body font-regular leading-[24px] my-[5px] [&amp;&gt;ol]:!pt-0 [&amp;&gt;ol]:!pb-0 [&amp;&gt;ul]:!pt-0 [&amp;&gt;ul]:!pb-0\" value=\"3\"><b><strong class=\"font-bold\">Corina, Timi\u0219oara<\/strong><\/b>: \u201eUn produs excelent! Nu doar c\u0103 \u00eemi hidrateaz\u0103 pielea, dar o face s\u0103 arate mult mai t\u00e2n\u0103r\u0103. \u00cel recomand cu drag.\u201d<\/li>\n<\/ul>\n<h2 class=\"font-bold text-h3 leading-[40px] pt-[21px] pb-[2px] [&amp;_a]:underline-offset-[6px] [&amp;_.underline]:underline-offset-[6px]\" dir=\"ltr\">De unde s\u0103 cumperi Beauty Age Skin din farmacie, pre\u021b?<\/h2>\n<p class=\"text-body font-regular leading-[24px] pt-[9px] pb-[2px]\" dir=\"ltr\">Pentru a achizi\u021biona Beauty Age Skin, vizita\u021bi site-ul farmaceutic oficial. Ap\u0103sa\u021bi pe butonul \u201eCump\u0103r\u0103\u201d, completa\u021bi formularul de comand\u0103 \u0219i selecta\u021bi metoda de livrare dorit\u0103 (Livrare prin curier sau Easybox).<\/p>\n<p class=\"text-body font-regular leading-[24px] pt-[9px] pb-[2px]\" dir=\"ltr\">Pre\u021bul actual pentru Beauty Age Skin este de <b><strong class=\"font-bold\">159 RON<\/strong><\/b>, \u00eens\u0103, datorit\u0103 promo\u021biei \u00een curs, beneficia\u021bi de un <b><strong class=\"font-bold\">discount de 50%<\/strong><\/b>, p\u00e2n\u0103 la epuizarea stocurilor.<\/p>\n<h2 class=\"font-bold text-h3 leading-[40px] pt-[21px] pb-[2px] [&amp;_a]:underline-offset-[6px] [&amp;_.underline]:underline-offset-[6px]\" dir=\"ltr\">\u00cel pot cump\u0103ra de la alte farmacii DM, Dr Max, Catena, Farmacia Tei?<\/h2>\n<p class=\"text-body font-regular leading-[24px] pt-[9px] pb-[2px]\" dir=\"ltr\">Beauty Age Skin <b><strong class=\"font-bold\">nu este disponibil<\/strong><\/b> \u00een alte farmacii online precum Dr Max, Medifarm, Catena, Farmacia Tei, Sensiblu, Helpnet sau DM. Produsul poate fi achizi\u021bionat exclusiv prin intermediul farmaciei noastre oficiale, care colaboreaz\u0103 direct cu produc\u0103torul.<\/p>\n<h2 class=\"font-bold text-h3 leading-[40px] pt-[21px] pb-[2px] [&amp;_a]:underline-offset-[6px] [&amp;_.underline]:underline-offset-[6px]\" dir=\"ltr\">Recenzii reale, comentarii, comentarii pe forum<\/h2>\n<p class=\"text-body font-regular leading-[24px] pt-[9px] pb-[2px]\" dir=\"ltr\">Pe forumurile de specialitate, Beauty Age Skin prime\u0219te constant laude datorit\u0103 eficien\u021bei sale \u0219i u\u0219urin\u021bei de utilizare. Cele mai multe comentarii men\u021bioneaz\u0103 c\u00e2t de rapid \u0219i vizibil sunt efectele asupra pielii.<\/p>\n<h2 class=\"font-bold text-h3 leading-[40px] pt-[21px] pb-[2px] [&amp;_a]:underline-offset-[6px] [&amp;_.underline]:underline-offset-[6px]\" dir=\"ltr\">\u00centreb\u0103ri frecvente<\/h2>\n<p class=\"text-body font-regular leading-[24px] pt-[9px] pb-[2px]\" dir=\"ltr\"><b><strong class=\"font-bold\">1. Este crema potrivit\u0103 pentru toate tipurile de ten?<\/strong><\/b><\/p>\n<p class=\"text-body font-regular leading-[24px] pt-[9px] pb-[2px]\" dir=\"ltr\">Da, Beauty Age Skin este formulat\u0103 pentru a se adapta tuturor tipurilor de ten, inclusiv pielii sensibile.<\/p>\n<p class=\"text-body font-regular leading-[24px] pt-[9px] pb-[2px]\" dir=\"ltr\"><b><strong class=\"font-bold\">2. \u00cen c\u00e2t timp se v\u0103d primele rezultate?<\/strong><\/b><\/p>\n<p class=\"text-body font-regular leading-[24px] pt-[9px] pb-[2px]\" dir=\"ltr\">Primele efecte pot fi observate dup\u0103 aproximativ 2-3 s\u0103pt\u0103m\u00e2ni de utilizare regulat\u0103.<\/p>\n<p class=\"text-body font-regular leading-[24px] pt-[9px] pb-[2px]\" dir=\"ltr\"><b><strong class=\"font-bold\">3. Pot folosi produsul dac\u0103 am alergii?<\/strong><\/b><\/p>\n<p class=\"text-body font-regular leading-[24px] pt-[9px] pb-[2px]\" dir=\"ltr\">Recomand\u0103m verificarea ingredientelor \u0219i efectuarea unui test pe o mic\u0103 suprafa\u021b\u0103 de piele \u00eenainte de utilizare.<\/p>\n","protected":false},"excerpt":{"rendered":"<p>Beauty Age Skin este o crem\u0103 inovatoare pentru \u00eentinerirea pielii, creat\u0103 special pentru a ajuta femeile s\u0103 \u00ee\u0219i redescopere frumuse\u021bea [&hellip;]<\/p>\n","protected":false},"featured_media":169,"template":"","meta":{"site-sidebar-layout":"default","site-content-layout":"","ast-site-content-layout":"default","site-content-style":"default","site-sidebar-style":"default","ast-global-header-display":"","ast-banner-title-visibility":"","ast-main-header-display":"","ast-hfb-above-header-display":"","ast-hfb-below-header-display":"","ast-hfb-mobile-header-display":"","site-post-title":"","ast-breadcrumbs-content":"","ast-featured-img":"","footer-sml-layout":"","ast-disable-related-posts":"","theme-transparent-header-meta":"default","adv-header-id-meta":"","stick-header-meta":"","header-above-stick-meta":"","header-main-stick-meta":"","header-below-stick-meta":"","astra-migrate-meta-layouts":"set","ast-page-background-enabled":"default","ast-page-background-meta":{"desktop":{"background-color":"var(--ast-global-color-5)","background-image":"","background-repeat":"repeat","background-position":"center center","background-size":"auto","background-attachment":"scroll","background-type":"","background-media":"","overlay-type":"","overlay-color":"","overlay-opacity":"","overlay-gradient":""},"tablet":{"background-color":"","background-image":"","background-repeat":"repeat","background-position":"center center","background-size":"auto","background-attachment":"scroll","background-type":"","background-media":"","overlay-type":"","overlay-color":"","overlay-opacity":"","overlay-gradient":""},"mobile":{"background-color":"","background-image":"","background-repeat":"repeat","background-position":"center center","background-size":"auto","background-attachment":"scroll","background-type":"","background-media":"","overlay-type":"","overlay-color":"","overlay-opacity":"","overlay-gradient":""}},"ast-content-background-meta":{"desktop":{"background-color":"var(--ast-global-color-4)","background-image":"","background-repeat":"repeat","background-position":"center center","background-size":"auto","background-attachment":"scroll","background-type":"","background-media":"","overlay-type":"","overlay-color":"","overlay-opacity":"","overlay-gradient":""},"tablet":{"background-color":"var(--ast-global-color-4)","background-image":"","background-repeat":"repeat","background-position":"center center","background-size":"auto","background-attachment":"scroll","background-type":"","background-media":"","overlay-type":"","overlay-color":"","overlay-opacity":"","overlay-gradient":""},"mobile":{"background-color":"var(--ast-global-color-4)","background-image":"","background-repeat":"repeat","background-position":"center center","background-size":"auto","background-attachment":"scroll","background-type":"","background-media":"","overlay-type":"","overlay-color":"","overlay-opacity":"","overlay-gradient":""}},"iawp_total_views":90},"product_brand":[],"product_cat":[19],"product_tag":[],"class_list":{"0":"post-168","1":"product","2":"type-product","3":"status-publish","4":"has-post-thumbnail","6":"product_cat-frumusete","7":"desktop-align-left","8":"tablet-align-left","9":"mobile-align-left","11":"first","12":"instock","13":"sale","14":"shipping-taxable","15":"purchasable","16":"product-type-simple"},"yoast_head":"<!-- This site is optimized with the Yoast SEO plugin v27.6 - https:\/\/yoast.com\/product\/yoast-seo-wordpress\/ -->\n<title>Beauty Age Skin - Suplimente Naturale<\/title>\n<meta name=\"robots\" content=\"index, follow, max-snippet:-1, max-image-preview:large, max-video-preview:-1\" \/>\n<link rel=\"canonical\" href=\"https:\/\/policlinica-baiamare.ro\/farmacie\/produs\/beauty-age-skin\/\" \/>\n<meta property=\"og:locale\" content=\"ro_RO\" \/>\n<meta property=\"og:type\" content=\"article\" \/>\n<meta property=\"og:title\" content=\"Beauty Age Skin - Suplimente Naturale\" \/>\n<meta property=\"og:description\" content=\"Beauty Age Skin este o crem\u0103 inovatoare pentru \u00eentinerirea pielii, creat\u0103 special pentru a ajuta femeile s\u0103 \u00ee\u0219i redescopere frumuse\u021bea [&hellip;]\" \/>\n<meta property=\"og:url\" content=\"https:\/\/policlinica-baiamare.ro\/farmacie\/produs\/beauty-age-skin\/\" \/>\n<meta property=\"og:site_name\" content=\"Suplimente Naturale\" \/>\n<meta property=\"article:modified_time\" content=\"2025-04-08T17:11:24+00:00\" \/>\n<meta property=\"og:image\" content=\"https:\/\/policlinica-baiamare.ro\/farmacie\/wp-content\/uploads\/2025\/04\/Beauty-Age-Skin.jpg\" \/>\n\t<meta property=\"og:image:width\" content=\"250\" \/>\n\t<meta property=\"og:image:height\" content=\"300\" \/>\n\t<meta property=\"og:image:type\" content=\"image\/jpeg\" \/>\n<meta name=\"twitter:card\" content=\"summary_large_image\" \/>\n<meta name=\"twitter:label1\" content=\"Timp estimat pentru citire\" \/>\n\t<meta name=\"twitter:data1\" content=\"6 minute\" \/>\n<script type=\"application\/ld+json\" class=\"yoast-schema-graph\">{\"@context\":\"https:\\\/\\\/schema.org\",\"@graph\":[{\"@type\":\"WebPage\",\"@id\":\"https:\\\/\\\/policlinica-baiamare.ro\\\/farmacie\\\/produs\\\/beauty-age-skin\\\/\",\"url\":\"https:\\\/\\\/policlinica-baiamare.ro\\\/farmacie\\\/produs\\\/beauty-age-skin\\\/\",\"name\":\"Beauty Age Skin - Suplimente Naturale\",\"isPartOf\":{\"@id\":\"https:\\\/\\\/policlinica-baiamare.ro\\\/farmacie\\\/#website\"},\"primaryImageOfPage\":{\"@id\":\"https:\\\/\\\/policlinica-baiamare.ro\\\/farmacie\\\/produs\\\/beauty-age-skin\\\/#primaryimage\"},\"image\":{\"@id\":\"https:\\\/\\\/policlinica-baiamare.ro\\\/farmacie\\\/produs\\\/beauty-age-skin\\\/#primaryimage\"},\"thumbnailUrl\":\"https:\\\/\\\/policlinica-baiamare.ro\\\/farmacie\\\/wp-content\\\/uploads\\\/2025\\\/04\\\/Beauty-Age-Skin.jpg\",\"datePublished\":\"2025-04-08T17:09:50+00:00\",\"dateModified\":\"2025-04-08T17:11:24+00:00\",\"breadcrumb\":{\"@id\":\"https:\\\/\\\/policlinica-baiamare.ro\\\/farmacie\\\/produs\\\/beauty-age-skin\\\/#breadcrumb\"},\"inLanguage\":\"ro-RO\",\"potentialAction\":[{\"@type\":\"ReadAction\",\"target\":[\"https:\\\/\\\/policlinica-baiamare.ro\\\/farmacie\\\/produs\\\/beauty-age-skin\\\/\"]}]},{\"@type\":\"ImageObject\",\"inLanguage\":\"ro-RO\",\"@id\":\"https:\\\/\\\/policlinica-baiamare.ro\\\/farmacie\\\/produs\\\/beauty-age-skin\\\/#primaryimage\",\"url\":\"https:\\\/\\\/policlinica-baiamare.ro\\\/farmacie\\\/wp-content\\\/uploads\\\/2025\\\/04\\\/Beauty-Age-Skin.jpg\",\"contentUrl\":\"https:\\\/\\\/policlinica-baiamare.ro\\\/farmacie\\\/wp-content\\\/uploads\\\/2025\\\/04\\\/Beauty-Age-Skin.jpg\",\"width\":250,\"height\":300,\"caption\":\"Beauty Age Skin\"},{\"@type\":\"BreadcrumbList\",\"@id\":\"https:\\\/\\\/policlinica-baiamare.ro\\\/farmacie\\\/produs\\\/beauty-age-skin\\\/#breadcrumb\",\"itemListElement\":[{\"@type\":\"ListItem\",\"position\":1,\"name\":\"Prima pagin\u0103\",\"item\":\"https:\\\/\\\/policlinica-baiamare.ro\\\/farmacie\\\/\"},{\"@type\":\"ListItem\",\"position\":2,\"name\":\"Produse\",\"item\":\"https:\\\/\\\/policlinica-baiamare.ro\\\/farmacie\\\/\"},{\"@type\":\"ListItem\",\"position\":3,\"name\":\"Beauty Age Skin\"}]},{\"@type\":\"WebSite\",\"@id\":\"https:\\\/\\\/policlinica-baiamare.ro\\\/farmacie\\\/#website\",\"url\":\"https:\\\/\\\/policlinica-baiamare.ro\\\/farmacie\\\/\",\"name\":\"Suplimente Naturale\",\"description\":\"\",\"potentialAction\":[{\"@type\":\"SearchAction\",\"target\":{\"@type\":\"EntryPoint\",\"urlTemplate\":\"https:\\\/\\\/policlinica-baiamare.ro\\\/farmacie\\\/?s={search_term_string}\"},\"query-input\":{\"@type\":\"PropertyValueSpecification\",\"valueRequired\":true,\"valueName\":\"search_term_string\"}}],\"inLanguage\":\"ro-RO\"}]}<\/script>\n<!-- \/ Yoast SEO plugin. -->","yoast_head_json":{"title":"Beauty Age Skin - Suplimente Naturale","robots":{"index":"index","follow":"follow","max-snippet":"max-snippet:-1","max-image-preview":"max-image-preview:large","max-video-preview":"max-video-preview:-1"},"canonical":"https:\/\/policlinica-baiamare.ro\/farmacie\/produs\/beauty-age-skin\/","og_locale":"ro_RO","og_type":"article","og_title":"Beauty Age Skin - Suplimente Naturale","og_description":"Beauty Age Skin este o crem\u0103 inovatoare pentru \u00eentinerirea pielii, creat\u0103 special pentru a ajuta femeile s\u0103 \u00ee\u0219i redescopere frumuse\u021bea [&hellip;]","og_url":"https:\/\/policlinica-baiamare.ro\/farmacie\/produs\/beauty-age-skin\/","og_site_name":"Suplimente Naturale","article_modified_time":"2025-04-08T17:11:24+00:00","og_image":[{"width":250,"height":300,"url":"https:\/\/policlinica-baiamare.ro\/farmacie\/wp-content\/uploads\/2025\/04\/Beauty-Age-Skin.jpg","type":"image\/jpeg"}],"twitter_card":"summary_large_image","twitter_misc":{"Timp estimat pentru citire":"6 minute"},"schema":{"@context":"https:\/\/schema.org","@graph":[{"@type":"WebPage","@id":"https:\/\/policlinica-baiamare.ro\/farmacie\/produs\/beauty-age-skin\/","url":"https:\/\/policlinica-baiamare.ro\/farmacie\/produs\/beauty-age-skin\/","name":"Beauty Age Skin - Suplimente Naturale","isPartOf":{"@id":"https:\/\/policlinica-baiamare.ro\/farmacie\/#website"},"primaryImageOfPage":{"@id":"https:\/\/policlinica-baiamare.ro\/farmacie\/produs\/beauty-age-skin\/#primaryimage"},"image":{"@id":"https:\/\/policlinica-baiamare.ro\/farmacie\/produs\/beauty-age-skin\/#primaryimage"},"thumbnailUrl":"https:\/\/policlinica-baiamare.ro\/farmacie\/wp-content\/uploads\/2025\/04\/Beauty-Age-Skin.jpg","datePublished":"2025-04-08T17:09:50+00:00","dateModified":"2025-04-08T17:11:24+00:00","breadcrumb":{"@id":"https:\/\/policlinica-baiamare.ro\/farmacie\/produs\/beauty-age-skin\/#breadcrumb"},"inLanguage":"ro-RO","potentialAction":[{"@type":"ReadAction","target":["https:\/\/policlinica-baiamare.ro\/farmacie\/produs\/beauty-age-skin\/"]}]},{"@type":"ImageObject","inLanguage":"ro-RO","@id":"https:\/\/policlinica-baiamare.ro\/farmacie\/produs\/beauty-age-skin\/#primaryimage","url":"https:\/\/policlinica-baiamare.ro\/farmacie\/wp-content\/uploads\/2025\/04\/Beauty-Age-Skin.jpg","contentUrl":"https:\/\/policlinica-baiamare.ro\/farmacie\/wp-content\/uploads\/2025\/04\/Beauty-Age-Skin.jpg","width":250,"height":300,"caption":"Beauty Age Skin"},{"@type":"BreadcrumbList","@id":"https:\/\/policlinica-baiamare.ro\/farmacie\/produs\/beauty-age-skin\/#breadcrumb","itemListElement":[{"@type":"ListItem","position":1,"name":"Prima pagin\u0103","item":"https:\/\/policlinica-baiamare.ro\/farmacie\/"},{"@type":"ListItem","position":2,"name":"Produse","item":"https:\/\/policlinica-baiamare.ro\/farmacie\/"},{"@type":"ListItem","position":3,"name":"Beauty Age Skin"}]},{"@type":"WebSite","@id":"https:\/\/policlinica-baiamare.ro\/farmacie\/#website","url":"https:\/\/policlinica-baiamare.ro\/farmacie\/","name":"Suplimente Naturale","description":"","potentialAction":[{"@type":"SearchAction","target":{"@type":"EntryPoint","urlTemplate":"https:\/\/policlinica-baiamare.ro\/farmacie\/?s={search_term_string}"},"query-input":{"@type":"PropertyValueSpecification","valueRequired":true,"valueName":"search_term_string"}}],"inLanguage":"ro-RO"}]}},"_links":{"self":[{"href":"https:\/\/policlinica-baiamare.ro\/farmacie\/wp-json\/wp\/v2\/product\/168","targetHints":{"allow":["GET"]}}],"collection":[{"href":"https:\/\/policlinica-baiamare.ro\/farmacie\/wp-json\/wp\/v2\/product"}],"about":[{"href":"https:\/\/policlinica-baiamare.ro\/farmacie\/wp-json\/wp\/v2\/types\/product"}],"wp:featuredmedia":[{"embeddable":true,"href":"https:\/\/policlinica-baiamare.ro\/farmacie\/wp-json\/wp\/v2\/media\/169"}],"wp:attachment":[{"href":"https:\/\/policlinica-baiamare.ro\/farmacie\/wp-json\/wp\/v2\/media?parent=168"}],"wp:term":[{"taxonomy":"product_brand","embeddable":true,"href":"https:\/\/policlinica-baiamare.ro\/farmacie\/wp-json\/wp\/v2\/product_brand?post=168"},{"taxonomy":"product_cat","embeddable":true,"href":"https:\/\/policlinica-baiamare.ro\/farmacie\/wp-json\/wp\/v2\/product_cat?post=168"},{"taxonomy":"product_tag","embeddable":true,"href":"https:\/\/policlinica-baiamare.ro\/farmacie\/wp-json\/wp\/v2\/product_tag?post=168"}],"curies":[{"name":"wp","href":"https:\/\/api.w.org\/{rel}","templated":true}]}}