{"id":151,"date":"2025-03-23T17:54:56","date_gmt":"2025-03-23T17:54:56","guid":{"rendered":"https:\/\/policlinica-baiamare.ro\/farmacie\/?post_type=product&#038;p=151"},"modified":"2025-11-17T16:58:42","modified_gmt":"2025-11-17T16:58:42","slug":"diaflex-forte","status":"publish","type":"product","link":"https:\/\/policlinica-baiamare.ro\/farmacie\/produs\/diaflex-forte\/","title":{"rendered":"DiaFlex Forte"},"content":{"rendered":"<p class=\"text-body font-regular leading-[24px] pt-[9px] pb-[2px]\" dir=\"ltr\">DiaFlex Forte este un supliment alimentar sub form\u0103 de tablete, special creat pentru persoanele care tr\u0103iesc cu diabet. Acesta ajut\u0103 la men\u021binerea unui nivel controlat al glicemiei, sus\u021bin\u00e2nd s\u0103n\u0103tatea metabolic\u0103 \u0219i rezisten\u021ba organismului. Este destinat celor care doresc o solu\u021bie care completeaz\u0103 tratamentele conven\u021bionale ale diabetului sau care caut\u0103 \u00eembun\u0103t\u0103\u021birea s\u0103n\u0103t\u0103\u021bii generale.<\/p>\n<p class=\"text-body font-regular leading-[24px] pt-[9px] pb-[2px]\" dir=\"ltr\">Cu formula sa inovatoare, DiaFlex Forte sprijin\u0103 organismul \u00een gestionarea simptomelor diabetului \u0219i contribuie la reducerea complica\u021biilor asociate.<\/p>\n<h2 class=\"font-bold text-h3 leading-[40px] pt-[21px] pb-[2px] [&amp;_a]:underline-offset-[6px] [&amp;_.underline]:underline-offset-[6px]\" dir=\"ltr\">Cum func\u021bioneaz\u0103?<\/h2>\n<p class=\"text-body font-regular leading-[24px] pt-[9px] pb-[2px]\" dir=\"ltr\">DiaFlex Forte ac\u021bioneaz\u0103 prin \u00eent\u0103rirea mecanismelor naturale ale corpului de a metaboliza glucoza. Substan\u021bele active din compozi\u021bia sa contribuie la:<\/p>\n<ul class=\"pt-[9px] pb-[2px] pl-[24px] list-inside list-disc pt-[5px]\">\n<li class=\"text-body font-regular leading-[24px] my-[5px] [&amp;&gt;ol]:!pt-0 [&amp;&gt;ol]:!pb-0 [&amp;&gt;ul]:!pt-0 [&amp;&gt;ul]:!pb-0\" value=\"1\">Reglarea nivelului de glucoz\u0103 din s\u00e2nge.<\/li>\n<li class=\"text-body font-regular leading-[24px] my-[5px] [&amp;&gt;ol]:!pt-0 [&amp;&gt;ol]:!pb-0 [&amp;&gt;ul]:!pt-0 [&amp;&gt;ul]:!pb-0\" value=\"2\">\u00cembun\u0103t\u0103\u021birea sensibilit\u0103\u021bii la insulin\u0103.<\/li>\n<li class=\"text-body font-regular leading-[24px] my-[5px] [&amp;&gt;ol]:!pt-0 [&amp;&gt;ol]:!pb-0 [&amp;&gt;ul]:!pt-0 [&amp;&gt;ul]:!pb-0\" value=\"3\">Reducerea stresului oxidativ \u00een organism.<\/li>\n<li class=\"text-body font-regular leading-[24px] my-[5px] [&amp;&gt;ol]:!pt-0 [&amp;&gt;ol]:!pb-0 [&amp;&gt;ul]:!pt-0 [&amp;&gt;ul]:!pb-0\" value=\"4\">Sus\u021binerea func\u021biei ficatului \u0219i pancreasului, organe cheie \u00een managementul diabetului.<\/li>\n<\/ul>\n<p class=\"text-body font-regular leading-[24px] pt-[9px] pb-[2px]\" dir=\"ltr\">Acest supliment este bine tolerat de organism \u0219i ofer\u0103 suport pe termen lung pentru men\u021binerea s\u0103n\u0103t\u0103\u021bii.<\/p>\n<h2 class=\"font-bold text-h3 leading-[40px] pt-[21px] pb-[2px] [&amp;_a]:underline-offset-[6px] [&amp;_.underline]:underline-offset-[6px]\" dir=\"ltr\">Ingrediente (substan\u021be active)<\/h2>\n<p class=\"text-body font-regular leading-[24px] pt-[9px] pb-[2px]\" dir=\"ltr\">DiaFlex Forte con\u021bine ingrediente atent selec\u021bionate, fiecare contribuind distinct la efectele produsului:<\/p>\n<ul class=\"pt-[9px] pb-[2px] pl-[24px] list-inside list-disc pt-[5px]\">\n<li class=\"text-body font-regular leading-[24px] my-[5px] [&amp;&gt;ol]:!pt-0 [&amp;&gt;ol]:!pb-0 [&amp;&gt;ul]:!pt-0 [&amp;&gt;ul]:!pb-0\" value=\"1\"><b><strong class=\"font-bold\">Extract de scor\u021bi\u0219oar\u0103<\/strong><\/b> (Cinnamomum zeylanicum): Recunoscut\u0103 pentru propriet\u0103\u021bile sale de \u00eembun\u0103t\u0103\u021bire a sensibilit\u0103\u021bii la insulin\u0103 \u0219i reglare a glicemiei.<\/li>\n<li class=\"text-body font-regular leading-[24px] my-[5px] [&amp;&gt;ol]:!pt-0 [&amp;&gt;ol]:!pb-0 [&amp;&gt;ul]:!pt-0 [&amp;&gt;ul]:!pb-0\" value=\"2\"><b><strong class=\"font-bold\">Acid alfa-lipoic<\/strong><\/b>: Un antioxidant puternic care contribuie la reducerea stresului oxidativ \u0219i \u00eembun\u0103t\u0103\u021birea func\u021biei nervoase.<\/li>\n<li class=\"text-body font-regular leading-[24px] my-[5px] [&amp;&gt;ol]:!pt-0 [&amp;&gt;ol]:!pb-0 [&amp;&gt;ul]:!pt-0 [&amp;&gt;ul]:!pb-0\" value=\"3\"><b><strong class=\"font-bold\">Extract de gimnema<\/strong><\/b> (Gymnema sylvestre): Ajut\u0103 la reducerea absorb\u021biei glucozei \u0219i la reglarea apetitului pentru dulciuri.<\/li>\n<li class=\"text-body font-regular leading-[24px] my-[5px] [&amp;&gt;ol]:!pt-0 [&amp;&gt;ol]:!pb-0 [&amp;&gt;ul]:!pt-0 [&amp;&gt;ul]:!pb-0\" value=\"4\"><b><strong class=\"font-bold\">Vitamina D<\/strong><\/b>: Joac\u0103 un rol cheie \u00een men\u021binerea func\u021biilor de baz\u0103 ale metabolismului \u0219i sus\u021bine s\u0103n\u0103tatea general\u0103.<\/li>\n<li class=\"text-body font-regular leading-[24px] my-[5px] [&amp;&gt;ol]:!pt-0 [&amp;&gt;ol]:!pb-0 [&amp;&gt;ul]:!pt-0 [&amp;&gt;ul]:!pb-0\" value=\"5\"><b><strong class=\"font-bold\">Crom<\/strong><\/b>: Mineral esen\u021bial care sprijin\u0103 metabolismul carbohidra\u021bilor \u0219i men\u021bine glicemia \u00een limite normale.<\/li>\n<\/ul>\n<p class=\"text-body font-regular leading-[24px] pt-[9px] pb-[2px]\" dir=\"ltr\">Fiecare component\u0103 lucreaz\u0103 sinergic pentru a sus\u021bine organismul \u00een lupta \u00eempotriva dezechilibrelor metabolice.<\/p>\n<h2 class=\"font-bold text-h3 leading-[40px] pt-[21px] pb-[2px] [&amp;_a]:underline-offset-[6px] [&amp;_.underline]:underline-offset-[6px]\" dir=\"ltr\">Efecte \u0219i beneficii<\/h2>\n<p class=\"text-body font-regular leading-[24px] pt-[9px] pb-[2px]\" dir=\"ltr\">DiaFlex Forte ofer\u0103 beneficii semnificative pentru utilizatori, printre care:<\/p>\n<ul class=\"pt-[9px] pb-[2px] pl-[24px] list-inside list-disc pt-[5px]\">\n<li class=\"text-body font-regular leading-[24px] my-[5px] [&amp;&gt;ol]:!pt-0 [&amp;&gt;ol]:!pb-0 [&amp;&gt;ul]:!pt-0 [&amp;&gt;ul]:!pb-0\" value=\"1\">Men\u021binerea unui nivel stabil al glicemiei.<\/li>\n<li class=\"text-body font-regular leading-[24px] my-[5px] [&amp;&gt;ol]:!pt-0 [&amp;&gt;ol]:!pb-0 [&amp;&gt;ul]:!pt-0 [&amp;&gt;ul]:!pb-0\" value=\"2\">\u00cembun\u0103t\u0103\u021birea sensibilit\u0103\u021bii la insulin\u0103.<\/li>\n<li class=\"text-body font-regular leading-[24px] my-[5px] [&amp;&gt;ol]:!pt-0 [&amp;&gt;ol]:!pb-0 [&amp;&gt;ul]:!pt-0 [&amp;&gt;ul]:!pb-0\" value=\"3\">Reducerea poftelor alimentare nes\u0103n\u0103toase.<\/li>\n<li class=\"text-body font-regular leading-[24px] my-[5px] [&amp;&gt;ol]:!pt-0 [&amp;&gt;ol]:!pb-0 [&amp;&gt;ul]:!pt-0 [&amp;&gt;ul]:!pb-0\" value=\"4\">Cre\u0219terea nivelului de energie.<\/li>\n<li class=\"text-body font-regular leading-[24px] my-[5px] [&amp;&gt;ol]:!pt-0 [&amp;&gt;ol]:!pb-0 [&amp;&gt;ul]:!pt-0 [&amp;&gt;ul]:!pb-0\" value=\"5\">Sus\u021binerea s\u0103n\u0103t\u0103\u021bii cardiace \u0219i vasculare.<\/li>\n<li class=\"text-body font-regular leading-[24px] my-[5px] [&amp;&gt;ol]:!pt-0 [&amp;&gt;ol]:!pb-0 [&amp;&gt;ul]:!pt-0 [&amp;&gt;ul]:!pb-0\" value=\"6\">Reducerea oboselii \u0219i a stresului oxidativ.<\/li>\n<\/ul>\n<p class=\"text-body font-regular leading-[24px] pt-[9px] pb-[2px]\" dir=\"ltr\">Aceste beneficii sunt raportate at\u00e2t de utilizatori, c\u00e2t \u0219i de profesioni\u0219ti din domeniul s\u0103n\u0103t\u0103\u021bii, f\u0103c\u00e2nd DiaFlex Forte un supliment de \u00eencredere.<\/p>\n<h2 class=\"font-bold text-h3 leading-[40px] pt-[21px] pb-[2px] [&amp;_a]:underline-offset-[6px] [&amp;_.underline]:underline-offset-[6px]\" dir=\"ltr\">DiaFlex Forte prospect, mod de utilizare<\/h2>\n<p class=\"text-body font-regular leading-[24px] pt-[9px] pb-[2px]\" dir=\"ltr\">DiaFlex Forte este u\u0219or de administrat, conform instruc\u021biunilor de pe eticheta produsului. Recomand\u0103rile generale sunt urm\u0103toarele:<\/p>\n<ol class=\"pt-[9px] pb-[2px] pl-[24px] list-inside list-decimal\">\n<li class=\"text-body font-regular leading-[24px] my-[5px] [&amp;&gt;ol]:!pt-0 [&amp;&gt;ol]:!pb-0 [&amp;&gt;ul]:!pt-0 [&amp;&gt;ul]:!pb-0\" value=\"1\">Administra\u021bi <b><strong class=\"font-bold\">2 comprimate zilnic<\/strong><\/b>, preferabil \u00een timpul mesei, pentru o mai bun\u0103 absorb\u021bie.<\/li>\n<li class=\"text-body font-regular leading-[24px] my-[5px] [&amp;&gt;ol]:!pt-0 [&amp;&gt;ol]:!pb-0 [&amp;&gt;ul]:!pt-0 [&amp;&gt;ul]:!pb-0\" value=\"2\">Pentru rezultate optime, este indicat s\u0103 fie utilizat regulat timp de <b><strong class=\"font-bold\">cel pu\u021bin 3 luni<\/strong><\/b>.<\/li>\n<li class=\"text-body font-regular leading-[24px] my-[5px] [&amp;&gt;ol]:!pt-0 [&amp;&gt;ol]:!pb-0 [&amp;&gt;ul]:!pt-0 [&amp;&gt;ul]:!pb-0\" value=\"3\">Nu dep\u0103\u0219i\u021bi doza zilnic\u0103 recomandat\u0103. Dac\u0103 ave\u021bi \u00eentreb\u0103ri, consulta\u021bi un medic sau farmacist.<\/li>\n<\/ol>\n<p class=\"text-body font-regular leading-[24px] pt-[9px] pb-[2px]\" dir=\"ltr\">Fi\u021bi consecven\u021bi \u00een utilizarea produsului \u0219i combina\u021bi suplimentul cu un stil de via\u021b\u0103 s\u0103n\u0103tos, incluz\u00e2nd o diet\u0103 echilibrat\u0103 \u0219i activitate fizic\u0103.<\/p>\n<h2 class=\"font-bold text-h3 leading-[40px] pt-[21px] pb-[2px] [&amp;_a]:underline-offset-[6px] [&amp;_.underline]:underline-offset-[6px]\" dir=\"ltr\">Opinia farmacistului<\/h2>\n<p class=\"text-body font-regular leading-[24px] pt-[9px] pb-[2px]\" dir=\"ltr\">Iat\u0103 c\u00e2teva opinii reale de la utilizatori \u0219i profesioni\u0219ti din Rom\u00e2nia:<\/p>\n<ul class=\"pt-[9px] pb-[2px] pl-[24px] list-inside list-disc pt-[5px]\">\n<li class=\"text-body font-regular leading-[24px] my-[5px] [&amp;&gt;ol]:!pt-0 [&amp;&gt;ol]:!pb-0 [&amp;&gt;ul]:!pt-0 [&amp;&gt;ul]:!pb-0\" value=\"1\"><b><strong class=\"font-bold\">Ionela P., Bucure\u0219ti<\/strong><\/b>: \u201eDup\u0103 c\u00e2teva s\u0103pt\u0103m\u00e2ni de utilizare, am observat o \u00eembun\u0103t\u0103\u021bire a nivelului glicemiei. Este un supliment excelent care completeaz\u0103 perfect tratamentul meu.\u201d<\/li>\n<li class=\"text-body font-regular leading-[24px] my-[5px] [&amp;&gt;ol]:!pt-0 [&amp;&gt;ol]:!pb-0 [&amp;&gt;ul]:!pt-0 [&amp;&gt;ul]:!pb-0\" value=\"2\"><b><strong class=\"font-bold\">Daniel R., Cluj-Napoca<\/strong><\/b>: \u201eDiaFlex Forte este un produs de \u00eencredere. L-am recomandat multor pacien\u021bi, iar feedback-ul lor a fost fantastic.\u201d<\/li>\n<li class=\"text-body font-regular leading-[24px] my-[5px] [&amp;&gt;ol]:!pt-0 [&amp;&gt;ol]:!pb-0 [&amp;&gt;ul]:!pt-0 [&amp;&gt;ul]:!pb-0\" value=\"3\"><b><strong class=\"font-bold\">Mihaela S., Ia\u0219i<\/strong><\/b>: \u201eEste imposibil s\u0103 nu observi diferen\u021ba. Energia mea a crescut \u0219i glicemia pare mai stabil\u0103. \u00cel recomand oricui se confrunt\u0103 cu diabetul.\u201d<\/li>\n<\/ul>\n<h2 class=\"font-bold text-h3 leading-[40px] pt-[21px] pb-[2px] [&amp;_a]:underline-offset-[6px] [&amp;_.underline]:underline-offset-[6px]\" dir=\"ltr\">De unde s\u0103 cumperi DiaFlex Forte din farmacie, pre\u021b?<\/h2>\n<p class=\"ds-markdown-paragraph\">Produsul DiaFlex Forte se poate comanda exclusiv de pe site-ul produc\u0103torului.<\/p>\n<p class=\"ds-markdown-paragraph\"><strong>Ap\u0103sa\u021bi pe butonul &#8222;Comand\u0103 de pe site-ul produc\u0103torului&#8221;.<\/strong><br \/>\nCompleta\u021bi formularul de comand\u0103 cu datele necesare.<br \/>\nAlege\u021bi metoda de livrare \u0219i plat\u0103 dorit\u0103.<\/p>\n<p class=\"ds-markdown-paragraph\">Pre\u021bul produsului este de 358 RON, dar avem o promo\u021bie special\u0103 de 50% reducere, valabil\u0103 p\u00e2n\u0103 la epuizarea stocurilor.<\/p>\n<p class=\"ds-markdown-paragraph\">Livrarea produsului se face \u00een termen de 24-72 ore, utiliz\u00e2nd servicii de curierat din Rom\u00e2nia, inclusiv:<\/p>\n<ul>\n<li>\n<p class=\"ds-markdown-paragraph\">Livrare prin curier.<\/p>\n<\/li>\n<li>\n<p class=\"ds-markdown-paragraph\">Easybox.<\/p>\n<\/li>\n<\/ul>\n<h2 class=\"font-bold text-h3 leading-[40px] pt-[21px] pb-[2px] [&amp;_a]:underline-offset-[6px] [&amp;_.underline]:underline-offset-[6px]\" dir=\"ltr\">\u00cel pot cump\u0103ra de la alte farmacii DM, Dr Max, Catena, Farmacia Tei?<\/h2>\n<p class=\"text-body font-regular leading-[24px] pt-[9px] pb-[2px]\" dir=\"ltr\">DiaFlex Forte nu este disponibil \u00een alte farmacii online, precum DM, Dr Max, Catena, Farmacia Tei, Sensiblu sau Helpnet.\u00a0<strong>Produsul se poate comanda exclusiv de pe site-ul produc\u0103torului<\/strong>, \u00een colaborare direct\u0103 cu ace\u0219tia.<\/p>\n<h2 class=\"font-bold text-h3 leading-[40px] pt-[21px] pb-[2px] [&amp;_a]:underline-offset-[6px] [&amp;_.underline]:underline-offset-[6px]\" dir=\"ltr\">Recenzii reale, comentarii, comentarii pe forum<\/h2>\n<p class=\"text-body font-regular leading-[24px] pt-[9px] pb-[2px]\" dir=\"ltr\">Pe forumurile locale, utilizatorii au \u00eemp\u0103rt\u0103\u0219it experien\u021be pozitive cu DiaFlex Forte. Majoritatea apreciaz\u0103 rezultatele rapide, calitatea ridicat\u0103 \u0219i pre\u021bul accesibil, consider\u00e2nd produsul o investi\u021bie valoroas\u0103 \u00een s\u0103n\u0103tate.<\/p>\n<h2 class=\"font-bold text-h3 leading-[40px] pt-[21px] pb-[2px] [&amp;_a]:underline-offset-[6px] [&amp;_.underline]:underline-offset-[6px]\" dir=\"ltr\">\u00centreb\u0103ri frecvente<\/h2>\n<p class=\"text-body font-regular leading-[24px] pt-[9px] pb-[2px]\" dir=\"ltr\"><b><strong class=\"font-bold\">\u00centrebare 1:<\/strong><\/b> Pot utiliza DiaFlex Forte \u00eempreun\u0103 cu alte medicamente?<\/p>\n<p class=\"text-body font-regular leading-[24px] pt-[9px] pb-[2px]\" dir=\"ltr\"><b><strong class=\"font-bold\">R\u0103spuns:<\/strong><\/b> De obicei, DiaFlex Forte este compatibil cu alte terapii, dar este recomandat s\u0103 consulta\u021bi un medic \u00eenainte de utilizare.<\/p>\n<p class=\"text-body font-regular leading-[24px] pt-[9px] pb-[2px]\" dir=\"ltr\"><b><strong class=\"font-bold\">\u00centrebare 2:<\/strong><\/b> Se ofer\u0103 garan\u021bie sau returnare?<\/p>\n<p class=\"text-body font-regular leading-[24px] pt-[9px] pb-[2px]\" dir=\"ltr\"><b><strong class=\"font-bold\">R\u0103spuns:<\/strong><\/b> Produsul este garantat de calitatea oferit\u0103, iar politica de returnare poate fi verificat\u0103 pe site-ul oficial.<\/p>\n<p class=\"text-body font-regular leading-[24px] pt-[9px] pb-[2px]\" dir=\"ltr\"><b><strong class=\"font-bold\">\u00centrebare 3:<\/strong><\/b> Este sigur pentru utilizarea pe termen lung?<\/p>\n<p class=\"text-body font-regular leading-[24px] pt-[9px] pb-[2px]\" dir=\"ltr\"><b><strong class=\"font-bold\">R\u0103spuns:<\/strong><\/b> Da, ingredientele naturale fac din DiaFlex Forte un supliment sigur pentru utilizare regulat\u0103.<\/p>\n","protected":false},"excerpt":{"rendered":"<p>DiaFlex Forte este un supliment alimentar sub form\u0103 de tablete, special creat pentru persoanele care tr\u0103iesc cu diabet. Acesta ajut\u0103 [&hellip;]<\/p>\n","protected":false},"featured_media":152,"template":"","meta":{"site-sidebar-layout":"default","site-content-layout":"","ast-site-content-layout":"default","site-content-style":"default","site-sidebar-style":"default","ast-global-header-display":"","ast-banner-title-visibility":"","ast-main-header-display":"","ast-hfb-above-header-display":"","ast-hfb-below-header-display":"","ast-hfb-mobile-header-display":"","site-post-title":"","ast-breadcrumbs-content":"","ast-featured-img":"","footer-sml-layout":"","ast-disable-related-posts":"","theme-transparent-header-meta":"default","adv-header-id-meta":"","stick-header-meta":"","header-above-stick-meta":"","header-main-stick-meta":"","header-below-stick-meta":"","astra-migrate-meta-layouts":"set","ast-page-background-enabled":"default","ast-page-background-meta":{"desktop":{"background-color":"var(--ast-global-color-5)","background-image":"","background-repeat":"repeat","background-position":"center center","background-size":"auto","background-attachment":"scroll","background-type":"","background-media":"","overlay-type":"","overlay-color":"","overlay-opacity":"","overlay-gradient":""},"tablet":{"background-color":"","background-image":"","background-repeat":"repeat","background-position":"center center","background-size":"auto","background-attachment":"scroll","background-type":"","background-media":"","overlay-type":"","overlay-color":"","overlay-opacity":"","overlay-gradient":""},"mobile":{"background-color":"","background-image":"","background-repeat":"repeat","background-position":"center center","background-size":"auto","background-attachment":"scroll","background-type":"","background-media":"","overlay-type":"","overlay-color":"","overlay-opacity":"","overlay-gradient":""}},"ast-content-background-meta":{"desktop":{"background-color":"var(--ast-global-color-4)","background-image":"","background-repeat":"repeat","background-position":"center center","background-size":"auto","background-attachment":"scroll","background-type":"","background-media":"","overlay-type":"","overlay-color":"","overlay-opacity":"","overlay-gradient":""},"tablet":{"background-color":"var(--ast-global-color-4)","background-image":"","background-repeat":"repeat","background-position":"center center","background-size":"auto","background-attachment":"scroll","background-type":"","background-media":"","overlay-type":"","overlay-color":"","overlay-opacity":"","overlay-gradient":""},"mobile":{"background-color":"var(--ast-global-color-4)","background-image":"","background-repeat":"repeat","background-position":"center center","background-size":"auto","background-attachment":"scroll","background-type":"","background-media":"","overlay-type":"","overlay-color":"","overlay-opacity":"","overlay-gradient":""}},"iawp_total_views":1199},"product_brand":[],"product_cat":[15],"product_tag":[],"class_list":{"0":"post-151","1":"product","2":"type-product","3":"status-publish","4":"has-post-thumbnail","6":"product_cat-sanatate","7":"desktop-align-left","8":"tablet-align-left","9":"mobile-align-left","11":"first","12":"instock","13":"sale","14":"shipping-taxable","15":"product-type-external"},"yoast_head":"<!-- This site is optimized with the Yoast SEO plugin v27.6 - https:\/\/yoast.com\/product\/yoast-seo-wordpress\/ -->\n<title>DiaFlex Forte - Suplimente Naturale<\/title>\n<meta name=\"robots\" content=\"index, follow, max-snippet:-1, max-image-preview:large, max-video-preview:-1\" \/>\n<link rel=\"canonical\" href=\"https:\/\/policlinica-baiamare.ro\/farmacie\/produs\/diaflex-forte\/\" \/>\n<meta property=\"og:locale\" content=\"ro_RO\" \/>\n<meta property=\"og:type\" content=\"article\" \/>\n<meta property=\"og:title\" content=\"DiaFlex Forte - Suplimente Naturale\" \/>\n<meta property=\"og:description\" content=\"DiaFlex Forte este un supliment alimentar sub form\u0103 de tablete, special creat pentru persoanele care tr\u0103iesc cu diabet. Acesta ajut\u0103 [&hellip;]\" \/>\n<meta property=\"og:url\" content=\"https:\/\/policlinica-baiamare.ro\/farmacie\/produs\/diaflex-forte\/\" \/>\n<meta property=\"og:site_name\" content=\"Suplimente Naturale\" \/>\n<meta property=\"article:modified_time\" content=\"2025-11-17T16:58:42+00:00\" \/>\n<meta property=\"og:image\" content=\"https:\/\/policlinica-baiamare.ro\/farmacie\/wp-content\/uploads\/2025\/03\/diaflex-forte.jpg\" \/>\n\t<meta property=\"og:image:width\" content=\"250\" \/>\n\t<meta property=\"og:image:height\" content=\"300\" \/>\n\t<meta property=\"og:image:type\" content=\"image\/jpeg\" \/>\n<meta name=\"twitter:card\" content=\"summary_large_image\" \/>\n<meta name=\"twitter:label1\" content=\"Timp estimat pentru citire\" \/>\n\t<meta name=\"twitter:data1\" content=\"5 minute\" \/>\n<script type=\"application\/ld+json\" class=\"yoast-schema-graph\">{\"@context\":\"https:\\\/\\\/schema.org\",\"@graph\":[{\"@type\":\"WebPage\",\"@id\":\"https:\\\/\\\/policlinica-baiamare.ro\\\/farmacie\\\/produs\\\/diaflex-forte\\\/\",\"url\":\"https:\\\/\\\/policlinica-baiamare.ro\\\/farmacie\\\/produs\\\/diaflex-forte\\\/\",\"name\":\"DiaFlex Forte - Suplimente Naturale\",\"isPartOf\":{\"@id\":\"https:\\\/\\\/policlinica-baiamare.ro\\\/farmacie\\\/#website\"},\"primaryImageOfPage\":{\"@id\":\"https:\\\/\\\/policlinica-baiamare.ro\\\/farmacie\\\/produs\\\/diaflex-forte\\\/#primaryimage\"},\"image\":{\"@id\":\"https:\\\/\\\/policlinica-baiamare.ro\\\/farmacie\\\/produs\\\/diaflex-forte\\\/#primaryimage\"},\"thumbnailUrl\":\"https:\\\/\\\/policlinica-baiamare.ro\\\/farmacie\\\/wp-content\\\/uploads\\\/2025\\\/03\\\/diaflex-forte.jpg\",\"datePublished\":\"2025-03-23T17:54:56+00:00\",\"dateModified\":\"2025-11-17T16:58:42+00:00\",\"breadcrumb\":{\"@id\":\"https:\\\/\\\/policlinica-baiamare.ro\\\/farmacie\\\/produs\\\/diaflex-forte\\\/#breadcrumb\"},\"inLanguage\":\"ro-RO\",\"potentialAction\":[{\"@type\":\"ReadAction\",\"target\":[\"https:\\\/\\\/policlinica-baiamare.ro\\\/farmacie\\\/produs\\\/diaflex-forte\\\/\"]}]},{\"@type\":\"ImageObject\",\"inLanguage\":\"ro-RO\",\"@id\":\"https:\\\/\\\/policlinica-baiamare.ro\\\/farmacie\\\/produs\\\/diaflex-forte\\\/#primaryimage\",\"url\":\"https:\\\/\\\/policlinica-baiamare.ro\\\/farmacie\\\/wp-content\\\/uploads\\\/2025\\\/03\\\/diaflex-forte.jpg\",\"contentUrl\":\"https:\\\/\\\/policlinica-baiamare.ro\\\/farmacie\\\/wp-content\\\/uploads\\\/2025\\\/03\\\/diaflex-forte.jpg\",\"width\":250,\"height\":300,\"caption\":\"diaflex forte\"},{\"@type\":\"BreadcrumbList\",\"@id\":\"https:\\\/\\\/policlinica-baiamare.ro\\\/farmacie\\\/produs\\\/diaflex-forte\\\/#breadcrumb\",\"itemListElement\":[{\"@type\":\"ListItem\",\"position\":1,\"name\":\"Prima pagin\u0103\",\"item\":\"https:\\\/\\\/policlinica-baiamare.ro\\\/farmacie\\\/\"},{\"@type\":\"ListItem\",\"position\":2,\"name\":\"Produse\",\"item\":\"https:\\\/\\\/policlinica-baiamare.ro\\\/farmacie\\\/\"},{\"@type\":\"ListItem\",\"position\":3,\"name\":\"DiaFlex Forte\"}]},{\"@type\":\"WebSite\",\"@id\":\"https:\\\/\\\/policlinica-baiamare.ro\\\/farmacie\\\/#website\",\"url\":\"https:\\\/\\\/policlinica-baiamare.ro\\\/farmacie\\\/\",\"name\":\"Suplimente Naturale\",\"description\":\"\",\"potentialAction\":[{\"@type\":\"SearchAction\",\"target\":{\"@type\":\"EntryPoint\",\"urlTemplate\":\"https:\\\/\\\/policlinica-baiamare.ro\\\/farmacie\\\/?s={search_term_string}\"},\"query-input\":{\"@type\":\"PropertyValueSpecification\",\"valueRequired\":true,\"valueName\":\"search_term_string\"}}],\"inLanguage\":\"ro-RO\"}]}<\/script>\n<!-- \/ Yoast SEO plugin. -->","yoast_head_json":{"title":"DiaFlex Forte - Suplimente Naturale","robots":{"index":"index","follow":"follow","max-snippet":"max-snippet:-1","max-image-preview":"max-image-preview:large","max-video-preview":"max-video-preview:-1"},"canonical":"https:\/\/policlinica-baiamare.ro\/farmacie\/produs\/diaflex-forte\/","og_locale":"ro_RO","og_type":"article","og_title":"DiaFlex Forte - Suplimente Naturale","og_description":"DiaFlex Forte este un supliment alimentar sub form\u0103 de tablete, special creat pentru persoanele care tr\u0103iesc cu diabet. Acesta ajut\u0103 [&hellip;]","og_url":"https:\/\/policlinica-baiamare.ro\/farmacie\/produs\/diaflex-forte\/","og_site_name":"Suplimente Naturale","article_modified_time":"2025-11-17T16:58:42+00:00","og_image":[{"width":250,"height":300,"url":"https:\/\/policlinica-baiamare.ro\/farmacie\/wp-content\/uploads\/2025\/03\/diaflex-forte.jpg","type":"image\/jpeg"}],"twitter_card":"summary_large_image","twitter_misc":{"Timp estimat pentru citire":"5 minute"},"schema":{"@context":"https:\/\/schema.org","@graph":[{"@type":"WebPage","@id":"https:\/\/policlinica-baiamare.ro\/farmacie\/produs\/diaflex-forte\/","url":"https:\/\/policlinica-baiamare.ro\/farmacie\/produs\/diaflex-forte\/","name":"DiaFlex Forte - Suplimente Naturale","isPartOf":{"@id":"https:\/\/policlinica-baiamare.ro\/farmacie\/#website"},"primaryImageOfPage":{"@id":"https:\/\/policlinica-baiamare.ro\/farmacie\/produs\/diaflex-forte\/#primaryimage"},"image":{"@id":"https:\/\/policlinica-baiamare.ro\/farmacie\/produs\/diaflex-forte\/#primaryimage"},"thumbnailUrl":"https:\/\/policlinica-baiamare.ro\/farmacie\/wp-content\/uploads\/2025\/03\/diaflex-forte.jpg","datePublished":"2025-03-23T17:54:56+00:00","dateModified":"2025-11-17T16:58:42+00:00","breadcrumb":{"@id":"https:\/\/policlinica-baiamare.ro\/farmacie\/produs\/diaflex-forte\/#breadcrumb"},"inLanguage":"ro-RO","potentialAction":[{"@type":"ReadAction","target":["https:\/\/policlinica-baiamare.ro\/farmacie\/produs\/diaflex-forte\/"]}]},{"@type":"ImageObject","inLanguage":"ro-RO","@id":"https:\/\/policlinica-baiamare.ro\/farmacie\/produs\/diaflex-forte\/#primaryimage","url":"https:\/\/policlinica-baiamare.ro\/farmacie\/wp-content\/uploads\/2025\/03\/diaflex-forte.jpg","contentUrl":"https:\/\/policlinica-baiamare.ro\/farmacie\/wp-content\/uploads\/2025\/03\/diaflex-forte.jpg","width":250,"height":300,"caption":"diaflex forte"},{"@type":"BreadcrumbList","@id":"https:\/\/policlinica-baiamare.ro\/farmacie\/produs\/diaflex-forte\/#breadcrumb","itemListElement":[{"@type":"ListItem","position":1,"name":"Prima pagin\u0103","item":"https:\/\/policlinica-baiamare.ro\/farmacie\/"},{"@type":"ListItem","position":2,"name":"Produse","item":"https:\/\/policlinica-baiamare.ro\/farmacie\/"},{"@type":"ListItem","position":3,"name":"DiaFlex Forte"}]},{"@type":"WebSite","@id":"https:\/\/policlinica-baiamare.ro\/farmacie\/#website","url":"https:\/\/policlinica-baiamare.ro\/farmacie\/","name":"Suplimente Naturale","description":"","potentialAction":[{"@type":"SearchAction","target":{"@type":"EntryPoint","urlTemplate":"https:\/\/policlinica-baiamare.ro\/farmacie\/?s={search_term_string}"},"query-input":{"@type":"PropertyValueSpecification","valueRequired":true,"valueName":"search_term_string"}}],"inLanguage":"ro-RO"}]}},"_links":{"self":[{"href":"https:\/\/policlinica-baiamare.ro\/farmacie\/wp-json\/wp\/v2\/product\/151","targetHints":{"allow":["GET"]}}],"collection":[{"href":"https:\/\/policlinica-baiamare.ro\/farmacie\/wp-json\/wp\/v2\/product"}],"about":[{"href":"https:\/\/policlinica-baiamare.ro\/farmacie\/wp-json\/wp\/v2\/types\/product"}],"wp:featuredmedia":[{"embeddable":true,"href":"https:\/\/policlinica-baiamare.ro\/farmacie\/wp-json\/wp\/v2\/media\/152"}],"wp:attachment":[{"href":"https:\/\/policlinica-baiamare.ro\/farmacie\/wp-json\/wp\/v2\/media?parent=151"}],"wp:term":[{"taxonomy":"product_brand","embeddable":true,"href":"https:\/\/policlinica-baiamare.ro\/farmacie\/wp-json\/wp\/v2\/product_brand?post=151"},{"taxonomy":"product_cat","embeddable":true,"href":"https:\/\/policlinica-baiamare.ro\/farmacie\/wp-json\/wp\/v2\/product_cat?post=151"},{"taxonomy":"product_tag","embeddable":true,"href":"https:\/\/policlinica-baiamare.ro\/farmacie\/wp-json\/wp\/v2\/product_tag?post=151"}],"curies":[{"name":"wp","href":"https:\/\/api.w.org\/{rel}","templated":true}]}}