{"id":140,"date":"2025-02-26T17:57:47","date_gmt":"2025-02-26T17:57:47","guid":{"rendered":"https:\/\/policlinica-baiamare.ro\/farmacie\/?post_type=product&#038;p=140"},"modified":"2025-02-26T17:57:47","modified_gmt":"2025-02-26T17:57:47","slug":"osteaction","status":"publish","type":"product","link":"https:\/\/policlinica-baiamare.ro\/farmacie\/produs\/osteaction\/","title":{"rendered":"OsteAction"},"content":{"rendered":"<p class=\"text-body font-regular leading-[24px] pt-[9px] pb-[2px]\" dir=\"ltr\">OsteAction este o crem\u0103 profesional formulat\u0103 pentru a combate durerile articulare, rigiditatea \u0219i inflama\u021bia. Datorit\u0103 propriet\u0103\u021bilor sale antiinflamatoare \u0219i calmante, OsteAction este ideal pentru persoanele care sufer\u0103 de artrit\u0103 sau care vor s\u0103 previn\u0103 eventuale probleme articulare \u00een viitor. Prin aplicarea regulat\u0103, produsul ajut\u0103 la men\u021binerea flexibilit\u0103\u021bii articula\u021biilor \u0219i la reducerea disconfortului.<\/p>\n<p class=\"text-body font-regular leading-[24px] pt-[9px] pb-[2px]\" dir=\"ltr\">Cu toate acestea, OsteAction nu este doar pentru cei care sufer\u0103 de dureri cronice. Este, de asemenea, o solu\u021bie excelent\u0103 pentru cei care doresc s\u0103 protejeze s\u0103n\u0103tatea articula\u021biilor pe termen lung.<\/p>\n<h2 class=\"font-bold text-h3 leading-[40px] pt-[21px] pb-[2px] [&amp;_a]:underline-offset-[6px] [&amp;_.underline]:underline-offset-[6px]\" dir=\"ltr\">Cum func\u021bioneaz\u0103?<\/h2>\n<p class=\"text-body font-regular leading-[24px] pt-[9px] pb-[2px]\" dir=\"ltr\">Func\u021bionarea OsteAction se bazeaz\u0103 pe o selec\u021bie de ingrediente active care au fost atent selectate pentru a oferi rezultate rapide \u0219i eficiente. Crema p\u0103trunde rapid \u00een piele, ac\u021bion\u00e2nd direct asupra articula\u021biilor afectate. Efectul s\u0103u antiinflamator contribuie la reducerea umfl\u0103turii, \u00een timp ce propriet\u0103\u021bile calmante reduc durerile \u0219i crampele.<\/p>\n<p class=\"text-body font-regular leading-[24px] pt-[9px] pb-[2px]\" dir=\"ltr\">OsteAction \u00eembun\u0103t\u0103\u021be\u0219te circula\u021bia s\u00e2ngelui \u00een zona afectat\u0103, acceler\u00e2nd procesul natural de vindecare al organismului.<\/p>\n<h2 class=\"font-bold text-h3 leading-[40px] pt-[21px] pb-[2px] [&amp;_a]:underline-offset-[6px] [&amp;_.underline]:underline-offset-[6px]\" dir=\"ltr\">Ingrediente (substan\u021be active)<\/h2>\n<p class=\"text-body font-regular leading-[24px] pt-[9px] pb-[2px]\" dir=\"ltr\">OsteAction con\u021bine o list\u0103 de ingrediente active atent selectate pentru a oferi cele mai bune rezultate posibile.<\/p>\n<h3 class=\"font-bold text-h4 leading-[30px] pt-[15px] pb-[2px] [&amp;_a]:underline-offset-[6px] [&amp;_.underline]:underline-offset-[6px]\" dir=\"ltr\">Cele mai importante ingrediente active:<\/h3>\n<ul class=\"pt-[9px] pb-[2px] pl-[24px] list-disc [&amp;_ul]:pt-[5px] pt-[5px]\">\n<li class=\"text-body font-regular leading-[24px] my-[5px] [&amp;&gt;ol]:!pt-0 [&amp;&gt;ol]:!pb-0 [&amp;&gt;ul]:!pt-0 [&amp;&gt;ul]:!pb-0\" value=\"1\"><b><strong class=\"font-bold\">Extract de Arnica<\/strong><\/b> \u2013 Recunoscut pentru propriet\u0103\u021bile sale antiinflamatoare \u0219i capacitatea de a reduce umfl\u0103turile.<\/li>\n<li class=\"text-body font-regular leading-[24px] my-[5px] [&amp;&gt;ol]:!pt-0 [&amp;&gt;ol]:!pb-0 [&amp;&gt;ul]:!pt-0 [&amp;&gt;ul]:!pb-0\" value=\"2\"><b><strong class=\"font-bold\">Extract de Gheara Diavolului<\/strong><\/b> \u2013 Ideal pentru combaterea durerilor cronice, fiind frecvent utilizat \u00een tratamentul artritei.<\/li>\n<li class=\"text-body font-regular leading-[24px] my-[5px] [&amp;&gt;ol]:!pt-0 [&amp;&gt;ol]:!pb-0 [&amp;&gt;ul]:!pt-0 [&amp;&gt;ul]:!pb-0\" value=\"3\"><b><strong class=\"font-bold\">Ulei de Eucalipt<\/strong><\/b> \u2013 Ajut\u0103 la calmarea durerilor \u0219i ofer\u0103 o senza\u021bie reconfortant\u0103 de r\u0103corire.<\/li>\n<li class=\"text-body font-regular leading-[24px] my-[5px] [&amp;&gt;ol]:!pt-0 [&amp;&gt;ol]:!pb-0 [&amp;&gt;ul]:!pt-0 [&amp;&gt;ul]:!pb-0\" value=\"4\"><b><strong class=\"font-bold\">Glucosamin\u0103<\/strong><\/b> \u2013 Sprijin\u0103 regenerarea \u021besuturilor cartilaginoase.<\/li>\n<li class=\"text-body font-regular leading-[24px] my-[5px] [&amp;&gt;ol]:!pt-0 [&amp;&gt;ol]:!pb-0 [&amp;&gt;ul]:!pt-0 [&amp;&gt;ul]:!pb-0\" value=\"5\"><b><strong class=\"font-bold\">Condroitin\u0103<\/strong><\/b> \u2013 Contribuie la men\u021binerea elasticit\u0103\u021bii naturale a articula\u021biilor.<\/li>\n<\/ul>\n<p class=\"text-body font-regular leading-[24px] pt-[9px] pb-[2px]\" dir=\"ltr\">Fiecare ingredient are un rol bine definit, lucr\u00e2nd \u00eempreun\u0103 pentru a oferi solu\u021bii de lung\u0103 durat\u0103 pentru s\u0103n\u0103tatea articula\u021biilor.<\/p>\n<h2 class=\"font-bold text-h3 leading-[40px] pt-[21px] pb-[2px] [&amp;_a]:underline-offset-[6px] [&amp;_.underline]:underline-offset-[6px]\" dir=\"ltr\">Efecte \u0219i beneficii<\/h2>\n<p class=\"text-body font-regular leading-[24px] pt-[9px] pb-[2px]\" dir=\"ltr\">Utilizarea regulat\u0103 a OsteAction ofer\u0103 o serie de beneficii semnificative:<\/p>\n<ul class=\"pt-[9px] pb-[2px] pl-[24px] list-disc [&amp;_ul]:pt-[5px] pt-[5px]\">\n<li class=\"text-body font-regular leading-[24px] my-[5px] [&amp;&gt;ol]:!pt-0 [&amp;&gt;ol]:!pb-0 [&amp;&gt;ul]:!pt-0 [&amp;&gt;ul]:!pb-0\" value=\"1\">Reducerea durerilor articulare \u0219i a rigidit\u0103\u021bii<\/li>\n<li class=\"text-body font-regular leading-[24px] my-[5px] [&amp;&gt;ol]:!pt-0 [&amp;&gt;ol]:!pb-0 [&amp;&gt;ul]:!pt-0 [&amp;&gt;ul]:!pb-0\" value=\"2\">Accelerarea procesului de regenerare a cartilajelor<\/li>\n<li class=\"text-body font-regular leading-[24px] my-[5px] [&amp;&gt;ol]:!pt-0 [&amp;&gt;ol]:!pb-0 [&amp;&gt;ul]:!pt-0 [&amp;&gt;ul]:!pb-0\" value=\"3\">\u00cembun\u0103t\u0103\u021birea flexibilit\u0103\u021bii \u0219i mobilit\u0103\u021bii<\/li>\n<li class=\"text-body font-regular leading-[24px] my-[5px] [&amp;&gt;ol]:!pt-0 [&amp;&gt;ol]:!pb-0 [&amp;&gt;ul]:!pt-0 [&amp;&gt;ul]:!pb-0\" value=\"4\">Ameliorarea inflama\u021biilor \u0219i a umfl\u0103turilor<\/li>\n<li class=\"text-body font-regular leading-[24px] my-[5px] [&amp;&gt;ol]:!pt-0 [&amp;&gt;ol]:!pb-0 [&amp;&gt;ul]:!pt-0 [&amp;&gt;ul]:!pb-0\" value=\"5\">Posibilitatea de a preveni afec\u021biunile articulare pe termen lung<\/li>\n<\/ul>\n<p class=\"text-body font-regular leading-[24px] pt-[9px] pb-[2px]\" dir=\"ltr\">Cu OsteAction, v\u0103 pute\u021bi bucura de o via\u021b\u0103 mai activ\u0103 \u0219i mai lipsit\u0103 de disconfort.<\/p>\n<h2 class=\"font-bold text-h3 leading-[40px] pt-[21px] pb-[2px] [&amp;_a]:underline-offset-[6px] [&amp;_.underline]:underline-offset-[6px]\" dir=\"ltr\">OsteAction prospect, mod de utilizare<\/h2>\n<p class=\"text-body font-regular leading-[24px] pt-[9px] pb-[2px]\" dir=\"ltr\">Pentru a ob\u021bine cele mai bune rezultate, urma\u021bi cu stricte\u021be instruc\u021biunile de utilizare. Iat\u0103 pa\u0219ii esen\u021biali:<\/p>\n<ol class=\"pt-[9px] pb-[2px] pl-[24px] [&amp;_ol]:pt-[5px] list-decimal\">\n<li class=\"text-body font-regular leading-[24px] my-[5px] [&amp;&gt;ol]:!pt-0 [&amp;&gt;ol]:!pb-0 [&amp;&gt;ul]:!pt-0 [&amp;&gt;ul]:!pb-0\" value=\"1\">Aplica\u021bi o cantitate mic\u0103 de crem\u0103 pe zona afectat\u0103.<\/li>\n<li class=\"text-body font-regular leading-[24px] my-[5px] [&amp;&gt;ol]:!pt-0 [&amp;&gt;ol]:!pb-0 [&amp;&gt;ul]:!pt-0 [&amp;&gt;ul]:!pb-0\" value=\"2\">Masa\u021bi u\u0219or p\u00e2n\u0103 c\u00e2nd crema este complet absorbit\u0103.<\/li>\n<li class=\"text-body font-regular leading-[24px] my-[5px] [&amp;&gt;ol]:!pt-0 [&amp;&gt;ol]:!pb-0 [&amp;&gt;ul]:!pt-0 [&amp;&gt;ul]:!pb-0\" value=\"3\">Repeta\u021bi procesul de 2-3 ori pe zi, \u00een func\u021bie de necesit\u0103\u021bi.<\/li>\n<\/ol>\n<p class=\"text-body font-regular leading-[24px] pt-[9px] pb-[2px]\" dir=\"ltr\">Se recomand\u0103 utilizarea OsteAction pe o perioad\u0103 de cel pu\u021bin 3-4 s\u0103pt\u0103m\u00e2ni pentru rezultate optime.<\/p>\n<h2 class=\"font-bold text-h3 leading-[40px] pt-[21px] pb-[2px] [&amp;_a]:underline-offset-[6px] [&amp;_.underline]:underline-offset-[6px]\" dir=\"ltr\">Opinia farmacistului<\/h2>\n<h3 class=\"font-bold text-h4 leading-[30px] pt-[15px] pb-[2px] [&amp;_a]:underline-offset-[6px] [&amp;_.underline]:underline-offset-[6px]\" dir=\"ltr\">Real Testimonials<\/h3>\n<ol class=\"pt-[9px] pb-[2px] pl-[24px] [&amp;_ol]:pt-[5px] list-decimal\">\n<li class=\"text-body font-regular leading-[24px] my-[5px] [&amp;&gt;ol]:!pt-0 [&amp;&gt;ol]:!pb-0 [&amp;&gt;ul]:!pt-0 [&amp;&gt;ul]:!pb-0\" value=\"1\"><b><strong class=\"font-bold\">Alexandra, 42 ani, Bucure\u0219ti:<\/strong><\/b> \u201eAm \u00eencercat multe creme p\u00e2n\u0103 acum, dar OsteAction e singura care mi-a redus complet durerile. O recomand tuturor!\u201d<\/li>\n<li class=\"text-body font-regular leading-[24px] my-[5px] [&amp;&gt;ol]:!pt-0 [&amp;&gt;ol]:!pb-0 [&amp;&gt;ul]:!pt-0 [&amp;&gt;ul]:!pb-0\" value=\"2\"><b><strong class=\"font-bold\">Marian, 55 ani, Ia\u0219i:<\/strong><\/b> \u201eDup\u0103 doar 3 zile, am sim\u021bit o diferen\u021b\u0103 uria\u0219\u0103. Inflama\u021bia a disp\u0103rut rapid.\u201d<\/li>\n<li class=\"text-body font-regular leading-[24px] my-[5px] [&amp;&gt;ol]:!pt-0 [&amp;&gt;ol]:!pb-0 [&amp;&gt;ul]:!pt-0 [&amp;&gt;ul]:!pb-0\" value=\"3\"><b><strong class=\"font-bold\">Cristina, 38 ani, Cluj:<\/strong><\/b> \u201eIdeal pentru cei cu via\u021b\u0103 activ\u0103! \u00cemi permite s\u0103 m\u0103 mi\u0219c f\u0103r\u0103 restric\u021bii.\u201d<\/li>\n<\/ol>\n<h2 class=\"font-bold text-h3 leading-[40px] pt-[21px] pb-[2px] [&amp;_a]:underline-offset-[6px] [&amp;_.underline]:underline-offset-[6px]\" dir=\"ltr\">De unde s\u0103 cumperi OsteAction din farmacie, pre\u021b?<\/h2>\n<p class=\"text-body font-regular leading-[24px] pt-[9px] pb-[2px]\" dir=\"ltr\">Pentru a achizi\u021biona OsteAction, vizita\u021bi <b><strong class=\"font-bold\">pagina noastr\u0103 oficial\u0103<\/strong><\/b>. Completa\u021bi formularul de comand\u0103, specifica\u021bi detaliile de livrare \u0219i \u00een c\u00e2teva zile ve\u021bi avea produsul acas\u0103. Pre\u021bul curent este <b><strong class=\"font-bold\">358 RON<\/strong><\/b>, iar \u00een prezent oferim un discount de 50% (valabil p\u00e2n\u0103 la epuizarea stocurilor).<\/p>\n<p class=\"text-body font-regular leading-[24px] pt-[9px] pb-[2px]\" dir=\"ltr\">Livrarea este rapid\u0103 \u0219i eficient\u0103, fie prin curier, fie la Easybox.<\/p>\n<h2 class=\"font-bold text-h3 leading-[40px] pt-[21px] pb-[2px] [&amp;_a]:underline-offset-[6px] [&amp;_.underline]:underline-offset-[6px]\" dir=\"ltr\">\u00cel pot cump\u0103ra de la alte farmacii DM, Dr Max, Catena, Farmacia Tei?<\/h2>\n<p class=\"text-body font-regular leading-[24px] pt-[9px] pb-[2px]\" dir=\"ltr\">\u00cen momentul de fa\u021b\u0103, <b><strong class=\"font-bold\">OsteAction nu este disponibil<\/strong><\/b> \u00een farmacii precum Dr Max, DM, Catena, Farmacia Tei sau Sensiblu. Produsul poate fi achizi\u021bionat doar prin intermediul site-ului oficial, datorit\u0103 colabor\u0103rii directe cu produc\u0103torul.<\/p>\n<h2 class=\"font-bold text-h3 leading-[40px] pt-[21px] pb-[2px] [&amp;_a]:underline-offset-[6px] [&amp;_.underline]:underline-offset-[6px]\" dir=\"ltr\">Recenzii reale, comentarii, comentarii pe forum<\/h2>\n<p class=\"text-body font-regular leading-[24px] pt-[9px] pb-[2px]\" dir=\"ltr\">Pe forumurile de s\u0103n\u0103tate, OsteAction continu\u0103 s\u0103 adune recenzii pozitive. Utilizatorii sunt \u00eenc\u00e2nta\u021bi de eficien\u021ba \u0219i rapiditatea acestuia \u00een ameliorarea durerilor. Majoritatea cititorilor men\u021bioneaz\u0103 amelior\u0103ri notabile \u00eenc\u0103 din prima s\u0103pt\u0103m\u00e2n\u0103 de utilizare.<\/p>\n<h2 class=\"font-bold text-h3 leading-[40px] pt-[21px] pb-[2px] [&amp;_a]:underline-offset-[6px] [&amp;_.underline]:underline-offset-[6px]\" dir=\"ltr\">\u00centreb\u0103ri frecvente<\/h2>\n<h3 class=\"font-bold text-h4 leading-[30px] pt-[15px] pb-[2px] [&amp;_a]:underline-offset-[6px] [&amp;_.underline]:underline-offset-[6px]\" dir=\"ltr\">OsteAction este sigur de utilizat zilnic?<\/h3>\n<p class=\"text-body font-regular leading-[24px] pt-[9px] pb-[2px]\" dir=\"ltr\">Da, OsteAction este formulat pentru a fi utilizat \u00een siguran\u021b\u0103 zilnic, f\u0103r\u0103 efecte adverse.<\/p>\n<h3 class=\"font-bold text-h4 leading-[30px] pt-[15px] pb-[2px] [&amp;_a]:underline-offset-[6px] [&amp;_.underline]:underline-offset-[6px]\" dir=\"ltr\">Pot folosi OsteAction pentru dureri musculare?<\/h3>\n<p class=\"text-body font-regular leading-[24px] pt-[9px] pb-[2px]\" dir=\"ltr\">Absolut! Datorit\u0103 ingredientelor sale, OsteAction este eficient nu doar pentru articula\u021bii, ci \u0219i pentru durerile musculare.<\/p>\n<h3 class=\"font-bold text-h4 leading-[30px] pt-[15px] pb-[2px] [&amp;_a]:underline-offset-[6px] [&amp;_.underline]:underline-offset-[6px]\" dir=\"ltr\">C\u00e2t dureaz\u0103 livrarea?<\/h3>\n<p class=\"text-body font-regular leading-[24px] pt-[9px] pb-[2px]\" dir=\"ltr\">Livrarea se face \u00een 24-72 ore \u00een \u00eentreaga Rom\u00e2nie.<\/p>\n<p class=\"text-body font-regular leading-[24px] pt-[9px] pb-[2px]\" dir=\"ltr\">Pentru s\u0103n\u0103tatea articula\u021biilor dvs., <b><strong class=\"font-bold\">OsteAction<\/strong><\/b> este un aliat esen\u021bial. Redob\u00e2ndi\u021bi-v\u0103 mobilitatea cu ajutorul acestui produs revolu\u021bionar!<\/p>\n","protected":false},"excerpt":{"rendered":"<p>OsteAction este o crem\u0103 profesional formulat\u0103 pentru a combate durerile articulare, rigiditatea \u0219i inflama\u021bia. Datorit\u0103 propriet\u0103\u021bilor sale antiinflamatoare \u0219i calmante, [&hellip;]<\/p>\n","protected":false},"featured_media":141,"template":"","meta":{"site-sidebar-layout":"default","site-content-layout":"","ast-site-content-layout":"default","site-content-style":"default","site-sidebar-style":"default","ast-global-header-display":"","ast-banner-title-visibility":"","ast-main-header-display":"","ast-hfb-above-header-display":"","ast-hfb-below-header-display":"","ast-hfb-mobile-header-display":"","site-post-title":"","ast-breadcrumbs-content":"","ast-featured-img":"","footer-sml-layout":"","ast-disable-related-posts":"","theme-transparent-header-meta":"default","adv-header-id-meta":"","stick-header-meta":"","header-above-stick-meta":"","header-main-stick-meta":"","header-below-stick-meta":"","astra-migrate-meta-layouts":"set","ast-page-background-enabled":"default","ast-page-background-meta":{"desktop":{"background-color":"var(--ast-global-color-5)","background-image":"","background-repeat":"repeat","background-position":"center center","background-size":"auto","background-attachment":"scroll","background-type":"","background-media":"","overlay-type":"","overlay-color":"","overlay-opacity":"","overlay-gradient":""},"tablet":{"background-color":"","background-image":"","background-repeat":"repeat","background-position":"center center","background-size":"auto","background-attachment":"scroll","background-type":"","background-media":"","overlay-type":"","overlay-color":"","overlay-opacity":"","overlay-gradient":""},"mobile":{"background-color":"","background-image":"","background-repeat":"repeat","background-position":"center center","background-size":"auto","background-attachment":"scroll","background-type":"","background-media":"","overlay-type":"","overlay-color":"","overlay-opacity":"","overlay-gradient":""}},"ast-content-background-meta":{"desktop":{"background-color":"var(--ast-global-color-4)","background-image":"","background-repeat":"repeat","background-position":"center center","background-size":"auto","background-attachment":"scroll","background-type":"","background-media":"","overlay-type":"","overlay-color":"","overlay-opacity":"","overlay-gradient":""},"tablet":{"background-color":"var(--ast-global-color-4)","background-image":"","background-repeat":"repeat","background-position":"center center","background-size":"auto","background-attachment":"scroll","background-type":"","background-media":"","overlay-type":"","overlay-color":"","overlay-opacity":"","overlay-gradient":""},"mobile":{"background-color":"var(--ast-global-color-4)","background-image":"","background-repeat":"repeat","background-position":"center center","background-size":"auto","background-attachment":"scroll","background-type":"","background-media":"","overlay-type":"","overlay-color":"","overlay-opacity":"","overlay-gradient":""}},"iawp_total_views":3},"product_brand":[],"product_cat":[15],"product_tag":[],"class_list":{"0":"post-140","1":"product","2":"type-product","3":"status-publish","4":"has-post-thumbnail","6":"product_cat-sanatate","7":"desktop-align-left","8":"tablet-align-left","9":"mobile-align-left","11":"first","12":"instock","13":"sale","14":"shipping-taxable","15":"purchasable","16":"product-type-simple"},"yoast_head":"<!-- This site is optimized with the Yoast SEO plugin v27.6 - https:\/\/yoast.com\/product\/yoast-seo-wordpress\/ -->\n<title>OsteAction - Suplimente Naturale<\/title>\n<meta name=\"description\" content=\"OsteAction - Cump\u0103ra\u021bi \u00eentr-o farmacie, pre\u021b, compozi\u021bie, efecte, informa\u021bii, opinii \u0219i comentarii reale, chiar func\u021bioneaz\u0103 sau este o \u00een\u0219el\u0103torie\u2753\" \/>\n<meta name=\"robots\" content=\"index, follow, max-snippet:-1, max-image-preview:large, max-video-preview:-1\" \/>\n<link rel=\"canonical\" href=\"https:\/\/policlinica-baiamare.ro\/farmacie\/produs\/osteaction\/\" \/>\n<meta property=\"og:locale\" content=\"ro_RO\" \/>\n<meta property=\"og:type\" content=\"article\" \/>\n<meta property=\"og:title\" content=\"OsteAction - Suplimente Naturale\" \/>\n<meta property=\"og:description\" content=\"OsteAction - Cump\u0103ra\u021bi \u00eentr-o farmacie, pre\u021b, compozi\u021bie, efecte, informa\u021bii, opinii \u0219i comentarii reale, chiar func\u021bioneaz\u0103 sau este o \u00een\u0219el\u0103torie\u2753\" \/>\n<meta property=\"og:url\" content=\"https:\/\/policlinica-baiamare.ro\/farmacie\/produs\/osteaction\/\" \/>\n<meta property=\"og:site_name\" content=\"Suplimente Naturale\" \/>\n<meta property=\"og:image\" content=\"https:\/\/policlinica-baiamare.ro\/farmacie\/wp-content\/uploads\/2025\/02\/oste-action.jpg\" \/>\n\t<meta property=\"og:image:width\" content=\"250\" \/>\n\t<meta property=\"og:image:height\" content=\"300\" \/>\n\t<meta property=\"og:image:type\" content=\"image\/jpeg\" \/>\n<meta name=\"twitter:card\" content=\"summary_large_image\" \/>\n<meta name=\"twitter:label1\" content=\"Timp estimat pentru citire\" \/>\n\t<meta name=\"twitter:data1\" content=\"5 minute\" \/>\n<script type=\"application\/ld+json\" class=\"yoast-schema-graph\">{\"@context\":\"https:\\\/\\\/schema.org\",\"@graph\":[{\"@type\":\"WebPage\",\"@id\":\"https:\\\/\\\/policlinica-baiamare.ro\\\/farmacie\\\/produs\\\/osteaction\\\/\",\"url\":\"https:\\\/\\\/policlinica-baiamare.ro\\\/farmacie\\\/produs\\\/osteaction\\\/\",\"name\":\"OsteAction - Suplimente Naturale\",\"isPartOf\":{\"@id\":\"https:\\\/\\\/policlinica-baiamare.ro\\\/farmacie\\\/#website\"},\"primaryImageOfPage\":{\"@id\":\"https:\\\/\\\/policlinica-baiamare.ro\\\/farmacie\\\/produs\\\/osteaction\\\/#primaryimage\"},\"image\":{\"@id\":\"https:\\\/\\\/policlinica-baiamare.ro\\\/farmacie\\\/produs\\\/osteaction\\\/#primaryimage\"},\"thumbnailUrl\":\"https:\\\/\\\/policlinica-baiamare.ro\\\/farmacie\\\/wp-content\\\/uploads\\\/2025\\\/02\\\/oste-action.jpg\",\"datePublished\":\"2025-02-26T17:57:47+00:00\",\"description\":\"OsteAction - Cump\u0103ra\u021bi \u00eentr-o farmacie, pre\u021b, compozi\u021bie, efecte, informa\u021bii, opinii \u0219i comentarii reale, chiar func\u021bioneaz\u0103 sau este o \u00een\u0219el\u0103torie\u2753\",\"breadcrumb\":{\"@id\":\"https:\\\/\\\/policlinica-baiamare.ro\\\/farmacie\\\/produs\\\/osteaction\\\/#breadcrumb\"},\"inLanguage\":\"ro-RO\",\"potentialAction\":[{\"@type\":\"ReadAction\",\"target\":[\"https:\\\/\\\/policlinica-baiamare.ro\\\/farmacie\\\/produs\\\/osteaction\\\/\"]}]},{\"@type\":\"ImageObject\",\"inLanguage\":\"ro-RO\",\"@id\":\"https:\\\/\\\/policlinica-baiamare.ro\\\/farmacie\\\/produs\\\/osteaction\\\/#primaryimage\",\"url\":\"https:\\\/\\\/policlinica-baiamare.ro\\\/farmacie\\\/wp-content\\\/uploads\\\/2025\\\/02\\\/oste-action.jpg\",\"contentUrl\":\"https:\\\/\\\/policlinica-baiamare.ro\\\/farmacie\\\/wp-content\\\/uploads\\\/2025\\\/02\\\/oste-action.jpg\",\"width\":250,\"height\":300,\"caption\":\"osteaction\"},{\"@type\":\"BreadcrumbList\",\"@id\":\"https:\\\/\\\/policlinica-baiamare.ro\\\/farmacie\\\/produs\\\/osteaction\\\/#breadcrumb\",\"itemListElement\":[{\"@type\":\"ListItem\",\"position\":1,\"name\":\"Prima pagin\u0103\",\"item\":\"https:\\\/\\\/policlinica-baiamare.ro\\\/farmacie\\\/\"},{\"@type\":\"ListItem\",\"position\":2,\"name\":\"Produse\",\"item\":\"https:\\\/\\\/policlinica-baiamare.ro\\\/farmacie\\\/\"},{\"@type\":\"ListItem\",\"position\":3,\"name\":\"OsteAction\"}]},{\"@type\":\"WebSite\",\"@id\":\"https:\\\/\\\/policlinica-baiamare.ro\\\/farmacie\\\/#website\",\"url\":\"https:\\\/\\\/policlinica-baiamare.ro\\\/farmacie\\\/\",\"name\":\"Suplimente Naturale\",\"description\":\"\",\"potentialAction\":[{\"@type\":\"SearchAction\",\"target\":{\"@type\":\"EntryPoint\",\"urlTemplate\":\"https:\\\/\\\/policlinica-baiamare.ro\\\/farmacie\\\/?s={search_term_string}\"},\"query-input\":{\"@type\":\"PropertyValueSpecification\",\"valueRequired\":true,\"valueName\":\"search_term_string\"}}],\"inLanguage\":\"ro-RO\"}]}<\/script>\n<!-- \/ Yoast SEO plugin. -->","yoast_head_json":{"title":"OsteAction - Suplimente Naturale","description":"OsteAction - Cump\u0103ra\u021bi \u00eentr-o farmacie, pre\u021b, compozi\u021bie, efecte, informa\u021bii, opinii \u0219i comentarii reale, chiar func\u021bioneaz\u0103 sau este o \u00een\u0219el\u0103torie\u2753","robots":{"index":"index","follow":"follow","max-snippet":"max-snippet:-1","max-image-preview":"max-image-preview:large","max-video-preview":"max-video-preview:-1"},"canonical":"https:\/\/policlinica-baiamare.ro\/farmacie\/produs\/osteaction\/","og_locale":"ro_RO","og_type":"article","og_title":"OsteAction - Suplimente Naturale","og_description":"OsteAction - Cump\u0103ra\u021bi \u00eentr-o farmacie, pre\u021b, compozi\u021bie, efecte, informa\u021bii, opinii \u0219i comentarii reale, chiar func\u021bioneaz\u0103 sau este o \u00een\u0219el\u0103torie\u2753","og_url":"https:\/\/policlinica-baiamare.ro\/farmacie\/produs\/osteaction\/","og_site_name":"Suplimente Naturale","og_image":[{"width":250,"height":300,"url":"https:\/\/policlinica-baiamare.ro\/farmacie\/wp-content\/uploads\/2025\/02\/oste-action.jpg","type":"image\/jpeg"}],"twitter_card":"summary_large_image","twitter_misc":{"Timp estimat pentru citire":"5 minute"},"schema":{"@context":"https:\/\/schema.org","@graph":[{"@type":"WebPage","@id":"https:\/\/policlinica-baiamare.ro\/farmacie\/produs\/osteaction\/","url":"https:\/\/policlinica-baiamare.ro\/farmacie\/produs\/osteaction\/","name":"OsteAction - Suplimente Naturale","isPartOf":{"@id":"https:\/\/policlinica-baiamare.ro\/farmacie\/#website"},"primaryImageOfPage":{"@id":"https:\/\/policlinica-baiamare.ro\/farmacie\/produs\/osteaction\/#primaryimage"},"image":{"@id":"https:\/\/policlinica-baiamare.ro\/farmacie\/produs\/osteaction\/#primaryimage"},"thumbnailUrl":"https:\/\/policlinica-baiamare.ro\/farmacie\/wp-content\/uploads\/2025\/02\/oste-action.jpg","datePublished":"2025-02-26T17:57:47+00:00","description":"OsteAction - Cump\u0103ra\u021bi \u00eentr-o farmacie, pre\u021b, compozi\u021bie, efecte, informa\u021bii, opinii \u0219i comentarii reale, chiar func\u021bioneaz\u0103 sau este o \u00een\u0219el\u0103torie\u2753","breadcrumb":{"@id":"https:\/\/policlinica-baiamare.ro\/farmacie\/produs\/osteaction\/#breadcrumb"},"inLanguage":"ro-RO","potentialAction":[{"@type":"ReadAction","target":["https:\/\/policlinica-baiamare.ro\/farmacie\/produs\/osteaction\/"]}]},{"@type":"ImageObject","inLanguage":"ro-RO","@id":"https:\/\/policlinica-baiamare.ro\/farmacie\/produs\/osteaction\/#primaryimage","url":"https:\/\/policlinica-baiamare.ro\/farmacie\/wp-content\/uploads\/2025\/02\/oste-action.jpg","contentUrl":"https:\/\/policlinica-baiamare.ro\/farmacie\/wp-content\/uploads\/2025\/02\/oste-action.jpg","width":250,"height":300,"caption":"osteaction"},{"@type":"BreadcrumbList","@id":"https:\/\/policlinica-baiamare.ro\/farmacie\/produs\/osteaction\/#breadcrumb","itemListElement":[{"@type":"ListItem","position":1,"name":"Prima pagin\u0103","item":"https:\/\/policlinica-baiamare.ro\/farmacie\/"},{"@type":"ListItem","position":2,"name":"Produse","item":"https:\/\/policlinica-baiamare.ro\/farmacie\/"},{"@type":"ListItem","position":3,"name":"OsteAction"}]},{"@type":"WebSite","@id":"https:\/\/policlinica-baiamare.ro\/farmacie\/#website","url":"https:\/\/policlinica-baiamare.ro\/farmacie\/","name":"Suplimente Naturale","description":"","potentialAction":[{"@type":"SearchAction","target":{"@type":"EntryPoint","urlTemplate":"https:\/\/policlinica-baiamare.ro\/farmacie\/?s={search_term_string}"},"query-input":{"@type":"PropertyValueSpecification","valueRequired":true,"valueName":"search_term_string"}}],"inLanguage":"ro-RO"}]}},"_links":{"self":[{"href":"https:\/\/policlinica-baiamare.ro\/farmacie\/wp-json\/wp\/v2\/product\/140","targetHints":{"allow":["GET"]}}],"collection":[{"href":"https:\/\/policlinica-baiamare.ro\/farmacie\/wp-json\/wp\/v2\/product"}],"about":[{"href":"https:\/\/policlinica-baiamare.ro\/farmacie\/wp-json\/wp\/v2\/types\/product"}],"wp:featuredmedia":[{"embeddable":true,"href":"https:\/\/policlinica-baiamare.ro\/farmacie\/wp-json\/wp\/v2\/media\/141"}],"wp:attachment":[{"href":"https:\/\/policlinica-baiamare.ro\/farmacie\/wp-json\/wp\/v2\/media?parent=140"}],"wp:term":[{"taxonomy":"product_brand","embeddable":true,"href":"https:\/\/policlinica-baiamare.ro\/farmacie\/wp-json\/wp\/v2\/product_brand?post=140"},{"taxonomy":"product_cat","embeddable":true,"href":"https:\/\/policlinica-baiamare.ro\/farmacie\/wp-json\/wp\/v2\/product_cat?post=140"},{"taxonomy":"product_tag","embeddable":true,"href":"https:\/\/policlinica-baiamare.ro\/farmacie\/wp-json\/wp\/v2\/product_tag?post=140"}],"curies":[{"name":"wp","href":"https:\/\/api.w.org\/{rel}","templated":true}]}}