{"id":105,"date":"2025-01-25T19:06:24","date_gmt":"2025-01-25T19:06:24","guid":{"rendered":"https:\/\/policlinica-baiamare.ro\/farmacie\/?post_type=product&#038;p=105"},"modified":"2025-01-25T19:06:24","modified_gmt":"2025-01-25T19:06:24","slug":"keto-probiotix","status":"publish","type":"product","link":"https:\/\/policlinica-baiamare.ro\/farmacie\/produs\/keto-probiotix\/","title":{"rendered":"Keto Probiotix"},"content":{"rendered":"<p class=\"text-body font-regular leading-[24px] pt-[9px] pb-[2px]\" dir=\"ltr\">Keto Probiotix este un shake inovator cu arom\u0103 de ciocolat\u0103 destinat celor care doresc s\u0103 piard\u0103 \u00een greutate folosind procese naturale de sl\u0103bire. Acest produs accelereaz\u0103 metabolismul, reduce pofta de m\u00e2ncare \u0219i tendin\u021ba c\u0103tre gust\u0103ri nes\u0103n\u0103toase.<\/p>\n<p class=\"text-body font-regular leading-[24px] pt-[9px] pb-[2px]\" dir=\"ltr\">Formulat pentru a satura organismul cu proteine, Keto Probiotix este \u0219i un \u00eenlocuitor s\u0103n\u0103tos pentru gust\u0103rile obi\u0219nuite. \u00cen timpul administr\u0103rii sale, corpul produce corpuri cetonice care utilizeaz\u0103 depozitele de gr\u0103sime pentru energie, \u00een loc s\u0103 consume proteinele \u0219i nutrien\u021bii din alimenta\u021bie. Utilizat \u00eempreun\u0103 cu o diet\u0103 echilibrat\u0103 \u0219i un stil de via\u021b\u0103 activ, acest supliment ofer\u0103 rezultate maxime \u00een procesul de sl\u0103bire.<\/p>\n<h2 class=\"font-bold text-h3 leading-[40px] pt-[21px] pb-[2px] [&amp;_a]:underline-offset-[6px] [&amp;_.underline]:underline-offset-[6px]\" dir=\"ltr\">Ingrediente (substan\u021be active)<\/h2>\n<p class=\"text-body font-regular leading-[24px] pt-[9px] pb-[2px]\" dir=\"ltr\">Keto Probiotix con\u021bine o combina\u021bie unic\u0103 de ingrediente naturale, fiecare av\u00e2nd un rol specific \u00een sus\u021binerea procesului de sl\u0103bire:<\/p>\n<ul class=\"pt-[9px] pb-[2px] pl-[24px] list-disc [&amp;_ul]:pt-[5px] pt-[5px]\">\n<li class=\"text-body font-regular leading-[24px] my-[5px] [&amp;&gt;ol]:!pt-0 [&amp;&gt;ol]:!pb-0 [&amp;&gt;ul]:!pt-0 [&amp;&gt;ul]:!pb-0\" value=\"1\"><b><strong class=\"font-bold\">Extract de avocado (Persea Americana Mill.)<\/strong><\/b><\/li>\n<\/ul>\n<p class=\"text-body font-regular leading-[24px] pt-[9px] pb-[2px]\" dir=\"ltr\">Avocado este recunoscut pentru propriet\u0103\u021bile sale antioxidante \u0219i con\u021binutul ridicat de gr\u0103simi s\u0103n\u0103toase. Acesta ajut\u0103 la reducerea inflama\u021biei \u0219i sus\u021bine func\u021biile metabolice, contribuind la o pierdere mai eficient\u0103 a kilogramelor \u00een plus.<\/p>\n<ul class=\"pt-[9px] pb-[2px] pl-[24px] list-disc [&amp;_ul]:pt-[5px] pt-[5px]\">\n<li class=\"text-body font-regular leading-[24px] my-[5px] [&amp;&gt;ol]:!pt-0 [&amp;&gt;ol]:!pb-0 [&amp;&gt;ul]:!pt-0 [&amp;&gt;ul]:!pb-0\" value=\"1\"><b><strong class=\"font-bold\">Extract din frunze de ceai verde (Green Tea)<\/strong><\/b><\/li>\n<\/ul>\n<p class=\"text-body font-regular leading-[24px] pt-[9px] pb-[2px]\" dir=\"ltr\">Ceaiul verde accelereaz\u0103 metabolismul \u0219i stimuleaz\u0103 procesul de ardere a gr\u0103similor. De asemenea, este bogat \u00een antioxidan\u021bi care contribuie la detoxifierea organismului.<\/p>\n<h2 class=\"font-bold text-h3 leading-[40px] pt-[21px] pb-[2px] [&amp;_a]:underline-offset-[6px] [&amp;_.underline]:underline-offset-[6px]\" dir=\"ltr\">Efecte \u0219i beneficii<\/h2>\n<p class=\"text-body font-regular leading-[24px] pt-[9px] pb-[2px]\" dir=\"ltr\">Keto Probiotix ofer\u0103 o serie de efecte \u0219i beneficii pentru organism:<\/p>\n<ul class=\"pt-[9px] pb-[2px] pl-[24px] list-disc [&amp;_ul]:pt-[5px] pt-[5px]\">\n<li class=\"text-body font-regular leading-[24px] my-[5px] [&amp;&gt;ol]:!pt-0 [&amp;&gt;ol]:!pb-0 [&amp;&gt;ul]:!pt-0 [&amp;&gt;ul]:!pb-0\" value=\"1\">Ajut\u0103 la pierderea eficient\u0103 a kilogramelor.<\/li>\n<li class=\"text-body font-regular leading-[24px] my-[5px] [&amp;&gt;ol]:!pt-0 [&amp;&gt;ol]:!pb-0 [&amp;&gt;ul]:!pt-0 [&amp;&gt;ul]:!pb-0\" value=\"2\">Accelereaz\u0103 metabolismul \u0219i promoveaz\u0103 arderea gr\u0103similor.<\/li>\n<li class=\"text-body font-regular leading-[24px] my-[5px] [&amp;&gt;ol]:!pt-0 [&amp;&gt;ol]:!pb-0 [&amp;&gt;ul]:!pt-0 [&amp;&gt;ul]:!pb-0\" value=\"3\">Reduce pofta de m\u00e2ncare \u0219i previne consumul de gust\u0103ri nes\u0103n\u0103toase.<\/li>\n<li class=\"text-body font-regular leading-[24px] my-[5px] [&amp;&gt;ol]:!pt-0 [&amp;&gt;ol]:!pb-0 [&amp;&gt;ul]:!pt-0 [&amp;&gt;ul]:!pb-0\" value=\"4\">Satureaz\u0103 corpul cu proteine esen\u021biale care ofer\u0103 energie \u0219i sus\u021bin masa muscular\u0103.<\/li>\n<li class=\"text-body font-regular leading-[24px] my-[5px] [&amp;&gt;ol]:!pt-0 [&amp;&gt;ol]:!pb-0 [&amp;&gt;ul]:!pt-0 [&amp;&gt;ul]:!pb-0\" value=\"5\">\u00cembun\u0103t\u0103\u021be\u0219te starea general\u0103 de s\u0103n\u0103tate datorit\u0103 ingredientelor naturale.<\/li>\n<\/ul>\n<h2 class=\"font-bold text-h3 leading-[40px] pt-[21px] pb-[2px] [&amp;_a]:underline-offset-[6px] [&amp;_.underline]:underline-offset-[6px]\" dir=\"ltr\">Keto Probiotix prospect, mod de utilizare<\/h2>\n<p class=\"text-body font-regular leading-[24px] pt-[9px] pb-[2px]\" dir=\"ltr\">Pentru a beneficia din plin de efectele sale, este important s\u0103 urma\u021bi indica\u021biile de utilizare ale produsului. Se recomand\u0103 consumul unei c\u0103ni de shake diminea\u021ba, \u00eenainte de micul dejun, \u0219i unei alte c\u0103ni seara. Pur \u0219i simplu dizolva\u021bi pulberea conform indica\u021biilor din prospect \u0219i bucura\u021bi-v\u0103 de aceast\u0103 b\u0103utur\u0103 cu arom\u0103 delicios\u0103 de ciocolat\u0103.<\/p>\n<h2 class=\"font-bold text-h3 leading-[40px] pt-[21px] pb-[2px] [&amp;_a]:underline-offset-[6px] [&amp;_.underline]:underline-offset-[6px]\" dir=\"ltr\">Opinia farmacistului<\/h2>\n<p class=\"text-body font-regular leading-[24px] pt-[9px] pb-[2px]\" dir=\"ltr\">Comentarii ale utilizatorilor din Rom\u00e2nia:<\/p>\n<ol class=\"pt-[9px] pb-[2px] pl-[24px] [&amp;_ol]:pt-[5px] list-decimal\">\n<li class=\"text-body font-regular leading-[24px] my-[5px] [&amp;&gt;ol]:!pt-0 [&amp;&gt;ol]:!pb-0 [&amp;&gt;ul]:!pt-0 [&amp;&gt;ul]:!pb-0\" value=\"1\"><b><strong class=\"font-bold\">Maria P., Bucure\u0219ti:<\/strong><\/b> &#8222;Dup\u0103 utilizarea Keto Probiotix timp de o lun\u0103, am observat o reducere vizibil\u0103 a kilogramelor. \u00cen plus, simt mai mult\u0103 energie ca oric\u00e2nd!&#8221;<\/li>\n<li class=\"text-body font-regular leading-[24px] my-[5px] [&amp;&gt;ol]:!pt-0 [&amp;&gt;ol]:!pb-0 [&amp;&gt;ul]:!pt-0 [&amp;&gt;ul]:!pb-0\" value=\"2\"><b><strong class=\"font-bold\">Ion C., Cluj-Napoca:<\/strong><\/b> &#8222;Func\u021bioneaz\u0103 exact cum este descris. Am renun\u021bat la gust\u0103rile nes\u0103n\u0103toase f\u0103r\u0103 nicio problem\u0103.&#8221;<\/li>\n<li class=\"text-body font-regular leading-[24px] my-[5px] [&amp;&gt;ol]:!pt-0 [&amp;&gt;ol]:!pb-0 [&amp;&gt;ul]:!pt-0 [&amp;&gt;ul]:!pb-0\" value=\"3\"><b><strong class=\"font-bold\">Ana E., Ia\u0219i:<\/strong><\/b> &#8222;Ingredientele naturale \u0219i gustul pl\u0103cut m-au convins s\u0103 includ acest shake \u00een rutina mea zilnic\u0103.&#8221;<\/li>\n<\/ol>\n<h2 class=\"font-bold text-h3 leading-[40px] pt-[21px] pb-[2px] [&amp;_a]:underline-offset-[6px] [&amp;_.underline]:underline-offset-[6px]\" dir=\"ltr\">De unde s\u0103 cumperi Keto Probiotix din farmacie, pre\u021b?<\/h2>\n<p class=\"text-body font-regular leading-[24px] pt-[9px] pb-[2px]\" dir=\"ltr\">Pentru achizi\u021bionarea suplimentului Keto Probiotix, v\u0103 invit\u0103m s\u0103 vizita\u021bi site-ul nostru dedicat. Este simplu:<\/p>\n<ol class=\"pt-[9px] pb-[2px] pl-[24px] [&amp;_ol]:pt-[5px] list-decimal\">\n<li class=\"text-body font-regular leading-[24px] my-[5px] [&amp;&gt;ol]:!pt-0 [&amp;&gt;ol]:!pb-0 [&amp;&gt;ul]:!pt-0 [&amp;&gt;ul]:!pb-0\" value=\"1\">Ap\u0103sa\u021bi butonul &#8222;Cump\u0103r\u0103&#8221; de pe site.<\/li>\n<li class=\"text-body font-regular leading-[24px] my-[5px] [&amp;&gt;ol]:!pt-0 [&amp;&gt;ol]:!pb-0 [&amp;&gt;ul]:!pt-0 [&amp;&gt;ul]:!pb-0\" value=\"2\">Completa\u021bi datele necesare \u00een formularul de comand\u0103.<\/li>\n<li class=\"text-body font-regular leading-[24px] my-[5px] [&amp;&gt;ol]:!pt-0 [&amp;&gt;ol]:!pb-0 [&amp;&gt;ul]:!pt-0 [&amp;&gt;ul]:!pb-0\" value=\"3\">Alege\u021bi metoda preferat\u0103 de livrare \u0219i plat\u0103.<\/li>\n<\/ol>\n<p class=\"text-body font-regular leading-[24px] pt-[9px] pb-[2px]\" dir=\"ltr\"><b><strong class=\"font-bold\">Pre\u021bul actual al produsului este de 159 RON<\/strong><\/b>, iar \u00een prezent beneficia\u021bi de o ofert\u0103 special\u0103 de <b><strong class=\"font-bold\">50% reducere<\/strong><\/b> p\u00e2n\u0103 la epuizarea stocurilor. Livrarea se face \u00een 24-72 de ore prin serviciile de curierat disponibile \u00een Rom\u00e2nia.<\/p>\n<p class=\"text-body font-regular leading-[24px] pt-[9px] pb-[2px]\" dir=\"ltr\">Op\u021biuni de livrare:<\/p>\n<ul class=\"pt-[9px] pb-[2px] pl-[24px] list-disc [&amp;_ul]:pt-[5px] pt-[5px]\">\n<li class=\"text-body font-regular leading-[24px] my-[5px] [&amp;&gt;ol]:!pt-0 [&amp;&gt;ol]:!pb-0 [&amp;&gt;ul]:!pt-0 [&amp;&gt;ul]:!pb-0\" value=\"1\">Livrare prin curier<\/li>\n<li class=\"text-body font-regular leading-[24px] my-[5px] [&amp;&gt;ol]:!pt-0 [&amp;&gt;ol]:!pb-0 [&amp;&gt;ul]:!pt-0 [&amp;&gt;ul]:!pb-0\" value=\"2\">Livrare prin Easybox<\/li>\n<\/ul>\n<h2 class=\"font-bold text-h3 leading-[40px] pt-[21px] pb-[2px] [&amp;_a]:underline-offset-[6px] [&amp;_.underline]:underline-offset-[6px]\" dir=\"ltr\">\u00cel pot cump\u0103ra de la alte farmacii DM, Dr. Max, Catena, Farmacia Tei?<\/h2>\n<p class=\"text-body font-regular leading-[24px] pt-[9px] pb-[2px]\" dir=\"ltr\">\u00cen acest moment, <b><strong class=\"font-bold\">Keto Probiotix nu este disponibil \u00een alte farmacii<\/strong><\/b> din Rom\u00e2nia, cum ar fi Dr. Max, Medifarm, Catena, Farmacia Tei, Sensiblu, Helpnet sau DM. Produsul poate fi achizi\u021bionat exclusiv de pe site-ul nostru oficial, datorit\u0103 unui parteneriat direct cu produc\u0103torul.<\/p>\n<h2 class=\"font-bold text-h3 leading-[40px] pt-[21px] pb-[2px] [&amp;_a]:underline-offset-[6px] [&amp;_.underline]:underline-offset-[6px]\" dir=\"ltr\">Recenzii reale, comentarii, comentarii pe forum<\/h2>\n<p class=\"text-body font-regular leading-[24px] pt-[9px] pb-[2px]\" dir=\"ltr\">Utilizatorii Keto Probiotix \u00ee\u0219i \u00eemp\u0103rt\u0103\u0219esc frecvent experien\u021bele pe forumuri dedicate s\u0103n\u0103t\u0103\u021bii \u0219i pierderii \u00een greutate. Multe persoane laud\u0103 eficien\u021ba produsului, gustul s\u0103u pl\u0103cut \u0219i simplitatea modului de utilizare.<\/p>\n<h2 class=\"font-bold text-h3 leading-[40px] pt-[21px] pb-[2px] [&amp;_a]:underline-offset-[6px] [&amp;_.underline]:underline-offset-[6px]\" dir=\"ltr\">\u00centreb\u0103ri frecvente<\/h2>\n<p class=\"text-body font-regular leading-[24px] pt-[9px] pb-[2px]\" dir=\"ltr\"><b><strong class=\"font-bold\">Cum func\u021bioneaz\u0103 corpuri cetonice produse de Keto Probiotix?<\/strong><\/b><\/p>\n<p class=\"text-body font-regular leading-[24px] pt-[9px] pb-[2px]\" dir=\"ltr\">Corpurile cetonice folosesc gr\u0103simea stocat\u0103 ca surs\u0103 principal\u0103 de energie, promov\u00e2nd astfel arderea gr\u0103similor \u00eentr-un mod natural.<\/p>\n<p class=\"text-body font-regular leading-[24px] pt-[9px] pb-[2px]\" dir=\"ltr\"><b><strong class=\"font-bold\">Pot folosi Keto Probiotix dac\u0103 nu \u021bin diet\u0103 Keto?<\/strong><\/b><\/p>\n<p class=\"text-body font-regular leading-[24px] pt-[9px] pb-[2px]\" dir=\"ltr\">Desigur! Produsul poate fi utilizat de oricine dore\u0219te s\u0103 \u00eembun\u0103t\u0103\u021beasc\u0103 procesul de sl\u0103bire, indiferent de dieta urmat\u0103.<\/p>\n<p class=\"text-body font-regular leading-[24px] pt-[9px] pb-[2px]\" dir=\"ltr\"><b><strong class=\"font-bold\">Este produsul sigur pentru toate v\u00e2rstele?<\/strong><\/b><\/p>\n<p class=\"text-body font-regular leading-[24px] pt-[9px] pb-[2px]\" dir=\"ltr\">Keto Probiotix este formulat din ingrediente naturale, \u00eens\u0103 este indicat s\u0103 consulta\u021bi un medic \u00eenainte de utilizare, \u00een special dac\u0103 ave\u021bi condi\u021bii medicale preexistente.<\/p>\n","protected":false},"excerpt":{"rendered":"<p>Keto Probiotix este un shake inovator cu arom\u0103 de ciocolat\u0103 destinat celor care doresc s\u0103 piard\u0103 \u00een greutate folosind procese [&hellip;]<\/p>\n","protected":false},"featured_media":106,"template":"","meta":{"site-sidebar-layout":"default","site-content-layout":"","ast-site-content-layout":"default","site-content-style":"default","site-sidebar-style":"default","ast-global-header-display":"","ast-banner-title-visibility":"","ast-main-header-display":"","ast-hfb-above-header-display":"","ast-hfb-below-header-display":"","ast-hfb-mobile-header-display":"","site-post-title":"","ast-breadcrumbs-content":"","ast-featured-img":"","footer-sml-layout":"","ast-disable-related-posts":"","theme-transparent-header-meta":"default","adv-header-id-meta":"","stick-header-meta":"","header-above-stick-meta":"","header-main-stick-meta":"","header-below-stick-meta":"","astra-migrate-meta-layouts":"set","ast-page-background-enabled":"default","ast-page-background-meta":{"desktop":{"background-color":"var(--ast-global-color-5)","background-image":"","background-repeat":"repeat","background-position":"center center","background-size":"auto","background-attachment":"scroll","background-type":"","background-media":"","overlay-type":"","overlay-color":"","overlay-opacity":"","overlay-gradient":""},"tablet":{"background-color":"","background-image":"","background-repeat":"repeat","background-position":"center center","background-size":"auto","background-attachment":"scroll","background-type":"","background-media":"","overlay-type":"","overlay-color":"","overlay-opacity":"","overlay-gradient":""},"mobile":{"background-color":"","background-image":"","background-repeat":"repeat","background-position":"center center","background-size":"auto","background-attachment":"scroll","background-type":"","background-media":"","overlay-type":"","overlay-color":"","overlay-opacity":"","overlay-gradient":""}},"ast-content-background-meta":{"desktop":{"background-color":"var(--ast-global-color-4)","background-image":"","background-repeat":"repeat","background-position":"center center","background-size":"auto","background-attachment":"scroll","background-type":"","background-media":"","overlay-type":"","overlay-color":"","overlay-opacity":"","overlay-gradient":""},"tablet":{"background-color":"var(--ast-global-color-4)","background-image":"","background-repeat":"repeat","background-position":"center center","background-size":"auto","background-attachment":"scroll","background-type":"","background-media":"","overlay-type":"","overlay-color":"","overlay-opacity":"","overlay-gradient":""},"mobile":{"background-color":"var(--ast-global-color-4)","background-image":"","background-repeat":"repeat","background-position":"center center","background-size":"auto","background-attachment":"scroll","background-type":"","background-media":"","overlay-type":"","overlay-color":"","overlay-opacity":"","overlay-gradient":""}},"iawp_total_views":199},"product_brand":[],"product_cat":[18],"product_tag":[],"class_list":{"0":"post-105","1":"product","2":"type-product","3":"status-publish","4":"has-post-thumbnail","6":"product_cat-slabire","7":"desktop-align-left","8":"tablet-align-left","9":"mobile-align-left","11":"first","12":"instock","13":"sale","14":"shipping-taxable","15":"purchasable","16":"product-type-simple"},"yoast_head":"<!-- This site is optimized with the Yoast SEO plugin v27.6 - https:\/\/yoast.com\/product\/yoast-seo-wordpress\/ -->\n<title>Keto Probiotix - Suplimente Naturale<\/title>\n<meta name=\"description\" content=\"Keto Probiotix - Cump\u0103ra\u021bi \u00eentr-o farmacie, pre\u021b, compozi\u021bie, efecte, informa\u021bii, opinii \u0219i comentarii reale, chiar func\u021bioneaz\u0103 sau este o \u00een\u0219el\u0103torie\u2753\" \/>\n<meta name=\"robots\" content=\"index, follow, max-snippet:-1, max-image-preview:large, max-video-preview:-1\" \/>\n<link rel=\"canonical\" href=\"https:\/\/policlinica-baiamare.ro\/farmacie\/produs\/keto-probiotix\/\" \/>\n<meta property=\"og:locale\" content=\"ro_RO\" \/>\n<meta property=\"og:type\" content=\"article\" \/>\n<meta property=\"og:title\" content=\"Keto Probiotix - Suplimente Naturale\" \/>\n<meta property=\"og:description\" content=\"Keto Probiotix - Cump\u0103ra\u021bi \u00eentr-o farmacie, pre\u021b, compozi\u021bie, efecte, informa\u021bii, opinii \u0219i comentarii reale, chiar func\u021bioneaz\u0103 sau este o \u00een\u0219el\u0103torie\u2753\" \/>\n<meta property=\"og:url\" content=\"https:\/\/policlinica-baiamare.ro\/farmacie\/produs\/keto-probiotix\/\" \/>\n<meta property=\"og:site_name\" content=\"Suplimente Naturale\" \/>\n<meta property=\"og:image\" content=\"https:\/\/policlinica-baiamare.ro\/farmacie\/wp-content\/uploads\/2025\/01\/keto-probiotix.jpg\" \/>\n\t<meta property=\"og:image:width\" content=\"250\" \/>\n\t<meta property=\"og:image:height\" content=\"300\" \/>\n\t<meta property=\"og:image:type\" content=\"image\/jpeg\" \/>\n<meta name=\"twitter:card\" content=\"summary_large_image\" \/>\n<meta name=\"twitter:label1\" content=\"Timp estimat pentru citire\" \/>\n\t<meta name=\"twitter:data1\" content=\"5 minute\" \/>\n<script type=\"application\/ld+json\" class=\"yoast-schema-graph\">{\"@context\":\"https:\\\/\\\/schema.org\",\"@graph\":[{\"@type\":\"WebPage\",\"@id\":\"https:\\\/\\\/policlinica-baiamare.ro\\\/farmacie\\\/produs\\\/keto-probiotix\\\/\",\"url\":\"https:\\\/\\\/policlinica-baiamare.ro\\\/farmacie\\\/produs\\\/keto-probiotix\\\/\",\"name\":\"Keto Probiotix - Suplimente Naturale\",\"isPartOf\":{\"@id\":\"https:\\\/\\\/policlinica-baiamare.ro\\\/farmacie\\\/#website\"},\"primaryImageOfPage\":{\"@id\":\"https:\\\/\\\/policlinica-baiamare.ro\\\/farmacie\\\/produs\\\/keto-probiotix\\\/#primaryimage\"},\"image\":{\"@id\":\"https:\\\/\\\/policlinica-baiamare.ro\\\/farmacie\\\/produs\\\/keto-probiotix\\\/#primaryimage\"},\"thumbnailUrl\":\"https:\\\/\\\/policlinica-baiamare.ro\\\/farmacie\\\/wp-content\\\/uploads\\\/2025\\\/01\\\/keto-probiotix.jpg\",\"datePublished\":\"2025-01-25T19:06:24+00:00\",\"description\":\"Keto Probiotix - Cump\u0103ra\u021bi \u00eentr-o farmacie, pre\u021b, compozi\u021bie, efecte, informa\u021bii, opinii \u0219i comentarii reale, chiar func\u021bioneaz\u0103 sau este o \u00een\u0219el\u0103torie\u2753\",\"breadcrumb\":{\"@id\":\"https:\\\/\\\/policlinica-baiamare.ro\\\/farmacie\\\/produs\\\/keto-probiotix\\\/#breadcrumb\"},\"inLanguage\":\"ro-RO\",\"potentialAction\":[{\"@type\":\"ReadAction\",\"target\":[\"https:\\\/\\\/policlinica-baiamare.ro\\\/farmacie\\\/produs\\\/keto-probiotix\\\/\"]}]},{\"@type\":\"ImageObject\",\"inLanguage\":\"ro-RO\",\"@id\":\"https:\\\/\\\/policlinica-baiamare.ro\\\/farmacie\\\/produs\\\/keto-probiotix\\\/#primaryimage\",\"url\":\"https:\\\/\\\/policlinica-baiamare.ro\\\/farmacie\\\/wp-content\\\/uploads\\\/2025\\\/01\\\/keto-probiotix.jpg\",\"contentUrl\":\"https:\\\/\\\/policlinica-baiamare.ro\\\/farmacie\\\/wp-content\\\/uploads\\\/2025\\\/01\\\/keto-probiotix.jpg\",\"width\":250,\"height\":300,\"caption\":\"keto probiotix\"},{\"@type\":\"BreadcrumbList\",\"@id\":\"https:\\\/\\\/policlinica-baiamare.ro\\\/farmacie\\\/produs\\\/keto-probiotix\\\/#breadcrumb\",\"itemListElement\":[{\"@type\":\"ListItem\",\"position\":1,\"name\":\"Prima pagin\u0103\",\"item\":\"https:\\\/\\\/policlinica-baiamare.ro\\\/farmacie\\\/\"},{\"@type\":\"ListItem\",\"position\":2,\"name\":\"Produse\",\"item\":\"https:\\\/\\\/policlinica-baiamare.ro\\\/farmacie\\\/\"},{\"@type\":\"ListItem\",\"position\":3,\"name\":\"Keto Probiotix\"}]},{\"@type\":\"WebSite\",\"@id\":\"https:\\\/\\\/policlinica-baiamare.ro\\\/farmacie\\\/#website\",\"url\":\"https:\\\/\\\/policlinica-baiamare.ro\\\/farmacie\\\/\",\"name\":\"Suplimente Naturale\",\"description\":\"\",\"potentialAction\":[{\"@type\":\"SearchAction\",\"target\":{\"@type\":\"EntryPoint\",\"urlTemplate\":\"https:\\\/\\\/policlinica-baiamare.ro\\\/farmacie\\\/?s={search_term_string}\"},\"query-input\":{\"@type\":\"PropertyValueSpecification\",\"valueRequired\":true,\"valueName\":\"search_term_string\"}}],\"inLanguage\":\"ro-RO\"}]}<\/script>\n<!-- \/ Yoast SEO plugin. -->","yoast_head_json":{"title":"Keto Probiotix - Suplimente Naturale","description":"Keto Probiotix - Cump\u0103ra\u021bi \u00eentr-o farmacie, pre\u021b, compozi\u021bie, efecte, informa\u021bii, opinii \u0219i comentarii reale, chiar func\u021bioneaz\u0103 sau este o \u00een\u0219el\u0103torie\u2753","robots":{"index":"index","follow":"follow","max-snippet":"max-snippet:-1","max-image-preview":"max-image-preview:large","max-video-preview":"max-video-preview:-1"},"canonical":"https:\/\/policlinica-baiamare.ro\/farmacie\/produs\/keto-probiotix\/","og_locale":"ro_RO","og_type":"article","og_title":"Keto Probiotix - Suplimente Naturale","og_description":"Keto Probiotix - Cump\u0103ra\u021bi \u00eentr-o farmacie, pre\u021b, compozi\u021bie, efecte, informa\u021bii, opinii \u0219i comentarii reale, chiar func\u021bioneaz\u0103 sau este o \u00een\u0219el\u0103torie\u2753","og_url":"https:\/\/policlinica-baiamare.ro\/farmacie\/produs\/keto-probiotix\/","og_site_name":"Suplimente Naturale","og_image":[{"width":250,"height":300,"url":"https:\/\/policlinica-baiamare.ro\/farmacie\/wp-content\/uploads\/2025\/01\/keto-probiotix.jpg","type":"image\/jpeg"}],"twitter_card":"summary_large_image","twitter_misc":{"Timp estimat pentru citire":"5 minute"},"schema":{"@context":"https:\/\/schema.org","@graph":[{"@type":"WebPage","@id":"https:\/\/policlinica-baiamare.ro\/farmacie\/produs\/keto-probiotix\/","url":"https:\/\/policlinica-baiamare.ro\/farmacie\/produs\/keto-probiotix\/","name":"Keto Probiotix - Suplimente Naturale","isPartOf":{"@id":"https:\/\/policlinica-baiamare.ro\/farmacie\/#website"},"primaryImageOfPage":{"@id":"https:\/\/policlinica-baiamare.ro\/farmacie\/produs\/keto-probiotix\/#primaryimage"},"image":{"@id":"https:\/\/policlinica-baiamare.ro\/farmacie\/produs\/keto-probiotix\/#primaryimage"},"thumbnailUrl":"https:\/\/policlinica-baiamare.ro\/farmacie\/wp-content\/uploads\/2025\/01\/keto-probiotix.jpg","datePublished":"2025-01-25T19:06:24+00:00","description":"Keto Probiotix - Cump\u0103ra\u021bi \u00eentr-o farmacie, pre\u021b, compozi\u021bie, efecte, informa\u021bii, opinii \u0219i comentarii reale, chiar func\u021bioneaz\u0103 sau este o \u00een\u0219el\u0103torie\u2753","breadcrumb":{"@id":"https:\/\/policlinica-baiamare.ro\/farmacie\/produs\/keto-probiotix\/#breadcrumb"},"inLanguage":"ro-RO","potentialAction":[{"@type":"ReadAction","target":["https:\/\/policlinica-baiamare.ro\/farmacie\/produs\/keto-probiotix\/"]}]},{"@type":"ImageObject","inLanguage":"ro-RO","@id":"https:\/\/policlinica-baiamare.ro\/farmacie\/produs\/keto-probiotix\/#primaryimage","url":"https:\/\/policlinica-baiamare.ro\/farmacie\/wp-content\/uploads\/2025\/01\/keto-probiotix.jpg","contentUrl":"https:\/\/policlinica-baiamare.ro\/farmacie\/wp-content\/uploads\/2025\/01\/keto-probiotix.jpg","width":250,"height":300,"caption":"keto probiotix"},{"@type":"BreadcrumbList","@id":"https:\/\/policlinica-baiamare.ro\/farmacie\/produs\/keto-probiotix\/#breadcrumb","itemListElement":[{"@type":"ListItem","position":1,"name":"Prima pagin\u0103","item":"https:\/\/policlinica-baiamare.ro\/farmacie\/"},{"@type":"ListItem","position":2,"name":"Produse","item":"https:\/\/policlinica-baiamare.ro\/farmacie\/"},{"@type":"ListItem","position":3,"name":"Keto Probiotix"}]},{"@type":"WebSite","@id":"https:\/\/policlinica-baiamare.ro\/farmacie\/#website","url":"https:\/\/policlinica-baiamare.ro\/farmacie\/","name":"Suplimente Naturale","description":"","potentialAction":[{"@type":"SearchAction","target":{"@type":"EntryPoint","urlTemplate":"https:\/\/policlinica-baiamare.ro\/farmacie\/?s={search_term_string}"},"query-input":{"@type":"PropertyValueSpecification","valueRequired":true,"valueName":"search_term_string"}}],"inLanguage":"ro-RO"}]}},"_links":{"self":[{"href":"https:\/\/policlinica-baiamare.ro\/farmacie\/wp-json\/wp\/v2\/product\/105","targetHints":{"allow":["GET"]}}],"collection":[{"href":"https:\/\/policlinica-baiamare.ro\/farmacie\/wp-json\/wp\/v2\/product"}],"about":[{"href":"https:\/\/policlinica-baiamare.ro\/farmacie\/wp-json\/wp\/v2\/types\/product"}],"wp:featuredmedia":[{"embeddable":true,"href":"https:\/\/policlinica-baiamare.ro\/farmacie\/wp-json\/wp\/v2\/media\/106"}],"wp:attachment":[{"href":"https:\/\/policlinica-baiamare.ro\/farmacie\/wp-json\/wp\/v2\/media?parent=105"}],"wp:term":[{"taxonomy":"product_brand","embeddable":true,"href":"https:\/\/policlinica-baiamare.ro\/farmacie\/wp-json\/wp\/v2\/product_brand?post=105"},{"taxonomy":"product_cat","embeddable":true,"href":"https:\/\/policlinica-baiamare.ro\/farmacie\/wp-json\/wp\/v2\/product_cat?post=105"},{"taxonomy":"product_tag","embeddable":true,"href":"https:\/\/policlinica-baiamare.ro\/farmacie\/wp-json\/wp\/v2\/product_tag?post=105"}],"curies":[{"name":"wp","href":"https:\/\/api.w.org\/{rel}","templated":true}]}}